{"id":76122,"date":"2025-07-11T15:38:46","date_gmt":"2025-07-11T12:38:46","guid":{"rendered":"https:\/\/demo8.ecube.lv\/sezona.lv\/products\/banax-armis-500\/"},"modified":"2025-07-14T14:46:23","modified_gmt":"2025-07-14T11:46:23","slug":"banax-armis-500","status":"publish","type":"product","link":"https:\/\/sezona.lv\/en\/products\/banax-armis-500\/","title":{"rendered":"BANAX Armis 500"},"content":{"rendered":"<p>BANAX Armis 500 ir multiplikatora spole, kurai m\u016bsdienu dizains,  lieliska un viegla gaita, \u013coti iztur\u012bga pie liel\u0101m slodz\u0113m,  galvenais,  kasetes piebremz\u0113&scaron;anas meh\u0101niska sist\u0113ma uz centrb\u0113dzes  atsvaru-balansieru r\u0113\u0137ina.<\/p>\n<ul>\n<li>gult\u0146i: 6<\/li>\n<li>p\u0101rnesums: 5.1:1<\/li>\n<li>svars: 215 g <\/li>\n<\/ul>\n<p>&nbsp;<\/p>\n","protected":false},"excerpt":{"rendered":"<p>BANAX Armis 500 ir multiplikatora spole, kurai m\u016bsdienu dizains, lieliska un viegla gaita, \u013coti iztur\u012bga pie liel\u0101m slodz\u0113m, galvenais, kasetes piebremz\u0113&scaron;anas meh\u0101niska sist\u0113ma uz centrb\u0113dzes atsvaru-balansieru r\u0113\u0137ina. gult\u0146i: 6 p\u0101rnesums: 5.1:1 svars: 215 g &nbsp;<\/p>\n","protected":false},"featured_media":0,"template":"","meta":[],"product_brand":[],"product_cat":[4538,4542],"product_tag":[],"class_list":{"0":"post-76122","1":"product","2":"type-product","3":"status-publish","5":"product_cat-fishing-equipment-recreation","6":"product_cat-baitcasting-reels-reels-fishing-equipment-recreation","8":"first","9":"instock","10":"shipping-taxable","11":"purchasable","12":"product-type-simple"},"_links":{"self":[{"href":"https:\/\/sezona.lv\/en\/wp-json\/wp\/v2\/product\/76122","targetHints":{"allow":["GET"]}}],"collection":[{"href":"https:\/\/sezona.lv\/en\/wp-json\/wp\/v2\/product"}],"about":[{"href":"https:\/\/sezona.lv\/en\/wp-json\/wp\/v2\/types\/product"}],"wp:attachment":[{"href":"https:\/\/sezona.lv\/en\/wp-json\/wp\/v2\/media?parent=76122"}],"wp:term":[{"taxonomy":"product_brand","embeddable":true,"href":"https:\/\/sezona.lv\/en\/wp-json\/wp\/v2\/product_brand?post=76122"},{"taxonomy":"product_cat","embeddable":true,"href":"https:\/\/sezona.lv\/en\/wp-json\/wp\/v2\/product_cat?post=76122"},{"taxonomy":"product_tag","embeddable":true,"href":"https:\/\/sezona.lv\/en\/wp-json\/wp\/v2\/product_tag?post=76122"}],"curies":[{"name":"wp","href":"https:\/\/api.w.org\/{rel}","templated":true}]}}