{"id":76125,"date":"2025-07-11T15:38:48","date_gmt":"2025-07-11T12:38:48","guid":{"rendered":"https:\/\/demo8.ecube.lv\/sezona.lv\/products\/banax-starion-400\/"},"modified":"2025-07-14T14:46:26","modified_gmt":"2025-07-14T11:46:26","slug":"banax-starion-400","status":"publish","type":"product","link":"https:\/\/sezona.lv\/en\/products\/banax-starion-400\/","title":{"rendered":"BANAX Starion 400"},"content":{"rendered":"<p>Jaun\u0101k\u0101 bremz\u0113&scaron;anas sist\u0113ma ar centrb\u0113dzes kravu pal\u012bdz\u012bbu, kas ir  novietota tie&scaron;i uz kasetes un veido ar vi\u0146u vienu veselu, ne&scaron;aub\u012bgi,  Starion multiplikatoru galven\u0101 konstrukt\u012bv\u0101 \u012bpatn\u012bba. Tie&scaron;i t\u0101ds  tehnisks l\u0113mums l\u012bdz maksimumam vienk\u0101r&scaron;o spoles regul\u0113&scaron;anu priek&scaron;  jebk\u0101da m\u0101nek\u013cu svara. Tagad &scaron;im m\u0113r\u0137im var ar vienu kust\u012bbu, lai  iesaist\u012btu 2, 4, 6 vai 8 centrb\u0113dzes atsvarus. Var pan\u0101kt tik smalku  regul\u0113&scaron;anu, ka uzreiz p\u0113c m\u0101nek\u013ci piezem\u0113&scaron;an\u0101s kasetes grie&scaron;ana  izbeigsies un var \u0137erties pie mak&scaron;\u0137erauklas spol\u0113&scaron;anas bez baile\u012bm ka uz  spoles var rasties p\u0101rskr\u0113jieni vai &#8220;b\u0101rdas&#8221; efekts. Vij\u012bga, samtaina  gaita, br\u012bni&scaron;\u0137\u012bgas sp\u0113ku iesp\u0113jas, t\u0101la t\u0113m\u0113k\u013cu aizme&scaron;ana &#8211; tas ir  Starion. T\u0101 k\u0101 zveja ar  t\u0101du instrumentu ir viena bauda.<\/p>\n<ul>\n<li>ietilp\u012bba: 0.40mm\/200m<\/li>\n<li>p\u0101rnesums: 5.1:1<\/li>\n<li>gult\u0146i: 4+1<\/li>\n<li>svars: 340 g.<\/li>\n<\/ul>\n","protected":false},"excerpt":{"rendered":"<p>Jaun\u0101k\u0101 bremz\u0113&scaron;anas sist\u0113ma ar centrb\u0113dzes kravu pal\u012bdz\u012bbu, kas ir novietota tie&scaron;i uz kasetes un veido ar vi\u0146u vienu veselu, ne&scaron;aub\u012bgi, Starion multiplikatoru galven\u0101 konstrukt\u012bv\u0101 \u012bpatn\u012bba. Tie&scaron;i t\u0101ds tehnisks l\u0113mums l\u012bdz maksimumam vienk\u0101r&scaron;o spoles regul\u0113&scaron;anu priek&scaron; jebk\u0101da m\u0101nek\u013cu svara. Tagad &scaron;im m\u0113r\u0137im var ar vienu kust\u012bbu, lai iesaist\u012btu 2, 4, 6 vai 8 centrb\u0113dzes atsvarus. Var [&hellip;]<\/p>\n","protected":false},"featured_media":0,"template":"","meta":[],"product_brand":[],"product_cat":[4538,4539,4542],"product_tag":[],"class_list":{"0":"post-76125","1":"product","2":"type-product","3":"status-publish","5":"product_cat-fishing-equipment-recreation","6":"product_cat-reels-fishing-equipment-recreation","7":"product_cat-baitcasting-reels-reels-fishing-equipment-recreation","9":"first","10":"instock","11":"shipping-taxable","12":"purchasable","13":"product-type-simple"},"_links":{"self":[{"href":"https:\/\/sezona.lv\/en\/wp-json\/wp\/v2\/product\/76125","targetHints":{"allow":["GET"]}}],"collection":[{"href":"https:\/\/sezona.lv\/en\/wp-json\/wp\/v2\/product"}],"about":[{"href":"https:\/\/sezona.lv\/en\/wp-json\/wp\/v2\/types\/product"}],"wp:attachment":[{"href":"https:\/\/sezona.lv\/en\/wp-json\/wp\/v2\/media?parent=76125"}],"wp:term":[{"taxonomy":"product_brand","embeddable":true,"href":"https:\/\/sezona.lv\/en\/wp-json\/wp\/v2\/product_brand?post=76125"},{"taxonomy":"product_cat","embeddable":true,"href":"https:\/\/sezona.lv\/en\/wp-json\/wp\/v2\/product_cat?post=76125"},{"taxonomy":"product_tag","embeddable":true,"href":"https:\/\/sezona.lv\/en\/wp-json\/wp\/v2\/product_tag?post=76125"}],"curies":[{"name":"wp","href":"https:\/\/api.w.org\/{rel}","templated":true}]}}