{"id":76128,"date":"2025-07-11T15:38:54","date_gmt":"2025-07-11T12:38:54","guid":{"rendered":"https:\/\/demo8.ecube.lv\/sezona.lv\/products\/sigma-rc-14-11-pulsometrs-peleks-21410\/"},"modified":"2025-07-14T14:46:29","modified_gmt":"2025-07-14T11:46:29","slug":"sigma-rc-14-11-pulsometrs-peleks-21410","status":"publish","type":"product","link":"https:\/\/sezona.lv\/en\/products\/sigma-rc-14-11-pulsometrs-peleks-21410\/","title":{"rendered":"Sigma RC 14.11 pulsometrs, pel\u0113ks (21410)"},"content":{"rendered":"<p>Lielisks sporta pulkstenis skrie&scaron;ans sportam. Taj\u0101 iesp\u0113jams saglab\u0101t l\u012bdz pat 99 ap\u013cu laikiem. Ar RC14.11 iesp\u0113jams \u0113rti p\u0101rskat\u012bt ap\u013cu rezult\u0101tus izmantojot EasyLap funkciju pulksten\u012b, vai pateicoties 90h lielajai atmi\u0146ai, uz datora.<\/p>\n<div>\n<div>\n<p><span>Papildus iesp\u0113jams nolas\u012bt ar\u012b t\u0101dus datus k\u0101 \u0101trumu, distanci, un pulsu. To visu fiks\u0113 R3 Comfortex+ sensors kr\u016b&scaron;u jost\u0101. Komplekt\u0101 iek\u013cauta ar\u012b datu stacija, kas nodro&scaron;ina pulkste\u0146a datu kop\u0113&scaron;anu uz PC vai MAC datoru. K\u0101 ar\u012b izstal\u0101cijas disks ar programmat\u016bru.<\/span><\/p>\n<ul>\n<li>EKG prec\u012bzit\u0101te<\/li>\n<li>Pa&scaron;reiz\u0113jo, vid\u0113jo un maksim\u0101l\u0101 pulsa r\u0101dijumi<\/li>\n<li>Patreiz\u0113jais, vid\u0113jais un maksim\u0101lais \u0101trums<\/li>\n<li>Att\u0101lums, km<\/li>\n<li>Pa&scaron;reiz\u0113jais un vid\u0113j\u0101 \u0101truma sal\u012bdzin\u0101jums<\/li>\n<li>Ap\u013cu skait\u012bt\u0101js (99 ap\u013ci)<\/li>\n<li>Autom\u0101tisk\u0101 treni\u0146u zonas funkcija, lai apr\u0113\u0137in\u0101tu individu\u0101l\u0101s treni\u0146u zonas<\/li>\n<li>treni\u0146u re\u017e\u012bms ar 1 programm\u0113jamu HR zonu<\/li>\n<li>kaloriju skait\u012bt\u0101js<\/li>\n<li>Ska\u0146as un vizu\u0101l\u0101 zonu indik\u0101cija<\/li>\n<li>Komplekt\u0101 datu stacija un SIGMA DATA CENTER programmat\u016bra<\/li>\n<li>PC interfeiss<\/li>\n<li>ON \/ OFF bateriju nodal\u012bjums<\/li>\n<li>Zemas uzl\u0101des l\u012bme\u0146a indikators (pulkstenim un raid\u012bt\u0101jam)<\/li>\n<li>ekr\u0101na apgaismojums<\/li>\n<li>Pilna teksta displejs ar 5 pieejamaj\u0101m valod\u0101m<\/li>\n<li>\u016bdensiztur\u012bgs&nbsp;<\/li>\n<\/ul>\n<p>&nbsp;<\/p>\n<\/p>\n<\/div>\n<p>&nbsp;<\/p>\n<\/div>\n<p>&nbsp;<\/p>\n<div>\n<ul>\n<\/ul>\n<\/div>\n","protected":false},"excerpt":{"rendered":"<p>Lielisks sporta pulkstenis skrie&scaron;ans sportam. Taj\u0101 iesp\u0113jams saglab\u0101t l\u012bdz pat 99 ap\u013cu laikiem. Ar RC14.11 iesp\u0113jams \u0113rti p\u0101rskat\u012bt ap\u013cu rezult\u0101tus izmantojot EasyLap funkciju pulksten\u012b, vai pateicoties 90h lielajai atmi\u0146ai, uz datora. Papildus iesp\u0113jams nolas\u012bt ar\u012b t\u0101dus datus k\u0101 \u0101trumu, distanci, un pulsu. To visu fiks\u0113 R3 Comfortex+ sensors kr\u016b&scaron;u jost\u0101. Komplekt\u0101 iek\u013cauta ar\u012b datu stacija, [&hellip;]<\/p>\n","protected":false},"featured_media":0,"template":"","meta":[],"product_brand":[],"product_cat":[4622,4762],"product_tag":[],"class_list":{"0":"post-76128","1":"product","2":"type-product","3":"status-publish","5":"product_cat-watches-heart-rate-monitors-navigation-watches-radios","6":"product_cat-sigma-2-watches-heart-rate-monitors-navigation-watches-radios","8":"first","9":"instock","10":"shipping-taxable","11":"purchasable","12":"product-type-simple"},"_links":{"self":[{"href":"https:\/\/sezona.lv\/en\/wp-json\/wp\/v2\/product\/76128","targetHints":{"allow":["GET"]}}],"collection":[{"href":"https:\/\/sezona.lv\/en\/wp-json\/wp\/v2\/product"}],"about":[{"href":"https:\/\/sezona.lv\/en\/wp-json\/wp\/v2\/types\/product"}],"wp:attachment":[{"href":"https:\/\/sezona.lv\/en\/wp-json\/wp\/v2\/media?parent=76128"}],"wp:term":[{"taxonomy":"product_brand","embeddable":true,"href":"https:\/\/sezona.lv\/en\/wp-json\/wp\/v2\/product_brand?post=76128"},{"taxonomy":"product_cat","embeddable":true,"href":"https:\/\/sezona.lv\/en\/wp-json\/wp\/v2\/product_cat?post=76128"},{"taxonomy":"product_tag","embeddable":true,"href":"https:\/\/sezona.lv\/en\/wp-json\/wp\/v2\/product_tag?post=76128"}],"curies":[{"name":"wp","href":"https:\/\/api.w.org\/{rel}","templated":true}]}}