{"id":76132,"date":"2025-07-14T14:46:32","date_gmt":"2025-07-14T11:46:32","guid":{"rendered":"https:\/\/demo8.ecube.lv\/sezona.lv\/products\/davanu-karte-50eur-vertiba\/"},"modified":"2025-07-14T14:46:32","modified_gmt":"2025-07-14T11:46:32","slug":"davanu-karte-50eur-vertiba","status":"publish","type":"product","link":"https:\/\/sezona.lv\/en\/products\/davanu-karte-50eur-vertiba\/","title":{"rendered":"D\u0101vanu karte 50EUR v\u0113rt\u012bb\u0101"},"content":{"rendered":"<p>Iepriecini savus m\u012b\u013cos, radus, draugus ar sezona.lv d\u0101vanu karti!<br \/>&#8211; ar &scaron;o d\u0101vanu karti ir iesp\u0113jams iepirkties interneta veikal\u0101 www.sezona.lv;<br \/>&#8211; var nopirkt jebkuru preci, kas ir izlikta p\u0101rdo&scaron;an\u0101 un uz konkr\u0113to br\u012bdi ir pieejama www.sezona.lv;<br \/>&#8211; ja prece, kuru v\u0113laties nopirkt ar d\u0101vanu karti ir d\u0101rg\u0101ka par d\u0101vanu kart\u0113 nor\u0101d\u012bto summu, ir iesp\u0113jams piemaks\u0101t tr\u016bksto&scaron;o naudas summu kl\u0101t skaidr\u0101 naud\u0101 vai ar p\u0101rskait\u012bjumu un ieg\u0101d\u0101ties sev v\u0113lamo preci;<br \/>&#8211; d\u0101vanas kartes der\u012bguma termi\u0146&scaron; ir 3 (tr\u012bs) m\u0113ne&scaron;i no izdo&scaron;anas br\u012b\u017ea<\/p>\n","protected":false},"excerpt":{"rendered":"<p>Iepriecini savus m\u012b\u013cos, radus, draugus ar sezona.lv d\u0101vanu karti!&#8211; ar &scaron;o d\u0101vanu karti ir iesp\u0113jams iepirkties interneta veikal\u0101 www.sezona.lv;&#8211; var nopirkt jebkuru preci, kas ir izlikta p\u0101rdo&scaron;an\u0101 un uz konkr\u0113to br\u012bdi ir pieejama www.sezona.lv;&#8211; ja prece, kuru v\u0113laties nopirkt ar d\u0101vanu karti ir d\u0101rg\u0101ka par d\u0101vanu kart\u0113 nor\u0101d\u012bto summu, ir iesp\u0113jams piemaks\u0101t tr\u016bksto&scaron;o naudas summu [&hellip;]<\/p>\n","protected":false},"featured_media":0,"template":"","meta":[],"product_brand":[],"product_cat":[4665],"product_tag":[],"class_list":{"0":"post-76132","1":"product","2":"type-product","3":"status-publish","5":"product_cat-gift-cards-recreation","7":"first","8":"instock","9":"shipping-taxable","10":"purchasable","11":"product-type-simple"},"_links":{"self":[{"href":"https:\/\/sezona.lv\/en\/wp-json\/wp\/v2\/product\/76132","targetHints":{"allow":["GET"]}}],"collection":[{"href":"https:\/\/sezona.lv\/en\/wp-json\/wp\/v2\/product"}],"about":[{"href":"https:\/\/sezona.lv\/en\/wp-json\/wp\/v2\/types\/product"}],"wp:attachment":[{"href":"https:\/\/sezona.lv\/en\/wp-json\/wp\/v2\/media?parent=76132"}],"wp:term":[{"taxonomy":"product_brand","embeddable":true,"href":"https:\/\/sezona.lv\/en\/wp-json\/wp\/v2\/product_brand?post=76132"},{"taxonomy":"product_cat","embeddable":true,"href":"https:\/\/sezona.lv\/en\/wp-json\/wp\/v2\/product_cat?post=76132"},{"taxonomy":"product_tag","embeddable":true,"href":"https:\/\/sezona.lv\/en\/wp-json\/wp\/v2\/product_tag?post=76132"}],"curies":[{"name":"wp","href":"https:\/\/api.w.org\/{rel}","templated":true}]}}