{"id":76136,"date":"2025-07-11T15:39:01","date_gmt":"2025-07-11T12:39:01","guid":{"rendered":"https:\/\/demo8.ecube.lv\/sezona.lv\/products\/glabsanas-veste-norfin-70-90-kg\/"},"modified":"2025-07-14T14:46:37","modified_gmt":"2025-07-14T11:46:37","slug":"glabsanas-veste-norfin-70-90-kg","status":"publish","type":"product","link":"https:\/\/sezona.lv\/en\/products\/glabsanas-veste-norfin-70-90-kg\/","title":{"rendered":"Gl\u0101b\u0161anas veste Norfin 70-90 kg"},"content":{"rendered":"<ul>\n<li><span id=\"saturosss\">Priek&scaron;pus\u0113 r\u0101v\u0113jsl\u0113dz\u0113js<\/span><\/li>\n<\/ul>\n<ul>\n<li><span id=\"saturosss\"> Liela apkakle<br \/> <\/span><\/li>\n<\/ul>\n<ul>\n<li><span id=\"saturosss\"> Svilpe<\/span><\/li>\n<\/ul>\n<ul>\n<li><span id=\"saturosss\">Josta ar sl\u0113dzi Nexus<\/span><\/li>\n<\/ul>\n<ul>\n<li><span id=\"saturosss\"> Gaismu atstarojo&scaron;as uz&scaron;uves<\/span><\/li>\n<\/ul>\n<p>Veste paredz\u0113ta 70-90 kg smag\u0101m person\u0101m<\/p>\n","protected":false},"excerpt":{"rendered":"<p>Priek&scaron;pus\u0113 r\u0101v\u0113jsl\u0113dz\u0113js Liela apkakle Svilpe Josta ar sl\u0113dzi Nexus Gaismu atstarojo&scaron;as uz&scaron;uves Veste paredz\u0113ta 70-90 kg smag\u0101m person\u0101m<\/p>\n","protected":false},"featured_media":0,"template":"","meta":[],"product_brand":[],"product_cat":[4557,4784],"product_tag":[],"class_list":{"0":"post-76136","1":"product","2":"type-product","3":"status-publish","5":"product_cat-boats-recreation","6":"product_cat-lifejackets-boats-recreation","8":"first","9":"instock","10":"shipping-taxable","11":"purchasable","12":"product-type-simple"},"_links":{"self":[{"href":"https:\/\/sezona.lv\/en\/wp-json\/wp\/v2\/product\/76136","targetHints":{"allow":["GET"]}}],"collection":[{"href":"https:\/\/sezona.lv\/en\/wp-json\/wp\/v2\/product"}],"about":[{"href":"https:\/\/sezona.lv\/en\/wp-json\/wp\/v2\/types\/product"}],"wp:attachment":[{"href":"https:\/\/sezona.lv\/en\/wp-json\/wp\/v2\/media?parent=76136"}],"wp:term":[{"taxonomy":"product_brand","embeddable":true,"href":"https:\/\/sezona.lv\/en\/wp-json\/wp\/v2\/product_brand?post=76136"},{"taxonomy":"product_cat","embeddable":true,"href":"https:\/\/sezona.lv\/en\/wp-json\/wp\/v2\/product_cat?post=76136"},{"taxonomy":"product_tag","embeddable":true,"href":"https:\/\/sezona.lv\/en\/wp-json\/wp\/v2\/product_tag?post=76136"}],"curies":[{"name":"wp","href":"https:\/\/api.w.org\/{rel}","templated":true}]}}