{"id":76137,"date":"2025-07-14T14:46:38","date_gmt":"2025-07-14T11:46:38","guid":{"rendered":"https:\/\/demo8.ecube.lv\/sezona.lv\/products\/automatiska-glabsanas-veste-50na-40\/"},"modified":"2025-07-14T14:46:38","modified_gmt":"2025-07-14T11:46:38","slug":"automatiska-glabsanas-veste-50na-40","status":"publish","type":"product","link":"https:\/\/sezona.lv\/en\/products\/automatiska-glabsanas-veste-50na-40\/","title":{"rendered":"Autom\u0101tisk\u0101 gl\u0101b\u0161anas veste 50NA-40"},"content":{"rendered":"<ul>\n<li><span id=\"saturosss\"> Autom\u0101tiska gl\u0101b&scaron;anas veste<br \/> <\/span><\/li>\n<\/ul>\n<ul>\n<li><span id=\"saturosss\"> Atveras, cilv\u0113kam iekr\u012btot \u016bden\u012b<br \/> <\/span><\/li>\n<\/ul>\n<ul>\n<li><span id=\"saturosss\"> Josta sastiprin\u0101&scaron;anai apak&scaron;\u0101<\/span><\/li>\n<\/ul>\n<ul>\n<li><span id=\"saturosss\">Savelkama josta<br \/> <\/span><\/li>\n<\/ul>\n<ul>\n<li>Balons ar CO2, g\u0101zes balona svars &ndash; 33 g (iesp\u0113jams ieg\u0101d\u0101ties ar\u012b rezerves balonu)<\/li>\n<\/ul>\n<ul>\n<li> <span id=\"saturosss\">Paredz\u0113ta 40+ kg<\/span><\/li>\n<\/ul>\n","protected":false},"excerpt":{"rendered":"<p>Autom\u0101tiska gl\u0101b&scaron;anas veste Atveras, cilv\u0113kam iekr\u012btot \u016bden\u012b Josta sastiprin\u0101&scaron;anai apak&scaron;\u0101 Savelkama josta Balons ar CO2, g\u0101zes balona svars &ndash; 33 g (iesp\u0113jams ieg\u0101d\u0101ties ar\u012b rezerves balonu) Paredz\u0113ta 40+ kg<\/p>\n","protected":false},"featured_media":0,"template":"","meta":[],"product_brand":[],"product_cat":[4557,4640,4784],"product_tag":[],"class_list":{"0":"post-76137","1":"product","2":"type-product","3":"status-publish","5":"product_cat-boats-recreation","6":"product_cat-recreation","7":"product_cat-lifejackets-boats-recreation","9":"first","10":"instock","11":"shipping-taxable","12":"purchasable","13":"product-type-simple"},"_links":{"self":[{"href":"https:\/\/sezona.lv\/en\/wp-json\/wp\/v2\/product\/76137","targetHints":{"allow":["GET"]}}],"collection":[{"href":"https:\/\/sezona.lv\/en\/wp-json\/wp\/v2\/product"}],"about":[{"href":"https:\/\/sezona.lv\/en\/wp-json\/wp\/v2\/types\/product"}],"wp:attachment":[{"href":"https:\/\/sezona.lv\/en\/wp-json\/wp\/v2\/media?parent=76137"}],"wp:term":[{"taxonomy":"product_brand","embeddable":true,"href":"https:\/\/sezona.lv\/en\/wp-json\/wp\/v2\/product_brand?post=76137"},{"taxonomy":"product_cat","embeddable":true,"href":"https:\/\/sezona.lv\/en\/wp-json\/wp\/v2\/product_cat?post=76137"},{"taxonomy":"product_tag","embeddable":true,"href":"https:\/\/sezona.lv\/en\/wp-json\/wp\/v2\/product_tag?post=76137"}],"curies":[{"name":"wp","href":"https:\/\/api.w.org\/{rel}","templated":true}]}}