{"id":76138,"date":"2025-07-11T15:39:05","date_gmt":"2025-07-11T12:39:05","guid":{"rendered":"https:\/\/demo8.ecube.lv\/sezona.lv\/products\/salmo-bikses-xxxl\/"},"modified":"2025-07-14T14:46:39","modified_gmt":"2025-07-14T11:46:39","slug":"salmo-bikses-xxxl","status":"publish","type":"product","link":"https:\/\/sezona.lv\/en\/products\/salmo-bikses-xxxl\/","title":{"rendered":"Salmo bikses XXXL"},"content":{"rendered":"<p><span id=\"result_box\" lang=\"lv\"><span class=\"hps\">Vieglas<\/span> <span class=\"hps\">vasaras<\/span> <span class=\"hps\">bikses<\/span><span>. <\/span><span>Materi\u0101la<\/span> <span class=\"hps\">strukt\u016bra<\/span> <span class=\"hps\">\u013cauj iztvaikot<\/span> <span class=\"hps\">liekajam mitrumam<\/span><span>,<\/span> <span class=\"hps\">dodot<\/span> <span class=\"hps\">\u0137ermenim<\/span> <span class=\"hps\">papildus<\/span> <span class=\"hps\">v\u0113sumu<\/span><span>.<\/span><br \/><\/span><\/p>\n<ul>\n<li><span id=\"result_box\" lang=\"lv\">&nbsp; <span class=\"hps\">\u0112rts<\/span> <span class=\"hps\">materi\u0101ls<\/span> <span class=\"hps\">karst\u0101 laik\u0101<\/span><\/span><\/li>\n<li><span id=\"result_box\" lang=\"lv\">&nbsp; <span class=\"hps\">\u0100tri \u017e\u016bsto&scaron;s<\/span> <span class=\"hps\">materi\u0101ls<\/span><\/span><\/li>\n<li><span id=\"result_box\" lang=\"lv\">&nbsp; <span class=\"hps\">Piecas<\/span> da\u017e\u0101da lieluma <span class=\"hps\">kabatas<\/span><\/span><\/li>\n<li><span id=\"result_box\" lang=\"lv\">&nbsp; <span class=\"hps\">\u0112rta,<\/span> <span class=\"hps\">elast\u012bga<\/span> <span class=\"hps\">jostasvieta<\/span><\/span><\/li>\n<li><span id=\"result_box\" lang=\"lv\">&nbsp; <span class=\"hps\">Bik&scaron;u apa&scaron;\u0113jo da\u013cu var uzloc\u012bt un nostiprin\u0101t<br \/> <\/span><\/span><\/li>\n<li><span id=\"result_box\" lang=\"lv\">&nbsp; <span class=\"hps\">Materi\u0101ls<\/span><span>:<\/span> <span class=\"hps\">100<\/span><span>% neilons<\/span> <\/span><\/li>\n<\/ul>\n","protected":false},"excerpt":{"rendered":"<p>Vieglas vasaras bikses. Materi\u0101la strukt\u016bra \u013cauj iztvaikot liekajam mitrumam, dodot \u0137ermenim papildus v\u0113sumu. &nbsp; \u0112rts materi\u0101ls karst\u0101 laik\u0101 &nbsp; \u0100tri \u017e\u016bsto&scaron;s materi\u0101ls &nbsp; Piecas da\u017e\u0101da lieluma kabatas &nbsp; \u0112rta, elast\u012bga jostasvieta &nbsp; Bik&scaron;u apa&scaron;\u0113jo da\u013cu var uzloc\u012bt un nostiprin\u0101t &nbsp; Materi\u0101ls: 100% neilons<\/p>\n","protected":false},"featured_media":0,"template":"","meta":[],"product_brand":[894],"product_cat":[4538,4559,4560],"product_tag":[],"class_list":{"0":"post-76138","1":"product","2":"type-product","3":"status-publish","5":"product_brand-salmo","6":"product_cat-fishing-equipment-recreation","7":"product_cat-equipment-fishing-equipment-recreation","8":"product_cat-clothes-equipment-fishing-equipment-recreation","10":"first","11":"instock","12":"shipping-taxable","13":"purchasable","14":"product-type-simple"},"_links":{"self":[{"href":"https:\/\/sezona.lv\/en\/wp-json\/wp\/v2\/product\/76138","targetHints":{"allow":["GET"]}}],"collection":[{"href":"https:\/\/sezona.lv\/en\/wp-json\/wp\/v2\/product"}],"about":[{"href":"https:\/\/sezona.lv\/en\/wp-json\/wp\/v2\/types\/product"}],"wp:attachment":[{"href":"https:\/\/sezona.lv\/en\/wp-json\/wp\/v2\/media?parent=76138"}],"wp:term":[{"taxonomy":"product_brand","embeddable":true,"href":"https:\/\/sezona.lv\/en\/wp-json\/wp\/v2\/product_brand?post=76138"},{"taxonomy":"product_cat","embeddable":true,"href":"https:\/\/sezona.lv\/en\/wp-json\/wp\/v2\/product_cat?post=76138"},{"taxonomy":"product_tag","embeddable":true,"href":"https:\/\/sezona.lv\/en\/wp-json\/wp\/v2\/product_tag?post=76138"}],"curies":[{"name":"wp","href":"https:\/\/api.w.org\/{rel}","templated":true}]}}