{"id":76140,"date":"2025-07-11T15:39:07","date_gmt":"2025-07-11T12:39:07","guid":{"rendered":"https:\/\/demo8.ecube.lv\/sezona.lv\/products\/salmo-kokvilnas-jaka-xxxl\/"},"modified":"2025-07-14T14:46:41","modified_gmt":"2025-07-14T11:46:41","slug":"salmo-kokvilnas-jaka-xxxl","status":"publish","type":"product","link":"https:\/\/sezona.lv\/en\/products\/salmo-kokvilnas-jaka-xxxl\/","title":{"rendered":"Salmo kokvilnas jaka, XXXL"},"content":{"rendered":"<p>&nbsp;&nbsp; Jaun\u0101 Norfin koncepta jaka &ndash; ar\u012b ziv\u012bm patiks. Tai ir moderns, bet  reiz\u0113 ar\u012b \u013coti funkcion\u0101ls dizains ar daudz kabat\u0101m, lai viss  nepiecie&scaron;amais b\u016btu pa rokai. Jakai ir artikul\u0113ti elko\u0146i un savelkama  vidusda\u013ca papildu \u0113rt\u012bbai.&nbsp; &Scaron;\u016bta no iztur\u012bgas, dab\u012bgas kokvilnas, b\u016bs  pat\u012bkami valk\u0101t gan v\u0113s\u0101 pavasara r\u012bt\u0101, gan silt\u0101 vasaras dien\u0101. &Scaron;\u0101da  mode\u013ca jakas ir sevi pier\u0101d\u012bju&scaron;as k\u0101 vienas no iztur\u012bg\u0101kaj\u0101m un  praktisk\u0101kaj\u0101m gan atp\u016b&scaron;oties, gan ar\u012b ikdien\u0101. Funkcion\u0101la mak&scaron;\u0137ernieka jaka, kuru var valk\u0101t ne tikai mak&scaron;\u0137er\u0113jot.<\/p>\n<ul>\n<li>Divas kr\u016b&scaron;u kabatas <\/li>\n<li>Divas s\u0101nu kabatas<\/li>\n<li>Savelkama vidusda\u013ca <\/li>\n<li>\u0112rti pog\u0101jama<\/li>\n<li>Artikul\u0113ti elko\u0146i<\/li>\n<\/ul>\n","protected":false},"excerpt":{"rendered":"<p>&nbsp;&nbsp; Jaun\u0101 Norfin koncepta jaka &ndash; ar\u012b ziv\u012bm patiks. Tai ir moderns, bet reiz\u0113 ar\u012b \u013coti funkcion\u0101ls dizains ar daudz kabat\u0101m, lai viss nepiecie&scaron;amais b\u016btu pa rokai. Jakai ir artikul\u0113ti elko\u0146i un savelkama vidusda\u013ca papildu \u0113rt\u012bbai.&nbsp; &Scaron;\u016bta no iztur\u012bgas, dab\u012bgas kokvilnas, b\u016bs pat\u012bkami valk\u0101t gan v\u0113s\u0101 pavasara r\u012bt\u0101, gan silt\u0101 vasaras dien\u0101. &Scaron;\u0101da mode\u013ca jakas [&hellip;]<\/p>\n","protected":false},"featured_media":0,"template":"","meta":[],"product_brand":[894],"product_cat":[4538,4559,4560],"product_tag":[],"class_list":{"0":"post-76140","1":"product","2":"type-product","3":"status-publish","5":"product_brand-salmo","6":"product_cat-fishing-equipment-recreation","7":"product_cat-equipment-fishing-equipment-recreation","8":"product_cat-clothes-equipment-fishing-equipment-recreation","10":"first","11":"instock","12":"shipping-taxable","13":"purchasable","14":"product-type-simple"},"_links":{"self":[{"href":"https:\/\/sezona.lv\/en\/wp-json\/wp\/v2\/product\/76140","targetHints":{"allow":["GET"]}}],"collection":[{"href":"https:\/\/sezona.lv\/en\/wp-json\/wp\/v2\/product"}],"about":[{"href":"https:\/\/sezona.lv\/en\/wp-json\/wp\/v2\/types\/product"}],"wp:attachment":[{"href":"https:\/\/sezona.lv\/en\/wp-json\/wp\/v2\/media?parent=76140"}],"wp:term":[{"taxonomy":"product_brand","embeddable":true,"href":"https:\/\/sezona.lv\/en\/wp-json\/wp\/v2\/product_brand?post=76140"},{"taxonomy":"product_cat","embeddable":true,"href":"https:\/\/sezona.lv\/en\/wp-json\/wp\/v2\/product_cat?post=76140"},{"taxonomy":"product_tag","embeddable":true,"href":"https:\/\/sezona.lv\/en\/wp-json\/wp\/v2\/product_tag?post=76140"}],"curies":[{"name":"wp","href":"https:\/\/api.w.org\/{rel}","templated":true}]}}