{"id":76142,"date":"2025-07-11T15:39:09","date_gmt":"2025-07-11T12:39:09","guid":{"rendered":"https:\/\/demo8.ecube.lv\/sezona.lv\/products\/wilson-reaction-izm-6-basketbola-bumba\/"},"modified":"2025-07-14T14:46:42","modified_gmt":"2025-07-14T11:46:42","slug":"wilson-reaction-izm-6-basketbola-bumba","status":"publish","type":"product","link":"https:\/\/sezona.lv\/en\/products\/wilson-reaction-izm-6-basketbola-bumba\/","title":{"rendered":"Wilson Reaction izm.6 basketbola bumba"},"content":{"rendered":"<p>&nbsp;<\/p>\n<ul>\n<\/ul>\n<p>Basketbola bumba&nbsp; no patent\u0113tas mitrumu absorb\u0113jo&scaron;as kompoz\u012bta \u0101das.<\/p>\n<p>Revolucion\u0101ras kvalit\u0101tes dzi\u013ci kan\u0101li lab\u0101kai bumbas kontrolei.<\/p>\n<p>Cushion Core tehnolo\u0123ija.<\/p>\n<p>Indoor\/Outdoor sp\u0113les bumba.<\/p>\n<p>Izm\u0113rs: 6<\/p>\n<ul>\n<\/ul>\n<p>&nbsp;<\/p>\n<div>\n<ul>\n<\/ul>\n<\/div>\n","protected":false},"excerpt":{"rendered":"<p>&nbsp; Basketbola bumba&nbsp; no patent\u0113tas mitrumu absorb\u0113jo&scaron;as kompoz\u012bta \u0101das. Revolucion\u0101ras kvalit\u0101tes dzi\u013ci kan\u0101li lab\u0101kai bumbas kontrolei. Cushion Core tehnolo\u0123ija. Indoor\/Outdoor sp\u0113les bumba. Izm\u0113rs: 6 &nbsp;<\/p>\n","protected":false},"featured_media":60230,"template":"","meta":[],"product_brand":[920],"product_cat":[4602,4667,4668],"product_tag":[],"class_list":{"0":"post-76142","1":"product","2":"type-product","3":"status-publish","4":"has-post-thumbnail","6":"product_brand-wilson","7":"product_cat-summer-sports-sports","8":"product_cat-basketball-summer-sports-sports","9":"product_cat-basketballs-basketball-summer-sports-sports","11":"first","12":"instock","13":"shipping-taxable","14":"purchasable","15":"product-type-simple"},"_links":{"self":[{"href":"https:\/\/sezona.lv\/en\/wp-json\/wp\/v2\/product\/76142","targetHints":{"allow":["GET"]}}],"collection":[{"href":"https:\/\/sezona.lv\/en\/wp-json\/wp\/v2\/product"}],"about":[{"href":"https:\/\/sezona.lv\/en\/wp-json\/wp\/v2\/types\/product"}],"wp:featuredmedia":[{"embeddable":true,"href":"https:\/\/sezona.lv\/en\/wp-json\/wp\/v2\/media\/60230"}],"wp:attachment":[{"href":"https:\/\/sezona.lv\/en\/wp-json\/wp\/v2\/media?parent=76142"}],"wp:term":[{"taxonomy":"product_brand","embeddable":true,"href":"https:\/\/sezona.lv\/en\/wp-json\/wp\/v2\/product_brand?post=76142"},{"taxonomy":"product_cat","embeddable":true,"href":"https:\/\/sezona.lv\/en\/wp-json\/wp\/v2\/product_cat?post=76142"},{"taxonomy":"product_tag","embeddable":true,"href":"https:\/\/sezona.lv\/en\/wp-json\/wp\/v2\/product_tag?post=76142"}],"curies":[{"name":"wp","href":"https:\/\/api.w.org\/{rel}","templated":true}]}}