{"id":76144,"date":"2025-07-14T14:46:44","date_gmt":"2025-07-14T11:46:44","guid":{"rendered":"https:\/\/demo8.ecube.lv\/sezona.lv\/products\/wilson-nfl-team-logo-san-francisco-49ers-junior\/"},"modified":"2025-07-14T14:46:44","modified_gmt":"2025-07-14T11:46:44","slug":"wilson-nfl-team-logo-san-francisco-49ers-junior","status":"publish","type":"product","link":"https:\/\/sezona.lv\/en\/products\/wilson-nfl-team-logo-san-francisco-49ers-junior\/","title":{"rendered":"Wilson NFL TEAM LOGO SAN FRANCISCO 49ERS Junior"},"content":{"rendered":"<ul>\n<\/ul>\n<p>Jauna dizaina junioru amerik\u0101\u0146u futbola bumba no kvalitat\u012bva PVC materi\u0101la.<\/p>\n<p>NFL komandu dizains.<\/p>\n<p>Izstr\u0101d\u0101ta sp\u0113lei visos laikapst\u0101k\u013cos.&nbsp;<\/p>\n<p>Piem\u0113rota sp\u0113lei uz visu veidu segumiem<\/p>\n<ul>\n<\/ul>\n","protected":false},"excerpt":{"rendered":"<p>Jauna dizaina junioru amerik\u0101\u0146u futbola bumba no kvalitat\u012bva PVC materi\u0101la. NFL komandu dizains. Izstr\u0101d\u0101ta sp\u0113lei visos laikapst\u0101k\u013cos.&nbsp; Piem\u0113rota sp\u0113lei uz visu veidu segumiem<\/p>\n","protected":false},"featured_media":0,"template":"","meta":[],"product_brand":[920],"product_cat":[4587,4602,4677,4678],"product_tag":[],"class_list":{"0":"post-76144","1":"product","2":"type-product","3":"status-publish","5":"product_brand-wilson","6":"product_cat-sports","7":"product_cat-summer-sports-sports","8":"product_cat-rugby-summer-sports-sports","9":"product_cat-rugby-balls-rugby-summer-sports-sports","11":"first","12":"instock","13":"shipping-taxable","14":"purchasable","15":"product-type-simple"},"_links":{"self":[{"href":"https:\/\/sezona.lv\/en\/wp-json\/wp\/v2\/product\/76144","targetHints":{"allow":["GET"]}}],"collection":[{"href":"https:\/\/sezona.lv\/en\/wp-json\/wp\/v2\/product"}],"about":[{"href":"https:\/\/sezona.lv\/en\/wp-json\/wp\/v2\/types\/product"}],"wp:attachment":[{"href":"https:\/\/sezona.lv\/en\/wp-json\/wp\/v2\/media?parent=76144"}],"wp:term":[{"taxonomy":"product_brand","embeddable":true,"href":"https:\/\/sezona.lv\/en\/wp-json\/wp\/v2\/product_brand?post=76144"},{"taxonomy":"product_cat","embeddable":true,"href":"https:\/\/sezona.lv\/en\/wp-json\/wp\/v2\/product_cat?post=76144"},{"taxonomy":"product_tag","embeddable":true,"href":"https:\/\/sezona.lv\/en\/wp-json\/wp\/v2\/product_tag?post=76144"}],"curies":[{"name":"wp","href":"https:\/\/api.w.org\/{rel}","templated":true}]}}