{"id":76145,"date":"2025-07-14T14:46:45","date_gmt":"2025-07-14T11:46:45","guid":{"rendered":"https:\/\/demo8.ecube.lv\/sezona.lv\/products\/wilson-nfl-micro-football\/"},"modified":"2025-07-14T14:46:45","modified_gmt":"2025-07-14T11:46:45","slug":"wilson-nfl-micro-football","status":"publish","type":"product","link":"https:\/\/sezona.lv\/en\/products\/wilson-nfl-micro-football\/","title":{"rendered":"Wilson NFL MICRO FOOTBALL"},"content":{"rendered":"<ul>\n<\/ul>\n<p>Labas kvalit\u0101tes amerik\u0101\u0146u futbola bumba micro izm\u0113ra .&nbsp;<\/p>\n<p>Piem\u0113rota sp\u0113lei uz visu veidu segumiem.<\/p>\n<ul>\n<\/ul>\n","protected":false},"excerpt":{"rendered":"<p>Labas kvalit\u0101tes amerik\u0101\u0146u futbola bumba micro izm\u0113ra .&nbsp; Piem\u0113rota sp\u0113lei uz visu veidu segumiem.<\/p>\n","protected":false},"featured_media":0,"template":"","meta":[],"product_brand":[920],"product_cat":[4602,4677,4678],"product_tag":[],"class_list":{"0":"post-76145","1":"product","2":"type-product","3":"status-publish","5":"product_brand-wilson","6":"product_cat-summer-sports-sports","7":"product_cat-rugby-summer-sports-sports","8":"product_cat-rugby-balls-rugby-summer-sports-sports","10":"first","11":"instock","12":"shipping-taxable","13":"purchasable","14":"product-type-simple"},"_links":{"self":[{"href":"https:\/\/sezona.lv\/en\/wp-json\/wp\/v2\/product\/76145","targetHints":{"allow":["GET"]}}],"collection":[{"href":"https:\/\/sezona.lv\/en\/wp-json\/wp\/v2\/product"}],"about":[{"href":"https:\/\/sezona.lv\/en\/wp-json\/wp\/v2\/types\/product"}],"wp:attachment":[{"href":"https:\/\/sezona.lv\/en\/wp-json\/wp\/v2\/media?parent=76145"}],"wp:term":[{"taxonomy":"product_brand","embeddable":true,"href":"https:\/\/sezona.lv\/en\/wp-json\/wp\/v2\/product_brand?post=76145"},{"taxonomy":"product_cat","embeddable":true,"href":"https:\/\/sezona.lv\/en\/wp-json\/wp\/v2\/product_cat?post=76145"},{"taxonomy":"product_tag","embeddable":true,"href":"https:\/\/sezona.lv\/en\/wp-json\/wp\/v2\/product_tag?post=76145"}],"curies":[{"name":"wp","href":"https:\/\/api.w.org\/{rel}","templated":true}]}}