{"id":76146,"date":"2025-07-14T14:46:46","date_gmt":"2025-07-14T11:46:46","guid":{"rendered":"https:\/\/demo8.ecube.lv\/sezona.lv\/products\/wilson-bumbu-komplekts-micro-sports\/"},"modified":"2025-07-14T14:46:46","modified_gmt":"2025-07-14T11:46:46","slug":"wilson-bumbu-komplekts-micro-sports","status":"publish","type":"product","link":"https:\/\/sezona.lv\/en\/products\/wilson-bumbu-komplekts-micro-sports\/","title":{"rendered":"Wilson bumbu komplekts Micro Sports"},"content":{"rendered":"<ul>\n<li>Wilson bumbu komplekts b\u0113rniem. <\/li>\n<li>Komplekt\u0101 4 mazas bumbas:&nbsp; futbola, volejbola, basketbola un amerik\u0101\u0146u futbola<\/li>\n<\/ul>\n","protected":false},"excerpt":{"rendered":"<p>Wilson bumbu komplekts b\u0113rniem. Komplekt\u0101 4 mazas bumbas:&nbsp; futbola, volejbola, basketbola un amerik\u0101\u0146u futbola<\/p>\n","protected":false},"featured_media":0,"template":"","meta":[],"product_brand":[920],"product_cat":[4587,4602,4667,4668],"product_tag":[],"class_list":{"0":"post-76146","1":"product","2":"type-product","3":"status-publish","5":"product_brand-wilson","6":"product_cat-sports","7":"product_cat-summer-sports-sports","8":"product_cat-basketball-summer-sports-sports","9":"product_cat-basketballs-basketball-summer-sports-sports","11":"first","12":"instock","13":"shipping-taxable","14":"purchasable","15":"product-type-simple"},"_links":{"self":[{"href":"https:\/\/sezona.lv\/en\/wp-json\/wp\/v2\/product\/76146","targetHints":{"allow":["GET"]}}],"collection":[{"href":"https:\/\/sezona.lv\/en\/wp-json\/wp\/v2\/product"}],"about":[{"href":"https:\/\/sezona.lv\/en\/wp-json\/wp\/v2\/types\/product"}],"wp:attachment":[{"href":"https:\/\/sezona.lv\/en\/wp-json\/wp\/v2\/media?parent=76146"}],"wp:term":[{"taxonomy":"product_brand","embeddable":true,"href":"https:\/\/sezona.lv\/en\/wp-json\/wp\/v2\/product_brand?post=76146"},{"taxonomy":"product_cat","embeddable":true,"href":"https:\/\/sezona.lv\/en\/wp-json\/wp\/v2\/product_cat?post=76146"},{"taxonomy":"product_tag","embeddable":true,"href":"https:\/\/sezona.lv\/en\/wp-json\/wp\/v2\/product_tag?post=76146"}],"curies":[{"name":"wp","href":"https:\/\/api.w.org\/{rel}","templated":true}]}}