{"id":76148,"date":"2025-07-11T15:39:16","date_gmt":"2025-07-11T12:39:16","guid":{"rendered":"https:\/\/demo8.ecube.lv\/sezona.lv\/products\/salmo-aukla-elite-1000-m-green-0-50\/"},"modified":"2025-07-14T14:46:48","modified_gmt":"2025-07-14T11:46:48","slug":"salmo-aukla-elite-1000-m-green-0-50","status":"publish","type":"product","link":"https:\/\/sezona.lv\/en\/products\/salmo-aukla-elite-1000-m-green-0-50\/","title":{"rendered":"Salmo aukla Elite 1000 m Green 0.50"},"content":{"rendered":"<p>Lietojot \u012bpa&scaron;u &scaron;\u0137iedras apstr\u0101des tehnolo\u0123iju, pan\u0101kta maksim\u0101la  iztur\u012bba un gluda virsma, kas \u013cauj izdar\u012bt maksim\u0101li t\u0101lus \u0113smas  iemetienus. No cit\u0101m aukl\u0101m at&scaron;\u0137iras ar \u012bpa&scaron;i bl\u012bvu pinumu, kas l\u012bdz  minimumam samazina izstiep&scaron;an\u0101s koeficientu, k\u0101 ar\u012b paaugstina auklas  nodilumiztur\u012bbu un lieto&scaron;anas ilgumu. Augst\u0101 jut\u012bba nodro&scaron;ina tie&scaron;u  kontaktu ar m\u0101nekli pat liel\u0101 dzi\u013cum\u0101. Dro&scaron;s piecirtiens pat p\u0113c maz\u0101k\u0101  zivs piesk\u0101riena \u0113smai!<\/p>\n<ul>\n<li>&nbsp;augsta line\u0101r\u0101 iztur\u012bba<\/li>\n<li>&nbsp;ide\u0101li gluda virsma<\/li>\n<li>&nbsp;maksim\u0101li t\u0101ls iemetiens<\/li>\n<li>&nbsp;augsta nodilumiztur\u012bba<\/li>\n<li>&nbsp;garums(m): 1000<\/li>\n<li>&nbsp;diametrs: 0,50<\/li>\n<\/ul>\n","protected":false},"excerpt":{"rendered":"<p>Lietojot \u012bpa&scaron;u &scaron;\u0137iedras apstr\u0101des tehnolo\u0123iju, pan\u0101kta maksim\u0101la iztur\u012bba un gluda virsma, kas \u013cauj izdar\u012bt maksim\u0101li t\u0101lus \u0113smas iemetienus. No cit\u0101m aukl\u0101m at&scaron;\u0137iras ar \u012bpa&scaron;i bl\u012bvu pinumu, kas l\u012bdz minimumam samazina izstiep&scaron;an\u0101s koeficientu, k\u0101 ar\u012b paaugstina auklas nodilumiztur\u012bbu un lieto&scaron;anas ilgumu. Augst\u0101 jut\u012bba nodro&scaron;ina tie&scaron;u kontaktu ar m\u0101nekli pat liel\u0101 dzi\u013cum\u0101. Dro&scaron;s piecirtiens pat p\u0113c maz\u0101k\u0101 [&hellip;]<\/p>\n","protected":false},"featured_media":0,"template":"","meta":[],"product_brand":[894],"product_cat":[4538,4552,4554],"product_tag":[],"class_list":{"0":"post-76148","1":"product","2":"type-product","3":"status-publish","5":"product_brand-salmo","6":"product_cat-fishing-equipment-recreation","7":"product_cat-cords-fishing-equipment-recreation","8":"product_cat-braided-fishing-lines-cords-fishing-equipment-recreation","10":"first","11":"instock","12":"shipping-taxable","13":"purchasable","14":"product-type-simple"},"_links":{"self":[{"href":"https:\/\/sezona.lv\/en\/wp-json\/wp\/v2\/product\/76148","targetHints":{"allow":["GET"]}}],"collection":[{"href":"https:\/\/sezona.lv\/en\/wp-json\/wp\/v2\/product"}],"about":[{"href":"https:\/\/sezona.lv\/en\/wp-json\/wp\/v2\/types\/product"}],"wp:attachment":[{"href":"https:\/\/sezona.lv\/en\/wp-json\/wp\/v2\/media?parent=76148"}],"wp:term":[{"taxonomy":"product_brand","embeddable":true,"href":"https:\/\/sezona.lv\/en\/wp-json\/wp\/v2\/product_brand?post=76148"},{"taxonomy":"product_cat","embeddable":true,"href":"https:\/\/sezona.lv\/en\/wp-json\/wp\/v2\/product_cat?post=76148"},{"taxonomy":"product_tag","embeddable":true,"href":"https:\/\/sezona.lv\/en\/wp-json\/wp\/v2\/product_tag?post=76148"}],"curies":[{"name":"wp","href":"https:\/\/api.w.org\/{rel}","templated":true}]}}