{"id":76149,"date":"2025-07-11T15:39:17","date_gmt":"2025-07-11T12:39:17","guid":{"rendered":"https:\/\/demo8.ecube.lv\/sezona.lv\/products\/aukla-salmo-specialist-spin-150m\/"},"modified":"2025-07-14T14:46:49","modified_gmt":"2025-07-14T11:46:49","slug":"aukla-salmo-specialist-spin-150m","status":"publish","type":"product","link":"https:\/\/sezona.lv\/en\/products\/aukla-salmo-specialist-spin-150m\/","title":{"rendered":"AUKLA SALMO SPECIALIST SPIN 150M"},"content":{"rendered":"<p><strong>Palielin\u0101tas nodilumiztur\u012bbas aukla, izstr\u0101d\u0101ta tie&scaron;i t\u0101liem un  bie\u017eiem iemetieniem, ide\u0101li piem\u0113rota spiningo&scaron;anai jebkuros apst\u0101k\u013cos.  Auklai ir tum&scaron;i za\u013ca kr\u0101sa un laba notur\u012bba pret ultravioleto starojumu,  kas pagarina auklas m\u016b\u017eu, auklas fas\u0113jums ir 150 metri.<\/p>\n<p> &bull; augsta iztur\u012bba<br \/> &bull; palielin\u0101ta nodilumiztur\u012bba<br \/> &bull; piln\u012bga atbilst\u012bba visiem diametra un iztur\u012bbas r\u0101d\u012bt\u0101jiem<br \/> &bull; neliela atmi\u0146a<br \/> &bull; tum&scaron;i za\u013ca kr\u0101sa<\/p>\n<p> Iztur\u012bbas tabula:<br \/> 0.20mm &#8211; 3.95<br \/> 0.22mm &#8211; 4.70kg<br \/> 0.25mm &#8211; 6.05kg<br \/> 0.27mm &#8211; 7.40kg<br \/> 0.30mm &#8211; 8.60kg<br \/> 0.32mm &#8211; 10.10kg<br \/> 0.35mm &#8211; 11.90kg<br \/> 0.40mm &#8211; 14.80kg<br \/> 0.45mm &#8211; 18.70kg<br \/> 0.50mm &#8211; 24.90kg<\/strong><\/p>\n","protected":false},"excerpt":{"rendered":"<p>Palielin\u0101tas nodilumiztur\u012bbas aukla, izstr\u0101d\u0101ta tie&scaron;i t\u0101liem un bie\u017eiem iemetieniem, ide\u0101li piem\u0113rota spiningo&scaron;anai jebkuros apst\u0101k\u013cos. Auklai ir tum&scaron;i za\u013ca kr\u0101sa un laba notur\u012bba pret ultravioleto starojumu, kas pagarina auklas m\u016b\u017eu, auklas fas\u0113jums ir 150 metri. &bull; augsta iztur\u012bba &bull; palielin\u0101ta nodilumiztur\u012bba &bull; piln\u012bga atbilst\u012bba visiem diametra un iztur\u012bbas r\u0101d\u012bt\u0101jiem &bull; neliela atmi\u0146a &bull; tum&scaron;i za\u013ca kr\u0101sa [&hellip;]<\/p>\n","protected":false},"featured_media":60241,"template":"","meta":[],"product_brand":[894],"product_cat":[4538,4552,4553],"product_tag":[],"class_list":{"0":"post-76149","1":"product","2":"type-product","3":"status-publish","4":"has-post-thumbnail","6":"product_brand-salmo","7":"product_cat-fishing-equipment-recreation","8":"product_cat-cords-fishing-equipment-recreation","9":"product_cat-monofilament-fishing-lines-cords-fishing-equipment-recreation","11":"first","12":"instock","13":"sale","14":"shipping-taxable","15":"purchasable","16":"product-type-simple"},"_links":{"self":[{"href":"https:\/\/sezona.lv\/en\/wp-json\/wp\/v2\/product\/76149","targetHints":{"allow":["GET"]}}],"collection":[{"href":"https:\/\/sezona.lv\/en\/wp-json\/wp\/v2\/product"}],"about":[{"href":"https:\/\/sezona.lv\/en\/wp-json\/wp\/v2\/types\/product"}],"wp:featuredmedia":[{"embeddable":true,"href":"https:\/\/sezona.lv\/en\/wp-json\/wp\/v2\/media\/60241"}],"wp:attachment":[{"href":"https:\/\/sezona.lv\/en\/wp-json\/wp\/v2\/media?parent=76149"}],"wp:term":[{"taxonomy":"product_brand","embeddable":true,"href":"https:\/\/sezona.lv\/en\/wp-json\/wp\/v2\/product_brand?post=76149"},{"taxonomy":"product_cat","embeddable":true,"href":"https:\/\/sezona.lv\/en\/wp-json\/wp\/v2\/product_cat?post=76149"},{"taxonomy":"product_tag","embeddable":true,"href":"https:\/\/sezona.lv\/en\/wp-json\/wp\/v2\/product_tag?post=76149"}],"curies":[{"name":"wp","href":"https:\/\/api.w.org\/{rel}","templated":true}]}}