{"id":76150,"date":"2025-07-11T15:39:19","date_gmt":"2025-07-11T12:39:19","guid":{"rendered":"https:\/\/demo8.ecube.lv\/sezona.lv\/products\/reebok-i-trainer-s\/"},"modified":"2025-07-14T14:46:50","modified_gmt":"2025-07-14T11:46:50","slug":"reebok-i-trainer-s","status":"publish","type":"product","link":"https:\/\/sezona.lv\/en\/products\/reebok-i-trainer-s\/","title":{"rendered":"Reebok i-trainer &#8220;S&#8221;"},"content":{"rendered":"<div><span>Reebok I-Trainer ir \u013coti stil\u012bgs eleptiskais trena\u017eieris. Pied\u0101v\u0101jums tie&scaron;i ies\u0101c\u0113jiem un sportistiem ar \u013coti augstu treni\u0146u insentit\u0101ti. M-Force slodzes sist\u0113ma un kompj\u016bters nodro&scaron;in\u0101s prec\u012bzu treni\u0146u.&nbsp;<\/span> <\/p>\n<ul>\n<li>&nbsp;Brem\u017eu sist\u0113ma: M-Force Brake System&nbsp;<\/li>\n<li>&nbsp;Slodzes: 8 manu\u0101li&nbsp;<\/li>\n<li>&nbsp;Spararata smagums: 6 kg&nbsp;<\/li>\n<li>&nbsp;Transport\u0113jamie riten\u012b&scaron;i&nbsp;<\/li>\n<li>&nbsp;Funkcijas : \u0100trums\/Laiks\/Distance\/Kalorijas\/4 programmas&nbsp;<\/li>\n<li>&nbsp;Pulsa sensori: no rokas&nbsp;<\/li>\n<li>&nbsp;Ener\u0123ijas pieg\u0101de: baterijas&nbsp;<\/li>\n<li>&nbsp;Kr\u0101sa: Melna; zila; za\u013ca; sarkana, roz\u0101.&nbsp;<\/li>\n<li>&nbsp;Izm\u0113ri: 123 x 58 x 162 cm&nbsp;<\/li>\n<li>&nbsp;Lietot\u0101ju maksim\u0101lais svars: l\u012bdz 120 kg<\/li>\n<\/ul>\n<\/div>\n<p>Pieg\u0101de 3 ned\u0113\u013cu laik\u0101 p\u0113c avansa maks\u0101juma sa\u0146em&scaron;anas.<\/p>\n","protected":false},"excerpt":{"rendered":"<p>Reebok I-Trainer ir \u013coti stil\u012bgs eleptiskais trena\u017eieris. Pied\u0101v\u0101jums tie&scaron;i ies\u0101c\u0113jiem un sportistiem ar \u013coti augstu treni\u0146u insentit\u0101ti. M-Force slodzes sist\u0113ma un kompj\u016bters nodro&scaron;in\u0101s prec\u012bzu treni\u0146u.&nbsp; &nbsp;Brem\u017eu sist\u0113ma: M-Force Brake System&nbsp; &nbsp;Slodzes: 8 manu\u0101li&nbsp; &nbsp;Spararata smagums: 6 kg&nbsp; &nbsp;Transport\u0113jamie riten\u012b&scaron;i&nbsp; &nbsp;Funkcijas : \u0100trums\/Laiks\/Distance\/Kalorijas\/4 programmas&nbsp; &nbsp;Pulsa sensori: no rokas&nbsp; &nbsp;Ener\u0123ijas pieg\u0101de: baterijas&nbsp; &nbsp;Kr\u0101sa: Melna; zila; za\u013ca; sarkana, [&hellip;]<\/p>\n","protected":false},"featured_media":60244,"template":"","meta":[],"product_brand":[],"product_cat":[4588,4590],"product_tag":[],"class_list":{"0":"post-76150","1":"product","2":"type-product","3":"status-publish","4":"has-post-thumbnail","6":"product_cat-trainers-sports","7":"product_cat-elliptical-trainers-trainers-sports","9":"first","10":"instock","11":"shipping-taxable","12":"purchasable","13":"product-type-simple"},"_links":{"self":[{"href":"https:\/\/sezona.lv\/en\/wp-json\/wp\/v2\/product\/76150","targetHints":{"allow":["GET"]}}],"collection":[{"href":"https:\/\/sezona.lv\/en\/wp-json\/wp\/v2\/product"}],"about":[{"href":"https:\/\/sezona.lv\/en\/wp-json\/wp\/v2\/types\/product"}],"wp:featuredmedia":[{"embeddable":true,"href":"https:\/\/sezona.lv\/en\/wp-json\/wp\/v2\/media\/60244"}],"wp:attachment":[{"href":"https:\/\/sezona.lv\/en\/wp-json\/wp\/v2\/media?parent=76150"}],"wp:term":[{"taxonomy":"product_brand","embeddable":true,"href":"https:\/\/sezona.lv\/en\/wp-json\/wp\/v2\/product_brand?post=76150"},{"taxonomy":"product_cat","embeddable":true,"href":"https:\/\/sezona.lv\/en\/wp-json\/wp\/v2\/product_cat?post=76150"},{"taxonomy":"product_tag","embeddable":true,"href":"https:\/\/sezona.lv\/en\/wp-json\/wp\/v2\/product_tag?post=76150"}],"curies":[{"name":"wp","href":"https:\/\/api.w.org\/{rel}","templated":true}]}}