{"id":76151,"date":"2025-07-11T15:39:21","date_gmt":"2025-07-11T12:39:21","guid":{"rendered":"https:\/\/demo8.ecube.lv\/sezona.lv\/products\/reebok-i-trainer-se\/"},"modified":"2025-07-14T14:46:51","modified_gmt":"2025-07-14T11:46:51","slug":"reebok-i-trainer-se","status":"publish","type":"product","link":"https:\/\/sezona.lv\/en\/products\/reebok-i-trainer-se\/","title":{"rendered":"Reebok i-trainer &#8220;SE&#8221;"},"content":{"rendered":"<div>\n<div>\n<div>\n<div><span>Reebok I-TRAINER SE eliptiskais trena\u017eieris ar pretest\u012bbas l\u012bme\u0146iem no 1-16. 17 kg rats, vienlaic\u012bgi ar garu soli, nodro&scaron;ina \u0101rk\u0101rt\u012bgi vienm\u0113r\u012bgas un elipsveida kust\u012bbas. &nbsp;<\/span><span>Reebok I-TRAINER SE eliptiskais trena\u017eieris ir piem\u0113rots visiem un nodro&scaron;ina optim\u0101lu sniegumu visos slodzes l\u012bme\u0146os.&nbsp;<\/span><\/div>\n<ul class=\"bullet\">\n<li class=\"grey\"><span class=\"key\">Ra\u017eot\u0101js &#8211;&nbsp;<\/span><span class=\"value\">REEBOK<\/span><\/li>\n<li class=\"white\"><span class=\"key\">Modelis<\/span><span class=\"value\">I &#8211; TRAINER SE<\/span><\/li>\n<li class=\"grey\"><span class=\"value\">Lieto&scaron;anai m\u0101jas apst\u0101k\u013cos<\/span><\/li>\n<li class=\"white\"><span class=\"key\">Garantija&nbsp;<\/span><span class=\"value\">2 gadi<\/span><\/li>\n<li class=\"grey\"><span class=\"key\">Pretest\u012bbas sist\u0113ma &#8211;&nbsp;<\/span><span class=\"value\">Magn\u0113tisk\u0101<\/span><\/li>\n<li class=\"white\"><span class=\"key\">Maksim\u0101lais lietot\u0101ja svars &#8211;&nbsp;<\/span><span class=\"value\">120 kg<\/span><\/li>\n<li class=\"grey\"><span class=\"key\">Svars &#8211;&nbsp;<\/span><span class=\"value\">44 kg<\/span><\/li>\n<li class=\"white\"><span class=\"key\">Spararata svars &#8211;&nbsp;<\/span><span class=\"value\">17 kg<\/span><\/li>\n<li class=\"grey\"><span class=\"key\">Izm\u0113ri (g x p x a) &#8211;&nbsp;<\/span><span class=\"value\">125 x 64 x 165 cm<\/span><\/li>\n<li class=\"white\"><span class=\"key\">Displeja veids &#8211;&nbsp;<\/span><span class=\"value\">LCD<\/span><\/li>\n<li class=\"grey\"><span class=\"key\">Baro&scaron;anas avots &#8211;&nbsp;<\/span><span class=\"value\">AC adapteris<\/span><\/li>\n<li class=\"grey\"><span class=\"key\">Rite\u0146i p\u0101rvieto&scaron;anai<\/span><\/li>\n<li class=\"white\"><span class=\"key\">Balansa kontrole<\/span><\/li>\n<li class=\"grey\"><span class=\"key\">Iztur\u012bbas l\u012bmenis &#8211;&nbsp;<\/span><span class=\"value\">8<\/span><\/li>\n<li class=\"white\"><span class=\"key\">Slodzes l\u012bmenis &#8211;&nbsp;<\/span><span class=\"value\">Elektronisks<\/span><\/li>\n<li class=\"grey\"><span class=\"key\">Programmu skaits &#8211;&nbsp;<\/span><span class=\"value\">6<\/span><\/li>\n<li class=\"white\"><span class=\"key\">Sirds darb\u012bbas m\u0113r\u012bjums<\/span><\/li>\n<li class=\"white\"><span class=\"key\">Pulsa sensori uz st\u016bres<\/span><\/li>\n<li class=\"grey\"><span class=\"key\">Regul\u0113jams ped\u0101\u013cu st\u0101voklis<\/span><img decoding=\"async\" src=\"http:\/\/www.vs-sport.lv\/themes\/vssport\/img2\/bg59.png\" alt=\"\" \/><\/li>\n<li class=\"white\"><span class=\"key\">So\u013ca garums &#8211;&nbsp;<\/span><span class=\"value\">38 cm<\/span><\/li>\n<li class=\"grey\"><span class=\"key\">Att\u0113lo r\u0101d\u012bjumus &#8211;&nbsp;<\/span><span class=\"value\">Laiks, att\u0101lums, kalorijas, \u0101trums, pulss<\/span><\/li>\n<li class=\"grey\"><span class=\"value\">Kr\u0101sas: balta, zila, za\u013ca, roz\u0101, sarkana<\/span><\/li>\n<\/ul>\n<\/div>\n<p>Pieg\u0101de 3 ned\u0113\u013cu laik\u0101 p\u0113c avansa maks\u0101juma sa\u0146em&scaron;anas.<\/p>\n<\/div>\n<\/div>\n","protected":false},"excerpt":{"rendered":"<p>Reebok I-TRAINER SE eliptiskais trena\u017eieris ar pretest\u012bbas l\u012bme\u0146iem no 1-16. 17 kg rats, vienlaic\u012bgi ar garu soli, nodro&scaron;ina \u0101rk\u0101rt\u012bgi vienm\u0113r\u012bgas un elipsveida kust\u012bbas. &nbsp;Reebok I-TRAINER SE eliptiskais trena\u017eieris ir piem\u0113rots visiem un nodro&scaron;ina optim\u0101lu sniegumu visos slodzes l\u012bme\u0146os.&nbsp; Ra\u017eot\u0101js &#8211;&nbsp;REEBOK ModelisI &#8211; TRAINER SE Lieto&scaron;anai m\u0101jas apst\u0101k\u013cos Garantija&nbsp;2 gadi Pretest\u012bbas sist\u0113ma &#8211;&nbsp;Magn\u0113tisk\u0101 Maksim\u0101lais lietot\u0101ja svars [&hellip;]<\/p>\n","protected":false},"featured_media":60255,"template":"","meta":[],"product_brand":[],"product_cat":[4588,4590],"product_tag":[],"class_list":{"0":"post-76151","1":"product","2":"type-product","3":"status-publish","4":"has-post-thumbnail","6":"product_cat-trainers-sports","7":"product_cat-elliptical-trainers-trainers-sports","9":"first","10":"instock","11":"shipping-taxable","12":"purchasable","13":"product-type-simple"},"_links":{"self":[{"href":"https:\/\/sezona.lv\/en\/wp-json\/wp\/v2\/product\/76151","targetHints":{"allow":["GET"]}}],"collection":[{"href":"https:\/\/sezona.lv\/en\/wp-json\/wp\/v2\/product"}],"about":[{"href":"https:\/\/sezona.lv\/en\/wp-json\/wp\/v2\/types\/product"}],"wp:featuredmedia":[{"embeddable":true,"href":"https:\/\/sezona.lv\/en\/wp-json\/wp\/v2\/media\/60255"}],"wp:attachment":[{"href":"https:\/\/sezona.lv\/en\/wp-json\/wp\/v2\/media?parent=76151"}],"wp:term":[{"taxonomy":"product_brand","embeddable":true,"href":"https:\/\/sezona.lv\/en\/wp-json\/wp\/v2\/product_brand?post=76151"},{"taxonomy":"product_cat","embeddable":true,"href":"https:\/\/sezona.lv\/en\/wp-json\/wp\/v2\/product_cat?post=76151"},{"taxonomy":"product_tag","embeddable":true,"href":"https:\/\/sezona.lv\/en\/wp-json\/wp\/v2\/product_tag?post=76151"}],"curies":[{"name":"wp","href":"https:\/\/api.w.org\/{rel}","templated":true}]}}