{"id":76152,"date":"2025-07-11T15:39:26","date_gmt":"2025-07-11T12:39:26","guid":{"rendered":"https:\/\/demo8.ecube.lv\/sezona.lv\/products\/reebok-i-rower-s\/"},"modified":"2025-07-14T14:46:52","modified_gmt":"2025-07-14T11:46:52","slug":"reebok-i-rower-s","status":"publish","type":"product","link":"https:\/\/sezona.lv\/en\/products\/reebok-i-rower-s\/","title":{"rendered":"Reebok i-rower &#8220;S&#8221;"},"content":{"rendered":"<div>\n<div>\n<div>\n<div>\n<div>\n<ul>\n<li>Pamat treni\u0146programmas, ar fitnesa testu programmu, ieskaitot laiku, kalorijas un distanci.&nbsp;<\/li>\n<li>Piejam\u0101s funkcijas: \u0101trums, laiks, distance, kalorijas, pulss, un apgriezienu skaits&nbsp;<\/li>\n<li>Datu nolas\u012b&scaron;ana pat\u0113r\u0113taj\u0101m kalorij\u0101m, distancei, treni\u0146a laikam, sirdsdarb\u012bbai un apgriezienu skaitam.<\/li>\n<li>Konsol\u0113 ieb\u016bv\u0113ts dio\u017eu dipslejs.&nbsp;<\/li>\n<li>Sirdsdarb\u012bbas nolas\u012b&scaron;ana un kontrole no pulsa jostas, savietojams ar POLAR&nbsp;<\/li>\n<li>Elektromagn\u0113tisk\u0101 bremz\u0113&scaron;anas sist\u0113ma: M-Force EMS electro induction&nbsp;<\/li>\n<li>Spararata svars 6 kg<\/li>\n<li>8 da\u017e\u0101di, manu\u0101li regul\u0113jami pretest\u012bbas l\u012bme\u0146i&nbsp;<\/li>\n<li>Max lietot\u0101ja svars 120 kg.&nbsp;<\/li>\n<li>Trena\u017eiera izm\u0113ri 202x60x74cm&nbsp;<\/li>\n<li>Viegli salok\u0101ms<\/li>\n<\/ul>\n<\/div>\n<\/div>\n<p>Pieg\u0101de 3 ned\u0113\u013cu laik\u0101 p\u0113c avansa maks\u0101juma sa\u0146em&scaron;anas.<\/p>\n<\/div>\n<\/div>\n<\/div>\n","protected":false},"excerpt":{"rendered":"<p>Pamat treni\u0146programmas, ar fitnesa testu programmu, ieskaitot laiku, kalorijas un distanci.&nbsp; Piejam\u0101s funkcijas: \u0101trums, laiks, distance, kalorijas, pulss, un apgriezienu skaits&nbsp; Datu nolas\u012b&scaron;ana pat\u0113r\u0113taj\u0101m kalorij\u0101m, distancei, treni\u0146a laikam, sirdsdarb\u012bbai un apgriezienu skaitam. Konsol\u0113 ieb\u016bv\u0113ts dio\u017eu dipslejs.&nbsp; Sirdsdarb\u012bbas nolas\u012b&scaron;ana un kontrole no pulsa jostas, savietojams ar POLAR&nbsp; Elektromagn\u0113tisk\u0101 bremz\u0113&scaron;anas sist\u0113ma: M-Force EMS electro induction&nbsp; Spararata svars [&hellip;]<\/p>\n","protected":false},"featured_media":60264,"template":"","meta":[],"product_brand":[],"product_cat":[4588,4589],"product_tag":[],"class_list":{"0":"post-76152","1":"product","2":"type-product","3":"status-publish","4":"has-post-thumbnail","6":"product_cat-trainers-sports","7":"product_cat-bicycle-trainers-trainers-sports","9":"first","10":"instock","11":"shipping-taxable","12":"purchasable","13":"product-type-simple"},"_links":{"self":[{"href":"https:\/\/sezona.lv\/en\/wp-json\/wp\/v2\/product\/76152","targetHints":{"allow":["GET"]}}],"collection":[{"href":"https:\/\/sezona.lv\/en\/wp-json\/wp\/v2\/product"}],"about":[{"href":"https:\/\/sezona.lv\/en\/wp-json\/wp\/v2\/types\/product"}],"wp:featuredmedia":[{"embeddable":true,"href":"https:\/\/sezona.lv\/en\/wp-json\/wp\/v2\/media\/60264"}],"wp:attachment":[{"href":"https:\/\/sezona.lv\/en\/wp-json\/wp\/v2\/media?parent=76152"}],"wp:term":[{"taxonomy":"product_brand","embeddable":true,"href":"https:\/\/sezona.lv\/en\/wp-json\/wp\/v2\/product_brand?post=76152"},{"taxonomy":"product_cat","embeddable":true,"href":"https:\/\/sezona.lv\/en\/wp-json\/wp\/v2\/product_cat?post=76152"},{"taxonomy":"product_tag","embeddable":true,"href":"https:\/\/sezona.lv\/en\/wp-json\/wp\/v2\/product_tag?post=76152"}],"curies":[{"name":"wp","href":"https:\/\/api.w.org\/{rel}","templated":true}]}}