{"id":76154,"date":"2025-07-11T15:39:31","date_gmt":"2025-07-11T12:39:31","guid":{"rendered":"https:\/\/demo8.ecube.lv\/sezona.lv\/products\/reebok-b5-1e-performance-bike\/"},"modified":"2025-07-14T14:46:54","modified_gmt":"2025-07-14T11:46:54","slug":"reebok-b5-1e-performance-bike","status":"publish","type":"product","link":"https:\/\/sezona.lv\/en\/products\/reebok-b5-1e-performance-bike\/","title":{"rendered":"Reebok B5.1e Performance Bike"},"content":{"rendered":"<div>\n<div>\n<div>\n<div>\n<div>\n<div>\n<div>\n<div><span>B 5.1e Performance<\/span><span><strong>&nbsp;<\/strong>velotrena\u017eieris ir prec\u012bzs ergonometrs.&nbsp;<\/span><br \/><span>Elektorniskas pretest\u012bbas l\u012bme\u0146i iedal\u0101s no 1-16 l\u012bme\u0146iem.&nbsp;<\/span><br \/><span>&Scaron;is sp\u0113c\u012bgais un kvalitat\u012bvais velotrena\u017eieris ir perfekti paredz\u0113ts ies\u0101cejiem, k\u0101 ar\u012b uz sasniegumiem orient\u0113tiem lietot\u0101jiem. Juan\u0101 tipa M-Force Direct&nbsp;Drive System garant\u0113s Jums gludu, komfortablu brauk&scaron;anu un izsmalcin\u0101ti gudrs dators nodro&scaron;inas pilnu motiv\u0101ciju trena\u017eiera lietot\u0101jam.<\/span><\/div>\n<ul class=\"bullet\">\n<li class=\"white\"><span class=\"key\">Modelis &#8211;&nbsp;<\/span><span class=\"value\">B5.1E<\/span><\/li>\n<li class=\"grey\"><span class=\"key\">Veids &#8211;&nbsp;<\/span><span class=\"value\">Pus-profesion\u0101ls<\/span><\/li>\n<li class=\"white\"><span class=\"key\">Garantija &#8211;&nbsp;<\/span><span class=\"value\">2 gadi<\/span><\/li>\n<li class=\"grey\"><span class=\"key\">Pretest\u012bbas sist\u0113ma &#8211;&nbsp;<\/span><span class=\"value\">Magn\u0113tisk\u0101<\/span><\/li>\n<li class=\"white\"><span class=\"key\">Maksim\u0101lais lietot\u0101ja svars &#8211;&nbsp;<\/span><span class=\"value\">181 kg<\/span><\/li>\n<li class=\"grey\"><span class=\"key\">Svars &#8211;&nbsp;<\/span><span class=\"value\">66 kg<\/span><\/li>\n<li class=\"white\"><span class=\"key\">Spararata svars &#8211;&nbsp;<\/span><span class=\"value\">10 kg<\/span><\/li>\n<li class=\"grey\"><span class=\"key\">Izm\u0113ri (g x p x a) &#8211;&nbsp;<\/span><span class=\"value\">112 x 67 x 143 cm<\/span><\/li>\n<li class=\"white\"><span class=\"key\">Displeja veids &#8211;&nbsp;<\/span><span class=\"value\">LCD<\/span><\/li>\n<li class=\"grey\"><span class=\"key\">Baro&scaron;anas avots &#8211;&nbsp;<\/span><span class=\"value\">AC adapteris<\/span><\/li>\n<li class=\"white\"><span class=\"key\">Pudeles tur\u0113t\u0101js<\/span><\/li>\n<li class=\"grey\"><span class=\"key\">Pudele<\/span><img decoding=\"async\" src=\"http:\/\/vs-sport.lt\/themes\/vssport\/img2\/bg59.png\" alt=\"\" \/><\/li>\n<li class=\"white\"><span class=\"key\">Rite\u0146i p\u0101rvieto&scaron;anai<\/span><\/li>\n<li class=\"grey\"><span class=\"key\">Balansa kontrole<\/span><\/li>\n<li class=\"white\"><span class=\"key\">Iztur\u012bbas l\u012bmenis &#8211;&nbsp;<\/span><span class=\"value\">16<\/span><\/li>\n<li class=\"grey\"><span class=\"key\">Slodzes l\u012bmenis &#8211;&nbsp;<\/span><span class=\"value\">Elektronisks<\/span><\/li>\n<li class=\"white\"><span class=\"key\">Programmu skaits &#8211;&nbsp;<\/span><span class=\"value\">18<\/span><img decoding=\"async\" src=\"http:\/\/vs-sport.lt\/themes\/vssport\/img2\/bg59.png\" alt=\"\" \/><\/li>\n<li class=\"grey\"><span class=\"key\">M\u0113r\u012b&scaron;ana jauda vatos<\/span><\/li>\n<li class=\"white\"><span class=\"key\">Sirds ritma kontrole<\/span><img decoding=\"async\" src=\"http:\/\/vs-sport.lt\/themes\/vssport\/img2\/bg59.png\" alt=\"\" \/><\/li>\n<li class=\"grey\"><span class=\"key\">Sirds darb\u012bbas m\u0113r\u012bjums<\/span><\/li>\n<li class=\"white\"><span class=\"key\">Lietot\u0101ja iestat\u012bjumi<\/span><\/li>\n<li class=\"grey\"><span class=\"key\">Kr\u016b&scaron;u siksna<\/span><\/li>\n<li class=\"white\"><span class=\"key\">Ergometrs<\/span><\/li>\n<li class=\"grey\"><span class=\"key\">Pulsa sensori uz st\u016bres<\/span><\/li>\n<li class=\"white\"><span class=\"key\">Grafiskais treni\u0146a att\u0113lojums<\/span><\/li>\n<li class=\"grey\"><span class=\"key\">S\u0113dek\u013ca poz\u012bcijas mai\u0146a &#8211;&nbsp;<\/span><span class=\"value\">Vertik\u0101ls<\/span><\/li>\n<li class=\"white\"><span class=\"key\">Att\u0113lo r\u0101d\u012bjumus:&nbsp;<\/span><span class=\"value\">laiks, distance, kalorijas, vati, \u0101trums (RPM), pulss<\/span><\/li>\n<\/ul>\n<div><span>&nbsp;<\/span>Pieg\u0101de 3 ned\u0113\u013cu laik\u0101 p\u0113c avansa maks\u0101juma sa\u0146em&scaron;anas.<\/div>\n<\/div>\n<\/div>\n<\/div>\n<\/div>\n<\/div>\n<\/div>\n<\/div>\n","protected":false},"excerpt":{"rendered":"<p>B 5.1e Performance&nbsp;velotrena\u017eieris ir prec\u012bzs ergonometrs.&nbsp;Elektorniskas pretest\u012bbas l\u012bme\u0146i iedal\u0101s no 1-16 l\u012bme\u0146iem.&nbsp;&Scaron;is sp\u0113c\u012bgais un kvalitat\u012bvais velotrena\u017eieris ir perfekti paredz\u0113ts ies\u0101cejiem, k\u0101 ar\u012b uz sasniegumiem orient\u0113tiem lietot\u0101jiem. Juan\u0101 tipa M-Force Direct&nbsp;Drive System garant\u0113s Jums gludu, komfortablu brauk&scaron;anu un izsmalcin\u0101ti gudrs dators nodro&scaron;inas pilnu motiv\u0101ciju trena\u017eiera lietot\u0101jam. Modelis &#8211;&nbsp;B5.1E Veids &#8211;&nbsp;Pus-profesion\u0101ls Garantija &#8211;&nbsp;2 gadi Pretest\u012bbas sist\u0113ma &#8211;&nbsp;Magn\u0113tisk\u0101 [&hellip;]<\/p>\n","protected":false},"featured_media":60272,"template":"","meta":[],"product_brand":[],"product_cat":[4588,4590],"product_tag":[],"class_list":{"0":"post-76154","1":"product","2":"type-product","3":"status-publish","4":"has-post-thumbnail","6":"product_cat-trainers-sports","7":"product_cat-elliptical-trainers-trainers-sports","9":"first","10":"instock","11":"shipping-taxable","12":"purchasable","13":"product-type-simple"},"_links":{"self":[{"href":"https:\/\/sezona.lv\/en\/wp-json\/wp\/v2\/product\/76154","targetHints":{"allow":["GET"]}}],"collection":[{"href":"https:\/\/sezona.lv\/en\/wp-json\/wp\/v2\/product"}],"about":[{"href":"https:\/\/sezona.lv\/en\/wp-json\/wp\/v2\/types\/product"}],"wp:featuredmedia":[{"embeddable":true,"href":"https:\/\/sezona.lv\/en\/wp-json\/wp\/v2\/media\/60272"}],"wp:attachment":[{"href":"https:\/\/sezona.lv\/en\/wp-json\/wp\/v2\/media?parent=76154"}],"wp:term":[{"taxonomy":"product_brand","embeddable":true,"href":"https:\/\/sezona.lv\/en\/wp-json\/wp\/v2\/product_brand?post=76154"},{"taxonomy":"product_cat","embeddable":true,"href":"https:\/\/sezona.lv\/en\/wp-json\/wp\/v2\/product_cat?post=76154"},{"taxonomy":"product_tag","embeddable":true,"href":"https:\/\/sezona.lv\/en\/wp-json\/wp\/v2\/product_tag?post=76154"}],"curies":[{"name":"wp","href":"https:\/\/api.w.org\/{rel}","templated":true}]}}