{"id":76155,"date":"2025-07-11T15:39:32","date_gmt":"2025-07-11T12:39:32","guid":{"rendered":"https:\/\/demo8.ecube.lv\/sezona.lv\/products\/reebok-b5-8e-le-performance-bike\/"},"modified":"2025-07-14T14:46:55","modified_gmt":"2025-07-14T11:46:55","slug":"reebok-b5-8e-le-performance-bike","status":"publish","type":"product","link":"https:\/\/sezona.lv\/en\/products\/reebok-b5-8e-le-performance-bike\/","title":{"rendered":"Reebok B5.8e LE Performance Bike"},"content":{"rendered":"<div>\n<div>\n<div>\n<div>\n<div>\n<div>\n<div>\n<div>\n<div>\n<p>&nbsp;<span> <\/span>Reebok B5.8e Limited Edition Eliptiskais trena\u017eieris ir ekskluz\u012bvs, eleganta dizaina produkts, kas ieder\u0113sies jebkur\u0101 m\u0101jsaimniec\u012bb\u0101. Augstas kvalit\u0101tes melni sp\u012bd\u012bga apdare ar ieb\u016bv\u0113tu iPod savienojuma vietu un augstas kvalit\u0101tes m\u016bzikas skand\u0101m ir vien\u012bg\u0101 pareiz\u0101 izv\u0113lne, lai izveidotu &#8220;state of the art&#8221; m\u0101jas sporta z\u0101li. &Scaron;is modelis ir sara\u017eots tikai 500 vien.<\/p>\n<p><span> <\/span>Augstas kvalit\u0101tes LCD ekr\u0101ns par\u0101d\u012bs kr\u0101sain\u0101 grafik\u0101 J\u016bsu sirdsdarb\u012bbas noslodzes l\u012bmeni. LCD ekr\u0101ns &scaron;os datus sa\u0146ems no komplekt\u0101 eso&scaron;\u0101s POLAR sirdsdarb\u012bbas kr\u016b&scaron;u siksnas.<\/p>\n<p><span> <\/span>Regul\u0113jamie k\u0101ju ped\u0101\u013ci nodro&scaron;ina, ka &scaron;is trena\u017eieris b\u016bs piem\u0113rots visa izm\u0113ra cilv\u0113kiem. Polster\u0113tie k\u0101ju palik\u0146i, nodro&scaron;in\u0101s papildus aizsardz\u012bbu J\u016bsu loc\u012btav\u0101m. J\u016bsu \u0113rt\u012bbai uz rokturiem ir izvietoti gan pulsa sensori, gan ar\u012b pretest\u012bbas l\u012bme\u0146a regul\u0113t\u0101js.&nbsp;Izbaudiet Jauno Reebok trena\u017eieri!<\/p>\n<p>&nbsp;<\/p>\n<ul class=\"bullet\">\n<li class=\"white\"><span class=\"key\">Modelis &#8211;&nbsp;<\/span><span class=\"value\">B5.1E<\/span><\/li>\n<li class=\"grey\"><span class=\"key\">Veids &#8211;&nbsp;<\/span><span class=\"value\">Pus-profesion\u0101ls<\/span><\/li>\n<li class=\"white\"><span class=\"key\">Garantija &#8211;&nbsp;<\/span><span class=\"value\">2 gadi<\/span><img decoding=\"async\" src=\"http:\/\/vs-sport.lt\/themes\/vssport\/img2\/bg56.png\" alt=\"\" \/><\/li>\n<li class=\"grey\"><span class=\"key\">Pretest\u012bbas sist\u0113ma &#8211;&nbsp;<\/span><span class=\"value\">Magn\u0113tisk\u0101<\/span><\/li>\n<li class=\"white\"><span class=\"key\">Maksim\u0101lais lietot\u0101ja svars &#8211;&nbsp;<\/span><span class=\"value\">181 kg<\/span><\/li>\n<li class=\"grey\"><span class=\"key\">Svars &#8211;&nbsp;<\/span><span class=\"value\">66 kg<\/span><\/li>\n<li class=\"white\"><span class=\"key\">Spararata svars &#8211;&nbsp;<\/span><span class=\"value\">10 kg<\/span><\/li>\n<li class=\"grey\"><span class=\"key\">Izm\u0113ri (g x p x a) &#8211;&nbsp;<\/span><span class=\"value\">112 x 67 x 143 cm<\/span><\/li>\n<li class=\"white\"><span class=\"key\">Displeja veids &#8211;&nbsp;<\/span><span class=\"value\">LCD<\/span><\/li>\n<li class=\"grey\"><span class=\"key\">Baro&scaron;anas avots<\/span><span class=\"value\">AC adapteris<\/span><\/li>\n<li class=\"white\"><span class=\"key\">Pudeles tur\u0113t\u0101js<\/span><\/li>\n<li class=\"grey\"><span class=\"key\">Pudele<\/span><\/li>\n<li class=\"white\"><span class=\"key\">Rite\u0146i p\u0101rvieto&scaron;anai<\/span><\/li>\n<li class=\"grey\"><span class=\"key\">Balansa kontrole<\/span><\/li>\n<li class=\"white\"><span class=\"key\">Iztur\u012bbas l\u012bmenis &#8211;&nbsp;<\/span><span class=\"value\">16<\/span><\/li>\n<li class=\"grey\"><span class=\"key\">Slodzes l\u012bmenis &#8211;&nbsp;<\/span><span class=\"value\">Elektronisks<\/span><\/li>\n<li class=\"white\"><span class=\"key\">Programmu skaits &#8211;&nbsp;<\/span><span class=\"value\">18<\/span><\/li>\n<li class=\"grey\"><span class=\"key\">M\u0113r\u012b&scaron;ana jauda vatos<\/span><\/li>\n<li class=\"white\"><span class=\"key\">Sirds ritma kontrole<\/span><\/li>\n<li class=\"grey\"><span class=\"key\">Sirds darb\u012bbas m\u0113r\u012bjums<\/span><\/li>\n<li class=\"white\"><span class=\"key\">Lietot\u0101ja iestat\u012bjumi<\/span><\/li>\n<li class=\"grey\"><span class=\"key\">Kr\u016b&scaron;u siksna<\/span><\/li>\n<li class=\"white\"><span class=\"key\">Ergometrs<\/span><\/li>\n<li class=\"grey\"><span class=\"key\">Pulsa sensori uz st\u016bres<\/span><\/li>\n<li class=\"white\"><span class=\"key\">Grafiskais treni\u0146a att\u0113lojums<\/span><\/li>\n<li class=\"grey\"><span class=\"key\">S\u0113dek\u013ca poz\u012bcijas mai\u0146a:&nbsp;<\/span><span class=\"value\">Horizont\u0101ls un vertik\u0101ls<\/span><\/li>\n<li class=\"white\"><span class=\"key\">Att\u0113lo r\u0101d\u012bjumus &#8211;&nbsp;<\/span><span class=\"value\">laiks, distance, kalorijas, vati, \u0101trums (RPM), pulss<\/span><\/li>\n<\/ul>\n<p>&nbsp;<\/p>\n<\/div>\n<p>&nbsp;Pieg\u0101de 3 ned\u0113\u013cu laik\u0101 p\u0113c avansa maks\u0101juma sa\u0146em&scaron;anas.<\/p>\n<\/div>\n<\/div>\n<\/div>\n<\/div>\n<\/div>\n<\/div>\n<\/div>\n<\/div>\n","protected":false},"excerpt":{"rendered":"<p>&nbsp; Reebok B5.8e Limited Edition Eliptiskais trena\u017eieris ir ekskluz\u012bvs, eleganta dizaina produkts, kas ieder\u0113sies jebkur\u0101 m\u0101jsaimniec\u012bb\u0101. Augstas kvalit\u0101tes melni sp\u012bd\u012bga apdare ar ieb\u016bv\u0113tu iPod savienojuma vietu un augstas kvalit\u0101tes m\u016bzikas skand\u0101m ir vien\u012bg\u0101 pareiz\u0101 izv\u0113lne, lai izveidotu &#8220;state of the art&#8221; m\u0101jas sporta z\u0101li. &Scaron;is modelis ir sara\u017eots tikai 500 vien. Augstas kvalit\u0101tes LCD ekr\u0101ns [&hellip;]<\/p>\n","protected":false},"featured_media":60275,"template":"","meta":[],"product_brand":[],"product_cat":[4588,4590],"product_tag":[],"class_list":{"0":"post-76155","1":"product","2":"type-product","3":"status-publish","4":"has-post-thumbnail","6":"product_cat-trainers-sports","7":"product_cat-elliptical-trainers-trainers-sports","9":"first","10":"instock","11":"shipping-taxable","12":"purchasable","13":"product-type-simple"},"_links":{"self":[{"href":"https:\/\/sezona.lv\/en\/wp-json\/wp\/v2\/product\/76155","targetHints":{"allow":["GET"]}}],"collection":[{"href":"https:\/\/sezona.lv\/en\/wp-json\/wp\/v2\/product"}],"about":[{"href":"https:\/\/sezona.lv\/en\/wp-json\/wp\/v2\/types\/product"}],"wp:featuredmedia":[{"embeddable":true,"href":"https:\/\/sezona.lv\/en\/wp-json\/wp\/v2\/media\/60275"}],"wp:attachment":[{"href":"https:\/\/sezona.lv\/en\/wp-json\/wp\/v2\/media?parent=76155"}],"wp:term":[{"taxonomy":"product_brand","embeddable":true,"href":"https:\/\/sezona.lv\/en\/wp-json\/wp\/v2\/product_brand?post=76155"},{"taxonomy":"product_cat","embeddable":true,"href":"https:\/\/sezona.lv\/en\/wp-json\/wp\/v2\/product_cat?post=76155"},{"taxonomy":"product_tag","embeddable":true,"href":"https:\/\/sezona.lv\/en\/wp-json\/wp\/v2\/product_tag?post=76155"}],"curies":[{"name":"wp","href":"https:\/\/api.w.org\/{rel}","templated":true}]}}