{"id":76156,"date":"2025-07-11T15:39:33","date_gmt":"2025-07-11T12:39:33","guid":{"rendered":"https:\/\/demo8.ecube.lv\/sezona.lv\/products\/reebok-c5-1e-performance-crosstrainer\/"},"modified":"2025-07-14T14:46:56","modified_gmt":"2025-07-14T11:46:56","slug":"reebok-c5-1e-performance-crosstrainer","status":"publish","type":"product","link":"https:\/\/sezona.lv\/en\/products\/reebok-c5-1e-performance-crosstrainer\/","title":{"rendered":"Reebok C5.1e Performance Crosstrainer"},"content":{"rendered":"<div>\n<div>\n<div>\n<div>\n<div>\n<div>\n<div>\n<div>\n<p>&nbsp;<\/p>\n<div>\n<ul>\n<li>Izm\u0113rs:&nbsp;&nbsp;<span>136 x 58 x 162cm<\/span><\/li>\n<li>M-Force Direct Drive brem\u017eu sist\u0113ma<\/li>\n<li>16 elektroniskie pretest\u012bbas l\u012bme\u0146i<\/li>\n<li>27kg inerces svars<\/li>\n<li>Zils LCD displejs :&nbsp;\u0100trums \/ Laiks \/ Distance \/ Kalorijas \/&nbsp;Pulss \/ RPM funkcijas<\/li>\n<li>9 lietot\u0101ju profila atmi\u0146a<\/li>\n<li>9 programmas ar frekvenci<\/li>\n<li>Sirdsdarb\u012bbas kontrol\u0113tas programmas<\/li>\n<li>Regul\u0113jami k\u0101ju palik\u0146i<\/li>\n<li>Platformas izm\u0113ri 35,3 x 13.3cm<\/li>\n<li>So\u013ca garums 38cm<\/li>\n<li>Rokas pulsa m\u0113r\u012b&scaron;anas ar&nbsp;POLAR uztv\u0113r\u0113ju<\/li>\n<li>150kg max lietot\u0101ja svars<\/li>\n<\/ul>\n<p>&nbsp;<\/p>\n<p>&nbsp;<\/p>\n<\/div>\n<p>&nbsp;Pieg\u0101de 3 ned\u0113\u013cu laik\u0101 p\u0113c avansa maks\u0101juma sa\u0146em&scaron;anas.<\/p>\n<p>&nbsp;<\/p>\n<\/div>\n<\/div>\n<\/div>\n<\/div>\n<\/div>\n<\/div>\n<\/div>\n<\/div>\n","protected":false},"excerpt":{"rendered":"<p>&nbsp; Izm\u0113rs:&nbsp;&nbsp;136 x 58 x 162cm M-Force Direct Drive brem\u017eu sist\u0113ma 16 elektroniskie pretest\u012bbas l\u012bme\u0146i 27kg inerces svars Zils LCD displejs :&nbsp;\u0100trums \/ Laiks \/ Distance \/ Kalorijas \/&nbsp;Pulss \/ RPM funkcijas 9 lietot\u0101ju profila atmi\u0146a 9 programmas ar frekvenci Sirdsdarb\u012bbas kontrol\u0113tas programmas Regul\u0113jami k\u0101ju palik\u0146i Platformas izm\u0113ri 35,3 x 13.3cm So\u013ca garums 38cm Rokas [&hellip;]<\/p>\n","protected":false},"featured_media":60278,"template":"","meta":[],"product_brand":[],"product_cat":[4588,4590],"product_tag":[],"class_list":{"0":"post-76156","1":"product","2":"type-product","3":"status-publish","4":"has-post-thumbnail","6":"product_cat-trainers-sports","7":"product_cat-elliptical-trainers-trainers-sports","9":"first","10":"instock","11":"shipping-taxable","12":"purchasable","13":"product-type-simple"},"_links":{"self":[{"href":"https:\/\/sezona.lv\/en\/wp-json\/wp\/v2\/product\/76156","targetHints":{"allow":["GET"]}}],"collection":[{"href":"https:\/\/sezona.lv\/en\/wp-json\/wp\/v2\/product"}],"about":[{"href":"https:\/\/sezona.lv\/en\/wp-json\/wp\/v2\/types\/product"}],"wp:featuredmedia":[{"embeddable":true,"href":"https:\/\/sezona.lv\/en\/wp-json\/wp\/v2\/media\/60278"}],"wp:attachment":[{"href":"https:\/\/sezona.lv\/en\/wp-json\/wp\/v2\/media?parent=76156"}],"wp:term":[{"taxonomy":"product_brand","embeddable":true,"href":"https:\/\/sezona.lv\/en\/wp-json\/wp\/v2\/product_brand?post=76156"},{"taxonomy":"product_cat","embeddable":true,"href":"https:\/\/sezona.lv\/en\/wp-json\/wp\/v2\/product_cat?post=76156"},{"taxonomy":"product_tag","embeddable":true,"href":"https:\/\/sezona.lv\/en\/wp-json\/wp\/v2\/product_tag?post=76156"}],"curies":[{"name":"wp","href":"https:\/\/api.w.org\/{rel}","templated":true}]}}