{"id":76157,"date":"2025-07-11T15:39:34","date_gmt":"2025-07-11T12:39:34","guid":{"rendered":"https:\/\/demo8.ecube.lv\/sezona.lv\/products\/reebok-c5-75e-performance-crosstrainer\/"},"modified":"2025-07-14T14:46:56","modified_gmt":"2025-07-14T11:46:56","slug":"reebok-c5-75e-performance-crosstrainer","status":"publish","type":"product","link":"https:\/\/sezona.lv\/en\/products\/reebok-c5-75e-performance-crosstrainer\/","title":{"rendered":"Reebok C5.75e Performance Crosstrainer"},"content":{"rendered":"<div>\n<p>Reebok C5.7se eliptiskais trena\u017eieris ar pretest\u012bbas l\u012bme\u0146iem no 1-75 (25 &#8211; 400W). 27 kg rats, vienlaic\u012bgi ar garu soli, nodro&scaron;ina \u0101rk\u0101rt\u012bgi vienm\u0113r\u012bgas un elipsveida kust\u012bbas. &nbsp;Reebok C5.7se eliptiskais trena\u017eieris ir piem\u0113rots visiem un nodro&scaron;ina optim\u0101lu sniegumu visos slodzes l\u012bme\u0146os. &nbsp;<\/p>\n<div>\n<ul class=\"bullet\">\n<li class=\"white\"><span class=\"key\">Modelis &#8211;&nbsp;<\/span><span class=\"value\">C5.7SE<\/span><\/li>\n<li class=\"grey\"><span class=\"key\">Veids &#8211;&nbsp;<\/span><span class=\"value\">Pus-profesion\u0101ls<\/span><\/li>\n<li class=\"white\"><span class=\"key\">Garantija&nbsp;<\/span><span class=\"value\">2 gadi<\/span><\/li>\n<li class=\"grey\"><span class=\"key\">Pretest\u012bbas sist\u0113ma &#8211;&nbsp;<\/span><span class=\"value\">Magn\u0113tisk\u0101<\/span><\/li>\n<li class=\"white\"><span class=\"key\">Maksim\u0101lais lietot\u0101ja svars&nbsp;<\/span><span class=\"value\">150 kg<\/span><\/li>\n<li class=\"grey\"><span class=\"key\">Spararata svars &#8211;&nbsp;<\/span><span class=\"value\">27 kg<\/span><\/li>\n<li class=\"white\"><span class=\"key\">Izm\u0113ri (g x p x a) &#8211;&nbsp;<\/span><span class=\"value\">136 x 58 x 162 cm<\/span><\/li>\n<li class=\"grey\"><span class=\"key\">Displeja veids &#8211;&nbsp;<\/span><span class=\"value\">LCD<\/span><\/li>\n<li class=\"white\"><span class=\"key\">Baro&scaron;anas avots &#8211;&nbsp;<\/span><span class=\"value\">AC adapteris<\/span><\/li>\n<li class=\"grey\"><span class=\"key\">Pudeles tur\u0113t\u0101js<\/span><\/li>\n<li class=\"white\"><span class=\"key\">Pudele<\/span><\/li>\n<li class=\"grey\"><span class=\"key\">Rite\u0146i p\u0101rvieto&scaron;anai<\/span><\/li>\n<li class=\"white\"><span class=\"key\">Balansa kontrole<\/span><\/li>\n<li class=\"grey\"><span class=\"key\">Iztur\u012bbas l\u012bmenis &#8211;&nbsp;<\/span><span class=\"value\">75 (25 &#8211; 400W)<\/span><\/li>\n<li class=\"white\"><span class=\"key\">Slodzes l\u012bmenis &#8211;&nbsp;<\/span><span class=\"value\">Elektronisks<\/span><\/li>\n<li class=\"grey\"><span class=\"key\">Programmu skaits &#8211;&nbsp;<\/span><span class=\"value\">17<\/span><\/li>\n<li class=\"white\"><span class=\"key\">HRC (sirdsdarb\u012bbas kontroles) programma &#8211;<\/span><span class=\"value\">2<\/span><\/li>\n<li class=\"grey\"><span class=\"key\">Lietot\u0101ja programmas &#8211;&nbsp;<\/span><span class=\"value\">5<\/span><\/li>\n<li class=\"white\"><span class=\"key\">M\u0113r\u012b&scaron;ana jauda vatos<\/span><\/li>\n<li class=\"grey\"><span class=\"key\">Sirds ritma kontrole<\/span><\/li>\n<li class=\"white\"><span class=\"key\">Sirds darb\u012bbas m\u0113r\u012bjums<\/span><\/li>\n<li class=\"grey\"><span class=\"key\">Lietot\u0101ja iestat\u012bjumi<\/span><\/li>\n<li class=\"white\"><span class=\"key\">Ergometrs<\/span><\/li>\n<li class=\"grey\"><span class=\"key\">Pulsa sensori uz st\u016bres<\/span><\/li>\n<li class=\"white\"><span class=\"key\">Regul\u0113jams ped\u0101\u013cu st\u0101voklis<\/span><\/li>\n<li class=\"grey\"><span class=\"key\">So\u013ca garums&nbsp;<\/span><span class=\"value\">38 cm<\/span><\/li>\n<li class=\"white\"><span class=\"key\">Grafiskais treni\u0146a att\u0113lojums<\/span><\/li>\n<li class=\"grey\"><span class=\"key\">Att\u0113lo r\u0101d\u012bjumus &#8211;&nbsp;<\/span><span class=\"value\">Laiks, att\u0101lums, kalorijas, \u0101trums, pulss<\/span><\/li>\n<\/ul>\n<\/div>\n<\/div>\n<p>&nbsp;Pieg\u0101de 3 ned\u0113\u013cu laik\u0101 p\u0113c avansa maks\u0101juma sa\u0146em&scaron;anas.<\/p>\n","protected":false},"excerpt":{"rendered":"<p>Reebok C5.7se eliptiskais trena\u017eieris ar pretest\u012bbas l\u012bme\u0146iem no 1-75 (25 &#8211; 400W). 27 kg rats, vienlaic\u012bgi ar garu soli, nodro&scaron;ina \u0101rk\u0101rt\u012bgi vienm\u0113r\u012bgas un elipsveida kust\u012bbas. &nbsp;Reebok C5.7se eliptiskais trena\u017eieris ir piem\u0113rots visiem un nodro&scaron;ina optim\u0101lu sniegumu visos slodzes l\u012bme\u0146os. &nbsp; Modelis &#8211;&nbsp;C5.7SE Veids &#8211;&nbsp;Pus-profesion\u0101ls Garantija&nbsp;2 gadi Pretest\u012bbas sist\u0113ma &#8211;&nbsp;Magn\u0113tisk\u0101 Maksim\u0101lais lietot\u0101ja svars&nbsp;150 kg Spararata svars [&hellip;]<\/p>\n","protected":false},"featured_media":60281,"template":"","meta":[],"product_brand":[],"product_cat":[4588,4590],"product_tag":[],"class_list":{"0":"post-76157","1":"product","2":"type-product","3":"status-publish","4":"has-post-thumbnail","6":"product_cat-trainers-sports","7":"product_cat-elliptical-trainers-trainers-sports","9":"first","10":"instock","11":"shipping-taxable","12":"purchasable","13":"product-type-simple"},"_links":{"self":[{"href":"https:\/\/sezona.lv\/en\/wp-json\/wp\/v2\/product\/76157","targetHints":{"allow":["GET"]}}],"collection":[{"href":"https:\/\/sezona.lv\/en\/wp-json\/wp\/v2\/product"}],"about":[{"href":"https:\/\/sezona.lv\/en\/wp-json\/wp\/v2\/types\/product"}],"wp:featuredmedia":[{"embeddable":true,"href":"https:\/\/sezona.lv\/en\/wp-json\/wp\/v2\/media\/60281"}],"wp:attachment":[{"href":"https:\/\/sezona.lv\/en\/wp-json\/wp\/v2\/media?parent=76157"}],"wp:term":[{"taxonomy":"product_brand","embeddable":true,"href":"https:\/\/sezona.lv\/en\/wp-json\/wp\/v2\/product_brand?post=76157"},{"taxonomy":"product_cat","embeddable":true,"href":"https:\/\/sezona.lv\/en\/wp-json\/wp\/v2\/product_cat?post=76157"},{"taxonomy":"product_tag","embeddable":true,"href":"https:\/\/sezona.lv\/en\/wp-json\/wp\/v2\/product_tag?post=76157"}],"curies":[{"name":"wp","href":"https:\/\/api.w.org\/{rel}","templated":true}]}}