{"id":76160,"date":"2025-07-11T15:39:38","date_gmt":"2025-07-11T12:39:38","guid":{"rendered":"https:\/\/demo8.ecube.lv\/sezona.lv\/products\/reebok-t3-2-performance-treadmill\/"},"modified":"2025-07-14T14:46:59","modified_gmt":"2025-07-14T11:46:59","slug":"reebok-t3-2-performance-treadmill","status":"publish","type":"product","link":"https:\/\/sezona.lv\/en\/products\/reebok-t3-2-performance-treadmill\/","title":{"rendered":"Reebok T3.2 Performance Treadmill"},"content":{"rendered":"<p><span> <\/span>Reebok Skrejce\u013c&scaron; 3.2. ir gan ar gludu un vieglu dizainu, gan ar\u012b viegli salok\u0101ms un p\u0101rnesams. &Scaron;is modelis ir ar balsts piekares tehnolo\u0123iju, kas pal\u012bdz samazin\u0101t treni\u0146u laik\u0101 iesp\u0113jamo traumu risku. Modelim ir ieb\u016bv\u0113tas 31 jau defin\u0113tas standarta programmas, k\u0101 ar\u012b ir iesp\u0113ja papildus programm\u0113t sev v\u0113lam\u0101s funkcijas.&nbsp;Ar 12 slodzes l\u012bme\u0146u iesp\u0113ju &#8211; &scaron;is trena\u017eieris ir piem\u0113rojams visiem slodzes l\u012bme\u0146iem un treni\u0146u veidiem.<\/p>\n<p>&nbsp;<\/p>\n<p>&nbsp;<\/p>\n<ul>\n<li>LCD displejs,&nbsp;<\/li>\n<li>Maks. lietot\u0101ja svars 130 kg<\/li>\n<li>Izm\u0113ri: 169 x 130 x 86 cm<\/li>\n<\/ul>\n<p>&nbsp;Pieg\u0101de 3 ned\u0113\u013cu laik\u0101 p\u0113c avansa maks\u0101juma sa\u0146em&scaron;anas.<\/p>\n","protected":false},"excerpt":{"rendered":"<p>Reebok Skrejce\u013c&scaron; 3.2. ir gan ar gludu un vieglu dizainu, gan ar\u012b viegli salok\u0101ms un p\u0101rnesams. &Scaron;is modelis ir ar balsts piekares tehnolo\u0123iju, kas pal\u012bdz samazin\u0101t treni\u0146u laik\u0101 iesp\u0113jamo traumu risku. Modelim ir ieb\u016bv\u0113tas 31 jau defin\u0113tas standarta programmas, k\u0101 ar\u012b ir iesp\u0113ja papildus programm\u0113t sev v\u0113lam\u0101s funkcijas.&nbsp;Ar 12 slodzes l\u012bme\u0146u iesp\u0113ju &#8211; &scaron;is trena\u017eieris [&hellip;]<\/p>\n","protected":false},"featured_media":60292,"template":"","meta":[],"product_brand":[],"product_cat":[4588,4591],"product_tag":[],"class_list":{"0":"post-76160","1":"product","2":"type-product","3":"status-publish","4":"has-post-thumbnail","6":"product_cat-trainers-sports","7":"product_cat-runways-trainers-sports","9":"first","10":"instock","11":"shipping-taxable","12":"purchasable","13":"product-type-simple"},"_links":{"self":[{"href":"https:\/\/sezona.lv\/en\/wp-json\/wp\/v2\/product\/76160","targetHints":{"allow":["GET"]}}],"collection":[{"href":"https:\/\/sezona.lv\/en\/wp-json\/wp\/v2\/product"}],"about":[{"href":"https:\/\/sezona.lv\/en\/wp-json\/wp\/v2\/types\/product"}],"wp:featuredmedia":[{"embeddable":true,"href":"https:\/\/sezona.lv\/en\/wp-json\/wp\/v2\/media\/60292"}],"wp:attachment":[{"href":"https:\/\/sezona.lv\/en\/wp-json\/wp\/v2\/media?parent=76160"}],"wp:term":[{"taxonomy":"product_brand","embeddable":true,"href":"https:\/\/sezona.lv\/en\/wp-json\/wp\/v2\/product_brand?post=76160"},{"taxonomy":"product_cat","embeddable":true,"href":"https:\/\/sezona.lv\/en\/wp-json\/wp\/v2\/product_cat?post=76160"},{"taxonomy":"product_tag","embeddable":true,"href":"https:\/\/sezona.lv\/en\/wp-json\/wp\/v2\/product_tag?post=76160"}],"curies":[{"name":"wp","href":"https:\/\/api.w.org\/{rel}","templated":true}]}}