{"id":76161,"date":"2025-07-11T15:39:39","date_gmt":"2025-07-11T12:39:39","guid":{"rendered":"https:\/\/demo8.ecube.lv\/sezona.lv\/products\/reebok-t4-2-performance-treadmill\/"},"modified":"2025-07-14T14:47:00","modified_gmt":"2025-07-14T11:47:00","slug":"reebok-t4-2-performance-treadmill","status":"publish","type":"product","link":"https:\/\/sezona.lv\/en\/products\/reebok-t4-2-performance-treadmill\/","title":{"rendered":"Reebok T4.2 Performance Treadmill"},"content":{"rendered":"<p>&nbsp;<\/p>\n<p><span> <\/span>Reebok Skrejce\u013c&scaron; 4.2. ir gan ar gludu un vieglu dizainu, gan ar\u012b viegli salok\u0101ms un p\u0101rnesams. &Scaron;is modelis ir ar balsts piekares tehnolo\u0123iju, kas pal\u012bdz samazin\u0101t treni\u0146u laik\u0101 iesp\u0113jamo traumu risku. Modelim ir ieb\u016bv\u0113tas 29 jau defin\u0113tas standarta programmas, k\u0101 ar\u012b ir iesp\u0113ja papildus programm\u0113t sev v\u0113lam\u0101s funkcijas.&nbsp;Ar 12 slodzes l\u012bme\u0146u iesp\u0113ju &#8211; &scaron;is trena\u017eieris ir piem\u0113rojams visiem slodzes l\u012bme\u0146iem un treni\u0146u veidiem.<\/p>\n<p>&nbsp;<\/p>\n<ul class=\"bullet\">\n<li class=\"white\"><span class=\"key\">Izm\u0113ri (g x p x a)&nbsp;<\/span><span class=\"value\">174 x 86 x 140 cm<\/span><\/li>\n<li class=\"grey\"><span class=\"key\">Izm\u0113rs, kad salikts&nbsp;<\/span><span class=\"value\">82 x 86 x 171 cm<\/span><\/li>\n<li class=\"grey\"><span class=\"value\"><span class=\"key\">Maksim\u0101lais lietot\u0101ja svars&nbsp;<\/span><span class=\"value\">130 KG<\/span><\/span><\/li>\n<li class=\"grey\"><span class=\"key\">Displeja veids&nbsp;<\/span><span class=\"value\">LCD<\/span><\/li>\n<li class=\"grey\"><span class=\"key\">Baro&scaron;anas avots&nbsp;<\/span><span class=\"value\">AC<\/span><\/li>\n<li class=\"grey\">Pudeles tur\u0113t\u0101js<\/li>\n<li class=\"grey\">Rite\u0146i p\u0101rvieto&scaron;anai<\/li>\n<li class=\"grey\"><span class=\"key\">Slodzes l\u012bmenis &#8211;&nbsp;<\/span><span class=\"value\">Elektronisks<\/span><\/li>\n<li class=\"grey\"><span class=\"key\">Programmu skaits&nbsp;<\/span><span class=\"value\">29<\/span><\/li>\n<li class=\"grey\">HRC (sirdsdarb\u012bbas kontroles) programma &#8211; 1<\/li>\n<li class=\"grey\">Sirds ritma kontrole<\/li>\n<li class=\"grey\">Sirds darb\u012bbas m\u0113r\u012bjums<\/li>\n<li class=\"grey\">Lietot\u0101ja iestat\u012bjumi<\/li>\n<li class=\"grey\"><span class=\"key\">Kr\u016b&scaron;u siksna &#8211;&nbsp;<\/span><span class=\"value\">Fakultat\u012bvs<\/span><\/li>\n<li class=\"grey\">Pulsa sensori uz st\u016bres<\/li>\n<li class=\"grey\"><span class=\"key\">Motora jauda&nbsp;<\/span><span class=\"value\">2.0 AG<\/span><\/li>\n<li class=\"grey\"><span class=\"key\">\u0100trums&nbsp;<\/span><span class=\"value\">0.8 &#8211; 18 KM\/H<\/span><\/li>\n<li class=\"grey\"><span class=\"key\">Sl\u012bpuma augstums&nbsp;<\/span><span class=\"value\">0-12%<\/span><\/li>\n<li class=\"grey\">Autom\u0101tisks sl\u012bpums<\/li>\n<li class=\"grey\"><span class=\"key\">Skrie&scaron;anas laukuma izm\u0113rs&nbsp;<\/span><span class=\"value\">130 x 50 cm<\/span><\/li>\n<li class=\"grey\">Amortiz\u0101cija<\/li>\n<li class=\"grey\">Dro&scaron;\u012bbas atsl\u0113ga<\/li>\n<li class=\"grey\"><span class=\"key\">Att\u0113lo r\u0101d\u012bjumus &#8211;&nbsp;<\/span><span class=\"value\">Laiks, \u0101trums, att\u0101lums, kalorijas, pulss, \u0101trums sl\u012bpum\u0101<\/span><\/li>\n<\/ul>\n<p>&nbsp;Pieg\u0101de 3 ned\u0113\u013cu laik\u0101 p\u0113c avansa maks\u0101juma sa\u0146em&scaron;anas.<\/p>\n<p>&nbsp;<\/p>\n","protected":false},"excerpt":{"rendered":"<p>&nbsp; Reebok Skrejce\u013c&scaron; 4.2. ir gan ar gludu un vieglu dizainu, gan ar\u012b viegli salok\u0101ms un p\u0101rnesams. &Scaron;is modelis ir ar balsts piekares tehnolo\u0123iju, kas pal\u012bdz samazin\u0101t treni\u0146u laik\u0101 iesp\u0113jamo traumu risku. Modelim ir ieb\u016bv\u0113tas 29 jau defin\u0113tas standarta programmas, k\u0101 ar\u012b ir iesp\u0113ja papildus programm\u0113t sev v\u0113lam\u0101s funkcijas.&nbsp;Ar 12 slodzes l\u012bme\u0146u iesp\u0113ju &#8211; &scaron;is [&hellip;]<\/p>\n","protected":false},"featured_media":60297,"template":"","meta":[],"product_brand":[],"product_cat":[4588,4591],"product_tag":[],"class_list":{"0":"post-76161","1":"product","2":"type-product","3":"status-publish","4":"has-post-thumbnail","6":"product_cat-trainers-sports","7":"product_cat-runways-trainers-sports","9":"first","10":"instock","11":"shipping-taxable","12":"purchasable","13":"product-type-simple"},"_links":{"self":[{"href":"https:\/\/sezona.lv\/en\/wp-json\/wp\/v2\/product\/76161","targetHints":{"allow":["GET"]}}],"collection":[{"href":"https:\/\/sezona.lv\/en\/wp-json\/wp\/v2\/product"}],"about":[{"href":"https:\/\/sezona.lv\/en\/wp-json\/wp\/v2\/types\/product"}],"wp:featuredmedia":[{"embeddable":true,"href":"https:\/\/sezona.lv\/en\/wp-json\/wp\/v2\/media\/60297"}],"wp:attachment":[{"href":"https:\/\/sezona.lv\/en\/wp-json\/wp\/v2\/media?parent=76161"}],"wp:term":[{"taxonomy":"product_brand","embeddable":true,"href":"https:\/\/sezona.lv\/en\/wp-json\/wp\/v2\/product_brand?post=76161"},{"taxonomy":"product_cat","embeddable":true,"href":"https:\/\/sezona.lv\/en\/wp-json\/wp\/v2\/product_cat?post=76161"},{"taxonomy":"product_tag","embeddable":true,"href":"https:\/\/sezona.lv\/en\/wp-json\/wp\/v2\/product_tag?post=76161"}],"curies":[{"name":"wp","href":"https:\/\/api.w.org\/{rel}","templated":true}]}}