{"id":76163,"date":"2025-07-11T15:39:41","date_gmt":"2025-07-11T12:39:41","guid":{"rendered":"https:\/\/demo8.ecube.lv\/sezona.lv\/products\/reebok-t5-2-performance-treadmill\/"},"modified":"2025-07-14T14:47:02","modified_gmt":"2025-07-14T11:47:02","slug":"reebok-t5-2-performance-treadmill","status":"publish","type":"product","link":"https:\/\/sezona.lv\/en\/products\/reebok-t5-2-performance-treadmill\/","title":{"rendered":"Reebok T5.2 Performance Treadmill"},"content":{"rendered":"<p>&nbsp;<\/p>\n<p><span> <\/span>Reebok T5.2. skrejce\u013c&scaron; ar 2.25 hp motoru ir vispiem\u0113rot\u0101k\u0101 izv\u0113le pieredz\u0113ju&scaron;iem un uz izciliem rezult\u0101tiem orient\u0113tiem skr\u0113j\u0113jiem. Reebok vismodern\u0101kais dizains un jaun\u0101k\u0101s tehnolo\u0123ijas nodro&scaron;in\u0101s, ka katrs treni\u0146&scaron; b\u016bs maksim\u0101li komfortabls un samazin\u0101s risku ieg\u016bt traumas.<\/p>\n<p><span> <\/span>Modernais 7&#8243; sk\u0101rienj\u016bt\u012bgais ekr\u0101ns sniegs Jums atskaiti par katra treni\u0146a norisi, k\u0101 ar\u012b ir piln\u012bb\u0101 konfigur\u0113jums p\u0113c J\u016bsu ieskatiem. J\u016bs variet kontrol\u0113t savu \u0101trumu ar\u012b ar uz rokturiem ieb\u016bv\u0113tiem kontrol\u0113t\u0101jiem un izbaud\u012bt treni\u0146u ar ieb\u016bv\u0113to IPod savienojuma ligzdu un augstas kvalitates ska\u013cru\u0146iem.<\/p>\n<p>&nbsp;<\/p>\n<p>&nbsp;<\/p>\n<ul class=\"bullet\">\n<li class=\"white\"><span class=\"key\">Izm\u0113ri (g x p x a)&nbsp;<\/span>&nbsp;&nbsp;<span>161 x 80 x 131 cm<\/span><\/li>\n<li class=\"grey\"><span class=\"key\">Izm\u0113rs, kad salikts&nbsp;<\/span>&nbsp;<span>35 x 80 x 159 cm<\/span><\/li>\n<li class=\"grey\"><span class=\"value\"><span class=\"key\">Maksim\u0101lais lietot\u0101ja svars&nbsp;<\/span><span class=\"value\">100 KG<\/span><\/span><\/li>\n<li class=\"grey\"><span class=\"key\">Displeja veids TFT<\/span><\/li>\n<li class=\"grey\"><span class=\"key\">Baro&scaron;anas avots&nbsp;<\/span><span class=\"value\">AC<\/span><\/li>\n<li class=\"grey\">Rite\u0146i p\u0101rvieto&scaron;anai<\/li>\n<li class=\"grey\"><span class=\"key\">Slodzes l\u012bmenis &#8211;&nbsp;<\/span><span class=\"value\">Elektronisks<\/span><\/li>\n<li class=\"grey\"><span class=\"key\">Programmu skaits 7<\/span><\/li>\n<li class=\"grey\">HRC (sirdsdarb\u012bbas kontroles) programma &#8211; 1<\/li>\n<li class=\"grey\">Sirds ritma kontrole<\/li>\n<li class=\"grey\">Sirds darb\u012bbas m\u0113r\u012bjums<\/li>\n<li class=\"grey\">Lietot\u0101ja iestat\u012bjumi<\/li>\n<li class=\"grey\">Pulsa sensori uz st\u016bres<\/li>\n<li class=\"grey\"><span class=\"key\">Motora jauda&nbsp;<\/span><span class=\"value\">1.75 AG<\/span><\/li>\n<li class=\"grey\"><span class=\"key\">\u0100trums&nbsp;<\/span><span class=\"value\">0.8 &#8211; 14 KM\/H<\/span><\/li>\n<li class=\"grey\">Autom\u0101tisks sl\u012bpums<\/li>\n<li class=\"grey\"><span class=\"key\">Skrie&scaron;anas laukuma izm\u0113rs&nbsp;<\/span>&nbsp;<span>120 x 40 cm<\/span><\/li>\n<li class=\"grey\">Amortiz\u0101cija<\/li>\n<li class=\"grey\">Dro&scaron;\u012bbas atsl\u0113ga<\/li>\n<li class=\"grey\"><span class=\"key\">Att\u0113lo r\u0101d\u012bjumus &#8211;&nbsp;<\/span><span class=\"value\">Laiks, \u0101trums, att\u0101lums, kalorijas, pulss<\/span><\/li>\n<\/ul>\n<p>&nbsp;<\/p>\n<p>&nbsp;<\/p>\n<p>&nbsp;Pieg\u0101de 3 ned\u0113\u013cu laik\u0101 p\u0113c avansa maks\u0101juma sa\u0146em&scaron;anas.<\/p>\n","protected":false},"excerpt":{"rendered":"<p>&nbsp; Reebok T5.2. skrejce\u013c&scaron; ar 2.25 hp motoru ir vispiem\u0113rot\u0101k\u0101 izv\u0113le pieredz\u0113ju&scaron;iem un uz izciliem rezult\u0101tiem orient\u0113tiem skr\u0113j\u0113jiem. Reebok vismodern\u0101kais dizains un jaun\u0101k\u0101s tehnolo\u0123ijas nodro&scaron;in\u0101s, ka katrs treni\u0146&scaron; b\u016bs maksim\u0101li komfortabls un samazin\u0101s risku ieg\u016bt traumas. Modernais 7&#8243; sk\u0101rienj\u016bt\u012bgais ekr\u0101ns sniegs Jums atskaiti par katra treni\u0146a norisi, k\u0101 ar\u012b ir piln\u012bb\u0101 konfigur\u0113jums p\u0113c J\u016bsu ieskatiem. [&hellip;]<\/p>\n","protected":false},"featured_media":60307,"template":"","meta":[],"product_brand":[],"product_cat":[4588,4591],"product_tag":[],"class_list":{"0":"post-76163","1":"product","2":"type-product","3":"status-publish","4":"has-post-thumbnail","6":"product_cat-trainers-sports","7":"product_cat-runways-trainers-sports","9":"first","10":"instock","11":"shipping-taxable","12":"purchasable","13":"product-type-simple"},"_links":{"self":[{"href":"https:\/\/sezona.lv\/en\/wp-json\/wp\/v2\/product\/76163","targetHints":{"allow":["GET"]}}],"collection":[{"href":"https:\/\/sezona.lv\/en\/wp-json\/wp\/v2\/product"}],"about":[{"href":"https:\/\/sezona.lv\/en\/wp-json\/wp\/v2\/types\/product"}],"wp:featuredmedia":[{"embeddable":true,"href":"https:\/\/sezona.lv\/en\/wp-json\/wp\/v2\/media\/60307"}],"wp:attachment":[{"href":"https:\/\/sezona.lv\/en\/wp-json\/wp\/v2\/media?parent=76163"}],"wp:term":[{"taxonomy":"product_brand","embeddable":true,"href":"https:\/\/sezona.lv\/en\/wp-json\/wp\/v2\/product_brand?post=76163"},{"taxonomy":"product_cat","embeddable":true,"href":"https:\/\/sezona.lv\/en\/wp-json\/wp\/v2\/product_cat?post=76163"},{"taxonomy":"product_tag","embeddable":true,"href":"https:\/\/sezona.lv\/en\/wp-json\/wp\/v2\/product_tag?post=76163"}],"curies":[{"name":"wp","href":"https:\/\/api.w.org\/{rel}","templated":true}]}}