{"id":76164,"date":"2025-07-11T15:39:43","date_gmt":"2025-07-11T12:39:43","guid":{"rendered":"https:\/\/demo8.ecube.lv\/sezona.lv\/products\/reebok-t7-8le-performance-treadmill\/"},"modified":"2025-07-14T14:47:04","modified_gmt":"2025-07-14T11:47:04","slug":"reebok-t7-8le-performance-treadmill","status":"publish","type":"product","link":"https:\/\/sezona.lv\/en\/products\/reebok-t7-8le-performance-treadmill\/","title":{"rendered":"Reebok T7.8LE Performance Treadmill"},"content":{"rendered":"<p>&nbsp;Pieg\u0101de 3 ned\u0113\u013cu laik\u0101 p\u0113c avansa maks\u0101juma sa\u0146em&scaron;anas.<\/p>\n","protected":false},"excerpt":{"rendered":"<p>&nbsp;Pieg\u0101de 3 ned\u0113\u013cu laik\u0101 p\u0113c avansa maks\u0101juma sa\u0146em&scaron;anas.<\/p>\n","protected":false},"featured_media":60312,"template":"","meta":[],"product_brand":[],"product_cat":[4588,4591],"product_tag":[],"class_list":{"0":"post-76164","1":"product","2":"type-product","3":"status-publish","4":"has-post-thumbnail","6":"product_cat-trainers-sports","7":"product_cat-runways-trainers-sports","9":"first","10":"instock","11":"shipping-taxable","12":"purchasable","13":"product-type-simple"},"_links":{"self":[{"href":"https:\/\/sezona.lv\/en\/wp-json\/wp\/v2\/product\/76164","targetHints":{"allow":["GET"]}}],"collection":[{"href":"https:\/\/sezona.lv\/en\/wp-json\/wp\/v2\/product"}],"about":[{"href":"https:\/\/sezona.lv\/en\/wp-json\/wp\/v2\/types\/product"}],"wp:featuredmedia":[{"embeddable":true,"href":"https:\/\/sezona.lv\/en\/wp-json\/wp\/v2\/media\/60312"}],"wp:attachment":[{"href":"https:\/\/sezona.lv\/en\/wp-json\/wp\/v2\/media?parent=76164"}],"wp:term":[{"taxonomy":"product_brand","embeddable":true,"href":"https:\/\/sezona.lv\/en\/wp-json\/wp\/v2\/product_brand?post=76164"},{"taxonomy":"product_cat","embeddable":true,"href":"https:\/\/sezona.lv\/en\/wp-json\/wp\/v2\/product_cat?post=76164"},{"taxonomy":"product_tag","embeddable":true,"href":"https:\/\/sezona.lv\/en\/wp-json\/wp\/v2\/product_tag?post=76164"}],"curies":[{"name":"wp","href":"https:\/\/api.w.org\/{rel}","templated":true}]}}