{"id":76166,"date":"2025-07-11T15:39:45","date_gmt":"2025-07-11T12:39:45","guid":{"rendered":"https:\/\/demo8.ecube.lv\/sezona.lv\/products\/nino-36-smile-dzeltena\/"},"modified":"2025-07-14T14:47:06","modified_gmt":"2025-07-14T11:47:06","slug":"nino-36-smile-dzeltena","status":"publish","type":"product","link":"https:\/\/sezona.lv\/en\/products\/nino-36-smile-dzeltena\/","title":{"rendered":"NINO 36 Smile dzeltena"},"content":{"rendered":"<p>N\u016bjas modelis: Nino 36<\/p>\n<p>Lokan\u012bba: 36mm<\/p>\n<p>K\u0101ts: taisns<\/p>\n<p>Tinums: x-ercise<\/p>\n<p>Svars: 162 g<\/p>\n<p>N\u016bjas garums: 55, 60 un 65 cm<\/p>\n<p>Kr\u0101sa: dzeltena<\/p>\n<p>N\u016bjas garums j\u0101izv\u0113las attiec\u012bb\u0101 pret sp\u0113l\u0113t\u0101ja augumu!<\/p>\n<table border=\"1\" cellspacing=\"0\" cellpadding=\"0\" align=\"left\">\n<tbody>\n<tr>\n<td width=\"152\" valign=\"top\">\n<p>N\u016bjas garums<\/p>\n<\/td>\n<td width=\"158\" valign=\"top\">\n<p>Sp\u0113l\u0113t\u0101ja augums<\/p>\n<\/td>\n<\/tr>\n<tr>\n<td width=\"152\" valign=\"top\">\n<p>L\u012bdz 80 cm<\/p>\n<\/td>\n<td width=\"158\" valign=\"top\">\n<p>130 &#8211;&nbsp; 145 cm<\/p>\n<\/td>\n<\/tr>\n<tr>\n<td width=\"152\" valign=\"top\">\n<p>80-85 cm<\/p>\n<\/td>\n<td width=\"158\" valign=\"top\">\n<p>145 &#8211; 155 cm<\/p>\n<\/td>\n<\/tr>\n<tr>\n<td width=\"152\" valign=\"top\">\n<p>85-90 cm<\/p>\n<\/td>\n<td width=\"158\" valign=\"top\">\n<p>155 &#8211; 165 cm<\/p>\n<\/td>\n<\/tr>\n<tr>\n<td width=\"152\" valign=\"top\">\n<p>90-95 cm<\/p>\n<\/td>\n<td width=\"158\" valign=\"top\">\n<p>165 &#8211; 175 cm<\/p>\n<\/td>\n<\/tr>\n<tr>\n<td width=\"152\" valign=\"top\">\n<p>95 cm un gar\u0101ka<\/p>\n<\/td>\n<td width=\"158\" valign=\"top\">\n<p>175 &#8211; 190 cm<\/p>\n<\/td>\n<\/tr>\n<\/tbody>\n<\/table>\n<p>&nbsp;<\/p>\n<p>&nbsp;<\/p>\n","protected":false},"excerpt":{"rendered":"<p>N\u016bjas modelis: Nino 36 Lokan\u012bba: 36mm K\u0101ts: taisns Tinums: x-ercise Svars: 162 g N\u016bjas garums: 55, 60 un 65 cm Kr\u0101sa: dzeltena N\u016bjas garums j\u0101izv\u0113las attiec\u012bb\u0101 pret sp\u0113l\u0113t\u0101ja augumu! N\u016bjas garums Sp\u0113l\u0113t\u0101ja augums L\u012bdz 80 cm 130 &#8211;&nbsp; 145 cm 80-85 cm 145 &#8211; 155 cm 85-90 cm 155 &#8211; 165 cm 90-95 cm 165 [&hellip;]<\/p>\n","protected":false},"featured_media":60320,"template":"","meta":[],"product_brand":[],"product_cat":[4633,4642],"product_tag":[],"class_list":{"0":"post-76166","1":"product","2":"type-product","3":"status-publish","4":"has-post-thumbnail","6":"product_cat-floorball-summer-sports-sports","7":"product_cat-floorball-sticks-floorball-summer-sports-sports","9":"first","10":"instock","11":"shipping-taxable","12":"purchasable","13":"product-type-simple"},"_links":{"self":[{"href":"https:\/\/sezona.lv\/en\/wp-json\/wp\/v2\/product\/76166","targetHints":{"allow":["GET"]}}],"collection":[{"href":"https:\/\/sezona.lv\/en\/wp-json\/wp\/v2\/product"}],"about":[{"href":"https:\/\/sezona.lv\/en\/wp-json\/wp\/v2\/types\/product"}],"wp:featuredmedia":[{"embeddable":true,"href":"https:\/\/sezona.lv\/en\/wp-json\/wp\/v2\/media\/60320"}],"wp:attachment":[{"href":"https:\/\/sezona.lv\/en\/wp-json\/wp\/v2\/media?parent=76166"}],"wp:term":[{"taxonomy":"product_brand","embeddable":true,"href":"https:\/\/sezona.lv\/en\/wp-json\/wp\/v2\/product_brand?post=76166"},{"taxonomy":"product_cat","embeddable":true,"href":"https:\/\/sezona.lv\/en\/wp-json\/wp\/v2\/product_cat?post=76166"},{"taxonomy":"product_tag","embeddable":true,"href":"https:\/\/sezona.lv\/en\/wp-json\/wp\/v2\/product_tag?post=76166"}],"curies":[{"name":"wp","href":"https:\/\/api.w.org\/{rel}","templated":true}]}}