{"id":76167,"date":"2025-07-11T15:39:46","date_gmt":"2025-07-11T12:39:46","guid":{"rendered":"https:\/\/demo8.ecube.lv\/sezona.lv\/products\/elektriskais-zivju-zvinu-tiritajs-kompl\/"},"modified":"2025-07-14T14:47:07","modified_gmt":"2025-07-14T11:47:07","slug":"elektriskais-zivju-zvinu-tiritajs-kompl","status":"publish","type":"product","link":"https:\/\/sezona.lv\/en\/products\/elektriskais-zivju-zvinu-tiritajs-kompl\/","title":{"rendered":"Elektriskais zivju zv\u012b\u0146u t\u012br\u012bt\u0101js (kompl.)"},"content":{"rendered":"<p>D\u0101mas un Kungi, iepaz\u012bstieties! EFS ir priec\u012bgs jaunums mak&scaron;\u0137erniekiem, pav\u0101riem, m\u0101jsaimniec\u0113m un ikvienam, kam gar&scaron;o zivis.<br \/>EFS ir tepat Latvij\u0101 rad\u012bts unik\u0101ls elektriskais zv\u012b\u0146u t\u012br\u012bt\u0101js &ndash; viegli not\u012br\u012bs jebkuru zivi da\u017e\u0101s sekund\u0113s! <\/p>\n<p>Zivju   t\u012br\u012b&scaron;ana&#8230; Katrs, kur&scaron; dz\u012bv\u0113 ar to sask\u0101ries, var tikt uzskat\u012bts par   cietu&scaron;o. T\u0101 ir \u0137\u0113pa, kas apdraud gan rokas, gan gr\u012bdu t\u012br\u012bbu, turkl\u0101t   pat\u0113r\u0113 daudz laika. Sevi&scaron;\u0137i, ja dar\u012b&scaron;ana ar meistar\u012bga asaru \u0137\u0113r\u0101ja   dienas lomu, zivju t\u012br\u012b&scaron;ana var aiz\u0146emt krietnu stundu. Ta\u010du ar EFS   zv\u012b\u0146as pat no apkaltu&scaron;a asara noz\u016bd tik viegli k\u0101 nop\u016b&scaron;ot putek\u013cus.   T\u0101p\u0113c Elektriskais zv\u012b\u0146u t\u012br\u012bt\u0101js (EFS) ir neaizvietojams virtuves   elektropiederums, kur&scaron; pamaz\u0101m ieg\u016bst popularit\u0101ti ar\u012b pav\u0101ru aprind\u0101s.<\/p>\n<p>M\u016bsu uzlabot\u0101 rot\u0113jo&scaron;\u0101s r\u012bves forma \u013cauj piepild\u012bt sol\u012bjumus un tie&scaron;\u0101m not\u012br\u012bt zivi da\u017eu sekun\u017eu laik\u0101. <br \/>\u012apa&scaron;i piestr\u0101d\u0101j\u0101m, lai EFS neb\u016btu p\u0101r\u0101k smags un viegli iek\u013cautos rok\u0101. <br \/>EFS darba jauda ir 12V, tas piesl\u0113dzams 220V t\u012bklam ar \u012bpa&scaron;u adapteri.<br \/>Papildu ieg\u0101d\u0101joties p\u0101rejas vadu, m\u016bsu EFS var izmantot ar\u012b br\u012bvdab\u0101, piesl\u0113dzoties automa&scaron;\u012bnas piesm\u0113\u0137\u0113t\u0101ja ligzdai.<\/p>\n<p>Svar\u012bgi   lai t\u012brot   zivs stingri tur\u0113tos pie virsmas .Tas nodro&scaron;in\u0101s Jums \u0113rtu   un dro&scaron;u zivs not\u012br\u012b&scaron;anu. Lieliskas kvalit\u0101tes d\u0113l\u012btis ar ner\u016bs\u0113jo&scaron;\u0101   t\u0113rauda klipsi Jums &scaron;\u012bs pras\u012bbas nodro&scaron;in\u0101s.<\/p>\n<p>IER\u012aCES SAGATAVO&Scaron;ANA DARBAM:<br \/>1. P\u0101rliecinieties, vai ier\u012bce nav pievienota str\u0101vas avotam.<br \/>2. Dzin\u0113jam pievienojiet speci\u0101lo rotoru &ndash; r\u012bvi, pieskr\u016bv\u0113jot to ar savienojuma skr\u016bvi.<br \/>3. Uzlieciet ier\u012bcei plastik\u0101ta aizsargstiklu. UZMAN\u012aBU! Uzliekot un no\u0146emot plastik\u0101ta aizsargstiklu, r\u012bkojieties saudz\u012bgi.<br \/>4. Ievietojiet ier\u012bces kontaktdak&scaron;u kontaktligzd\u0101.<\/p>\n<p>NOR\u0100D\u012aJUMI ZIVS T\u012aR\u012a&Scaron;ANAI:<br \/>1. P\u0101rliecinieties v\u0113lreiz, vai plastik\u0101ta aizsargstikls ir uzlikts, vai rotors-r\u012bve ir aizsarg\u0101ts.<br \/>2. P\u0101rliecinieties, ka t\u012br\u012b&scaron;anas vieta ir sausa.<br \/>3. Nostipriniet zivs asti. Iesak\u0101m izmantot zivju t\u012br\u0101mo d\u0113li, ievietojot zivs asti saspied\u0113j\u0101 &ndash; klips\u012b.<br \/>4. Iesl\u0113dziet ier\u012bci.<br \/>5. Zivi t\u012briet virzien\u0101 no astes uz galvu. UZMAN\u012aBU! T\u012br\u012b&scaron;anas virziens &ndash; no lab\u0101s uz kreiso pusi! <\/p>\n<p>IER\u012aCES APKOPE UN UZGLAB\u0100&Scaron;ANA:<br \/>1. Atvienojiet ier\u012bci no str\u0101vas.<br \/>2. No\u0146emiet plastik\u0101ta aizsargstiklu. Nomazg\u0101jiet to ar \u016bdeni.<br \/>3. No\u0146emiet rotoru-r\u012bvi. Nomazg\u0101jiet to ar \u016bdeni un noslaukiet ar sausu salveti.<br \/>4. Dzin\u0113ju noslaukiet ar mitru, p\u0113c tam ar sausu salveti.<br \/>5. Ier\u012bci glab\u0101jiet saus\u0101 viet\u0101. <\/p>\n<p>BR\u012aDIN\u0100JUMI:<br \/>1. Elektromotoru kategoriski aizliegts mazg\u0101t \u016bden\u012b! <br \/>2. T\u012brot zivis br\u012bv\u0101 dab\u0101, net\u012briet t\u0101s lietain\u0101 laik\u0101!<br \/>3. T\u012brot zivis, sekojiet, lai rotors nesavaino pirkstus!<br \/>4. Pirms zivs t\u012br\u012b&scaron;anas nostipriniet t\u0101s asti!<br \/>5. Sekojiet, lai t\u012brot zivi, ap\u0123\u0113rbs ir piegulo&scaron;s piedurkn\u0113s, lai tas neapt\u012btos ap rotoru-r\u012bvi.<br \/>6. Turiet elektroier\u012bci b\u0113rniem nepieejam\u0101 viet\u0101. Ier\u012bce paredz\u0113ta lieto&scaron;anai tikai pieaugu&scaron;ajiem!<\/p>\n<p>KOMPLEKT\u0100CIJA:<\/p>\n<p>1. Dzin\u0113js.<\/p>\n<p>2. Rotors &#8211; r\u012bve.<\/p>\n<p>3. Plastik\u0101ta aizsargstikls.<\/p>\n<p>4. T\u012bkla adapteris 220V\/12V.<\/p>\n<p>5. Atsl\u0113ga rotora pieskr\u016bv\u0113&scaron;anai pie dzin\u0113ja ass.<\/p>\n<p>6. Lieto&scaron;anas instrukcija.<\/p>\n<p>7. Iepakojums.<\/p>\n<p>8. Maci\u0146&scaron;<\/p>\n<p>&nbsp;<\/p>\n<p>TEHNISK\u0100 INFORM\u0100CIJA:<\/p>\n<p>1.Spriegums 12V.<\/p>\n<p>2.Dzin\u0113ja jauda 15-30W.<\/p>\n<p>3.Dzin\u0113ja, rotora apgriezieni 3300 apgr\/min.<\/p>\n<p>4.Rotora grie&scaron;an\u0101s virziens &ndash; pa labi!<\/p>\n<p>5.Ier\u012bces svars &ndash; 370 gr.<\/p>\n<p>6.Ien\u0101ko&scaron;ais spriegums t\u012bkla adapter\u012b 220V.<\/p>\n<p>7.Izejo&scaron;ais spriegums no t\u012bkla adaptera 12V.<\/p>\n<p>8.Darba re\u017e\u012bms -15&#8230;+30&deg;\u0421.<\/p>\n<p>9.Ier\u012bces izm\u0113ri 95 mm x 45 mm<\/p>\n<p>10.Iepakojuma gabar\u012bti 280 mm \u0445 100 mm \u0445 100 mm<\/p>\n<p>11.Kop\u0113jais iepakojuma svars &ndash; 720 gr.<\/p>\n","protected":false},"excerpt":{"rendered":"<p>D\u0101mas un Kungi, iepaz\u012bstieties! EFS ir priec\u012bgs jaunums mak&scaron;\u0137erniekiem, pav\u0101riem, m\u0101jsaimniec\u0113m un ikvienam, kam gar&scaron;o zivis.EFS ir tepat Latvij\u0101 rad\u012bts unik\u0101ls elektriskais zv\u012b\u0146u t\u012br\u012bt\u0101js &ndash; viegli not\u012br\u012bs jebkuru zivi da\u017e\u0101s sekund\u0113s! Zivju t\u012br\u012b&scaron;ana&#8230; Katrs, kur&scaron; dz\u012bv\u0113 ar to sask\u0101ries, var tikt uzskat\u012bts par cietu&scaron;o. T\u0101 ir \u0137\u0113pa, kas apdraud gan rokas, gan gr\u012bdu t\u012br\u012bbu, turkl\u0101t [&hellip;]<\/p>\n","protected":false},"featured_media":108262,"template":"","meta":[],"product_brand":[],"product_cat":[4538,4697],"product_tag":[],"class_list":{"0":"post-76167","1":"product","2":"type-product","3":"status-publish","4":"has-post-thumbnail","6":"product_cat-fishing-equipment-recreation","7":"product_cat-electric-fish-scaler-fishing-equipment-recreation","9":"first","10":"instock","11":"sale","12":"shipping-taxable","13":"purchasable","14":"product-type-simple"},"_links":{"self":[{"href":"https:\/\/sezona.lv\/en\/wp-json\/wp\/v2\/product\/76167","targetHints":{"allow":["GET"]}}],"collection":[{"href":"https:\/\/sezona.lv\/en\/wp-json\/wp\/v2\/product"}],"about":[{"href":"https:\/\/sezona.lv\/en\/wp-json\/wp\/v2\/types\/product"}],"wp:featuredmedia":[{"embeddable":true,"href":"https:\/\/sezona.lv\/en\/wp-json\/wp\/v2\/media\/108262"}],"wp:attachment":[{"href":"https:\/\/sezona.lv\/en\/wp-json\/wp\/v2\/media?parent=76167"}],"wp:term":[{"taxonomy":"product_brand","embeddable":true,"href":"https:\/\/sezona.lv\/en\/wp-json\/wp\/v2\/product_brand?post=76167"},{"taxonomy":"product_cat","embeddable":true,"href":"https:\/\/sezona.lv\/en\/wp-json\/wp\/v2\/product_cat?post=76167"},{"taxonomy":"product_tag","embeddable":true,"href":"https:\/\/sezona.lv\/en\/wp-json\/wp\/v2\/product_tag?post=76167"}],"curies":[{"name":"wp","href":"https:\/\/api.w.org\/{rel}","templated":true}]}}