{"id":76169,"date":"2025-07-11T15:39:48","date_gmt":"2025-07-11T12:39:48","guid":{"rendered":"https:\/\/demo8.ecube.lv\/sezona.lv\/products\/elektriska-zivju-zvinu-tiritaja-aizsargstikls\/"},"modified":"2025-07-14T14:47:09","modified_gmt":"2025-07-14T11:47:09","slug":"elektriska-zivju-zvinu-tiritaja-aizsargstikls","status":"publish","type":"product","link":"https:\/\/sezona.lv\/en\/products\/elektriska-zivju-zvinu-tiritaja-aizsargstikls\/","title":{"rendered":"Elektrisk\u0101 zivju zv\u012b\u0146u t\u012br\u012bt\u0101ja aizsargstikls"},"content":{"rendered":"<p>Elektrisk\u0101 zivju zv\u012b\u0146u t\u012br\u012bt\u0101ja plastik\u0101ta aizsargstikls.<\/p>\n","protected":false},"excerpt":{"rendered":"<p>Elektrisk\u0101 zivju zv\u012b\u0146u t\u012br\u012bt\u0101ja plastik\u0101ta aizsargstikls.<\/p>\n","protected":false},"featured_media":60329,"template":"","meta":[],"product_brand":[],"product_cat":[4538,4697],"product_tag":[],"class_list":{"0":"post-76169","1":"product","2":"type-product","3":"status-publish","4":"has-post-thumbnail","6":"product_cat-fishing-equipment-recreation","7":"product_cat-electric-fish-scaler-fishing-equipment-recreation","9":"first","10":"instock","11":"shipping-taxable","12":"purchasable","13":"product-type-simple"},"_links":{"self":[{"href":"https:\/\/sezona.lv\/en\/wp-json\/wp\/v2\/product\/76169","targetHints":{"allow":["GET"]}}],"collection":[{"href":"https:\/\/sezona.lv\/en\/wp-json\/wp\/v2\/product"}],"about":[{"href":"https:\/\/sezona.lv\/en\/wp-json\/wp\/v2\/types\/product"}],"wp:featuredmedia":[{"embeddable":true,"href":"https:\/\/sezona.lv\/en\/wp-json\/wp\/v2\/media\/60329"}],"wp:attachment":[{"href":"https:\/\/sezona.lv\/en\/wp-json\/wp\/v2\/media?parent=76169"}],"wp:term":[{"taxonomy":"product_brand","embeddable":true,"href":"https:\/\/sezona.lv\/en\/wp-json\/wp\/v2\/product_brand?post=76169"},{"taxonomy":"product_cat","embeddable":true,"href":"https:\/\/sezona.lv\/en\/wp-json\/wp\/v2\/product_cat?post=76169"},{"taxonomy":"product_tag","embeddable":true,"href":"https:\/\/sezona.lv\/en\/wp-json\/wp\/v2\/product_tag?post=76169"}],"curies":[{"name":"wp","href":"https:\/\/api.w.org\/{rel}","templated":true}]}}