{"id":76170,"date":"2025-07-11T15:39:49","date_gmt":"2025-07-11T12:39:49","guid":{"rendered":"https:\/\/demo8.ecube.lv\/sezona.lv\/products\/elektriska-zivju-zvinu-tiritaja-auto-adapteris\/"},"modified":"2025-07-14T14:47:10","modified_gmt":"2025-07-14T11:47:10","slug":"elektriska-zivju-zvinu-tiritaja-auto-adapteris","status":"publish","type":"product","link":"https:\/\/sezona.lv\/en\/products\/elektriska-zivju-zvinu-tiritaja-auto-adapteris\/","title":{"rendered":"Elektrisk\u0101 zivju zv\u012b\u0146u t\u012br\u012bt\u0101ja auto adapteris"},"content":{"rendered":"<p>1.Piesl\u0113g&scaron;anas vieta &ndash; auto piesm\u0113\u0137\u0113t\u0101ja kontaktligzda.<\/p>\n<p>2.Spriegums 12V \/ 2A.<\/p>\n<p>3.Vada garums izstiept\u0101 veid\u0101 &ndash; 5 metri.<\/p>\n<p>Izmantojot auto adapteri var\u0113siet \u0113rti not\u012br\u012bt zivis turpat pie ezera vai upes!<\/p>\n","protected":false},"excerpt":{"rendered":"<p>1.Piesl\u0113g&scaron;anas vieta &ndash; auto piesm\u0113\u0137\u0113t\u0101ja kontaktligzda. 2.Spriegums 12V \/ 2A. 3.Vada garums izstiept\u0101 veid\u0101 &ndash; 5 metri. Izmantojot auto adapteri var\u0113siet \u0113rti not\u012br\u012bt zivis turpat pie ezera vai upes!<\/p>\n","protected":false},"featured_media":60332,"template":"","meta":[],"product_brand":[],"product_cat":[4538,4697],"product_tag":[],"class_list":{"0":"post-76170","1":"product","2":"type-product","3":"status-publish","4":"has-post-thumbnail","6":"product_cat-fishing-equipment-recreation","7":"product_cat-electric-fish-scaler-fishing-equipment-recreation","9":"first","10":"instock","11":"shipping-taxable","12":"purchasable","13":"product-type-simple"},"_links":{"self":[{"href":"https:\/\/sezona.lv\/en\/wp-json\/wp\/v2\/product\/76170","targetHints":{"allow":["GET"]}}],"collection":[{"href":"https:\/\/sezona.lv\/en\/wp-json\/wp\/v2\/product"}],"about":[{"href":"https:\/\/sezona.lv\/en\/wp-json\/wp\/v2\/types\/product"}],"wp:featuredmedia":[{"embeddable":true,"href":"https:\/\/sezona.lv\/en\/wp-json\/wp\/v2\/media\/60332"}],"wp:attachment":[{"href":"https:\/\/sezona.lv\/en\/wp-json\/wp\/v2\/media?parent=76170"}],"wp:term":[{"taxonomy":"product_brand","embeddable":true,"href":"https:\/\/sezona.lv\/en\/wp-json\/wp\/v2\/product_brand?post=76170"},{"taxonomy":"product_cat","embeddable":true,"href":"https:\/\/sezona.lv\/en\/wp-json\/wp\/v2\/product_cat?post=76170"},{"taxonomy":"product_tag","embeddable":true,"href":"https:\/\/sezona.lv\/en\/wp-json\/wp\/v2\/product_tag?post=76170"}],"curies":[{"name":"wp","href":"https:\/\/api.w.org\/{rel}","templated":true}]}}