{"id":76171,"date":"2025-07-14T14:47:11","date_gmt":"2025-07-14T11:47:11","guid":{"rendered":"https:\/\/demo8.ecube.lv\/sezona.lv\/products\/zone-nuja-supreme-air-sl-curve-1-0-29-roza\/"},"modified":"2025-07-14T14:47:11","modified_gmt":"2025-07-14T11:47:11","slug":"zone-nuja-supreme-air-sl-curve-1-0-29-roza","status":"publish","type":"product","link":"https:\/\/sezona.lv\/en\/products\/zone-nuja-supreme-air-sl-curve-1-0-29-roza\/","title":{"rendered":"Zone N\u016bja SUPREME AIR SL Curve 1.0 29 roz\u0101"},"content":{"rendered":"<p>N\u016bjas modelis: AIR Concept s\u0113rija<\/p>\n<p>L\u0101psti\u0146a: Supreme vid\u0113ji cieta<\/p>\n<p>Lokan\u012bba: 29 mm<\/p>\n<p>K\u0101ts: Curve ar 1.0 gradu ieliekumu<\/p>\n<p>&nbsp;<\/p>\n<p>&nbsp;<\/p>\n","protected":false},"excerpt":{"rendered":"<p>N\u016bjas modelis: AIR Concept s\u0113rija L\u0101psti\u0146a: Supreme vid\u0113ji cieta Lokan\u012bba: 29 mm K\u0101ts: Curve ar 1.0 gradu ieliekumu &nbsp; &nbsp;<\/p>\n","protected":false},"featured_media":0,"template":"","meta":[],"product_brand":[],"product_cat":[4587,4602,4633,4642],"product_tag":[],"class_list":{"0":"post-76171","1":"product","2":"type-product","3":"status-publish","5":"product_cat-sports","6":"product_cat-summer-sports-sports","7":"product_cat-floorball-summer-sports-sports","8":"product_cat-floorball-sticks-floorball-summer-sports-sports","10":"first","11":"instock","12":"shipping-taxable","13":"purchasable","14":"product-type-simple"},"_links":{"self":[{"href":"https:\/\/sezona.lv\/en\/wp-json\/wp\/v2\/product\/76171","targetHints":{"allow":["GET"]}}],"collection":[{"href":"https:\/\/sezona.lv\/en\/wp-json\/wp\/v2\/product"}],"about":[{"href":"https:\/\/sezona.lv\/en\/wp-json\/wp\/v2\/types\/product"}],"wp:attachment":[{"href":"https:\/\/sezona.lv\/en\/wp-json\/wp\/v2\/media?parent=76171"}],"wp:term":[{"taxonomy":"product_brand","embeddable":true,"href":"https:\/\/sezona.lv\/en\/wp-json\/wp\/v2\/product_brand?post=76171"},{"taxonomy":"product_cat","embeddable":true,"href":"https:\/\/sezona.lv\/en\/wp-json\/wp\/v2\/product_cat?post=76171"},{"taxonomy":"product_tag","embeddable":true,"href":"https:\/\/sezona.lv\/en\/wp-json\/wp\/v2\/product_tag?post=76171"}],"curies":[{"name":"wp","href":"https:\/\/api.w.org\/{rel}","templated":true}]}}