{"id":76175,"date":"2025-07-14T14:47:14","date_gmt":"2025-07-14T11:47:14","guid":{"rendered":"https:\/\/demo8.ecube.lv\/sezona.lv\/products\/unihoc-lapstina-player\/"},"modified":"2025-07-14T14:47:14","modified_gmt":"2025-07-14T11:47:14","slug":"unihoc-lapstina-player","status":"publish","type":"product","link":"https:\/\/sezona.lv\/en\/products\/unihoc-lapstina-player\/","title":{"rendered":"Unihoc L\u0101psti\u0146a Player+"},"content":{"rendered":"<p>L\u0101psti\u0146as modelis: Player+<\/p>\n<p>L\u0101psti\u0146as ciet\u012bba: vid\u0113ji cieta<\/p>\n<p>Svars: 75 g<\/p>\n<p>Kr\u0101sa: Dzeltena, Melna, Oran\u017ea, Balta, Za\u013ca, Cerise<\/p>\n<p>&nbsp;<\/p>\n","protected":false},"excerpt":{"rendered":"<p>L\u0101psti\u0146as modelis: Player+ L\u0101psti\u0146as ciet\u012bba: vid\u0113ji cieta Svars: 75 g Kr\u0101sa: Dzeltena, Melna, Oran\u017ea, Balta, Za\u013ca, Cerise &nbsp;<\/p>\n","protected":false},"featured_media":0,"template":"","meta":[],"product_brand":[],"product_cat":[4587,4602,4633,4642],"product_tag":[],"class_list":{"0":"post-76175","1":"product","2":"type-product","3":"status-publish","5":"product_cat-sports","6":"product_cat-summer-sports-sports","7":"product_cat-floorball-summer-sports-sports","8":"product_cat-floorball-sticks-floorball-summer-sports-sports","10":"first","11":"instock","12":"shipping-taxable","13":"purchasable","14":"product-type-simple"},"_links":{"self":[{"href":"https:\/\/sezona.lv\/en\/wp-json\/wp\/v2\/product\/76175","targetHints":{"allow":["GET"]}}],"collection":[{"href":"https:\/\/sezona.lv\/en\/wp-json\/wp\/v2\/product"}],"about":[{"href":"https:\/\/sezona.lv\/en\/wp-json\/wp\/v2\/types\/product"}],"wp:attachment":[{"href":"https:\/\/sezona.lv\/en\/wp-json\/wp\/v2\/media?parent=76175"}],"wp:term":[{"taxonomy":"product_brand","embeddable":true,"href":"https:\/\/sezona.lv\/en\/wp-json\/wp\/v2\/product_brand?post=76175"},{"taxonomy":"product_cat","embeddable":true,"href":"https:\/\/sezona.lv\/en\/wp-json\/wp\/v2\/product_cat?post=76175"},{"taxonomy":"product_tag","embeddable":true,"href":"https:\/\/sezona.lv\/en\/wp-json\/wp\/v2\/product_tag?post=76175"}],"curies":[{"name":"wp","href":"https:\/\/api.w.org\/{rel}","templated":true}]}}