{"id":76200,"date":"2025-07-14T14:47:39","date_gmt":"2025-07-14T11:47:39","guid":{"rendered":"https:\/\/demo8.ecube.lv\/sezona.lv\/products\/zone-treninu-vestes\/"},"modified":"2025-07-14T14:47:39","modified_gmt":"2025-07-14T11:47:39","slug":"zone-treninu-vestes","status":"publish","type":"product","link":"https:\/\/sezona.lv\/en\/products\/zone-treninu-vestes\/","title":{"rendered":"Zone Treni\u0146u vestes"},"content":{"rendered":"<p>Treni\u0146u vestes<\/p>\n<p>Izm\u0113rs: B\u0113rnu, S, XL<\/p>\n<p>Kr\u0101sa:Melna, Balta, Dzeltena, Oran\u017ea<\/p>\n<p>&nbsp;<\/p>\n<p>&nbsp;<\/p>\n","protected":false},"excerpt":{"rendered":"<p>Treni\u0146u vestes Izm\u0113rs: B\u0113rnu, S, XL Kr\u0101sa:Melna, Balta, Dzeltena, Oran\u017ea &nbsp; &nbsp;<\/p>\n","protected":false},"featured_media":0,"template":"","meta":[],"product_brand":[],"product_cat":[4587,4633,4645],"product_tag":[],"class_list":{"0":"post-76200","1":"product","2":"type-product","3":"status-publish","5":"product_cat-sports","6":"product_cat-floorball-summer-sports-sports","7":"product_cat-floorball-clothes-floorball-summer-sports-sports","9":"first","10":"instock","11":"shipping-taxable","12":"purchasable","13":"product-type-simple"},"_links":{"self":[{"href":"https:\/\/sezona.lv\/en\/wp-json\/wp\/v2\/product\/76200","targetHints":{"allow":["GET"]}}],"collection":[{"href":"https:\/\/sezona.lv\/en\/wp-json\/wp\/v2\/product"}],"about":[{"href":"https:\/\/sezona.lv\/en\/wp-json\/wp\/v2\/types\/product"}],"wp:attachment":[{"href":"https:\/\/sezona.lv\/en\/wp-json\/wp\/v2\/media?parent=76200"}],"wp:term":[{"taxonomy":"product_brand","embeddable":true,"href":"https:\/\/sezona.lv\/en\/wp-json\/wp\/v2\/product_brand?post=76200"},{"taxonomy":"product_cat","embeddable":true,"href":"https:\/\/sezona.lv\/en\/wp-json\/wp\/v2\/product_cat?post=76200"},{"taxonomy":"product_tag","embeddable":true,"href":"https:\/\/sezona.lv\/en\/wp-json\/wp\/v2\/product_tag?post=76200"}],"curies":[{"name":"wp","href":"https:\/\/api.w.org\/{rel}","templated":true}]}}