{"id":76210,"date":"2025-07-11T15:40:36","date_gmt":"2025-07-11T12:40:36","guid":{"rendered":"https:\/\/demo8.ecube.lv\/sezona.lv\/products\/unihoc-gripband-elite-pro-24-gab-komplekts\/"},"modified":"2025-07-14T14:47:47","modified_gmt":"2025-07-14T11:47:47","slug":"unihoc-gripband-elite-pro-24-gab-komplekts","status":"publish","type":"product","link":"https:\/\/sezona.lv\/en\/products\/unihoc-gripband-elite-pro-24-gab-komplekts\/","title":{"rendered":"Unihoc Gripband Elite Pro 24 gab.komplekts"},"content":{"rendered":"<p>&nbsp;<\/p>\n<p>Komplekt\u0101 ietilpst: 6 balti, 6 melni, 6 sarkani, 6 oran\u017ei Elite Pro n\u016bju tinumi.<\/p>\n<p>&nbsp;<\/p>\n<p>&nbsp;<\/p>\n","protected":false},"excerpt":{"rendered":"<p>&nbsp; Komplekt\u0101 ietilpst: 6 balti, 6 melni, 6 sarkani, 6 oran\u017ei Elite Pro n\u016bju tinumi. &nbsp; &nbsp;<\/p>\n","protected":false},"featured_media":0,"template":"","meta":[],"product_brand":[],"product_cat":[4633,4698],"product_tag":[],"class_list":{"0":"post-76210","1":"product","2":"type-product","3":"status-publish","5":"product_cat-floorball-summer-sports-sports","6":"product_cat-floorball-sets-floorball-summer-sports-sports","8":"first","9":"instock","10":"shipping-taxable","11":"purchasable","12":"product-type-simple"},"_links":{"self":[{"href":"https:\/\/sezona.lv\/en\/wp-json\/wp\/v2\/product\/76210","targetHints":{"allow":["GET"]}}],"collection":[{"href":"https:\/\/sezona.lv\/en\/wp-json\/wp\/v2\/product"}],"about":[{"href":"https:\/\/sezona.lv\/en\/wp-json\/wp\/v2\/types\/product"}],"wp:attachment":[{"href":"https:\/\/sezona.lv\/en\/wp-json\/wp\/v2\/media?parent=76210"}],"wp:term":[{"taxonomy":"product_brand","embeddable":true,"href":"https:\/\/sezona.lv\/en\/wp-json\/wp\/v2\/product_brand?post=76210"},{"taxonomy":"product_cat","embeddable":true,"href":"https:\/\/sezona.lv\/en\/wp-json\/wp\/v2\/product_cat?post=76210"},{"taxonomy":"product_tag","embeddable":true,"href":"https:\/\/sezona.lv\/en\/wp-json\/wp\/v2\/product_tag?post=76210"}],"curies":[{"name":"wp","href":"https:\/\/api.w.org\/{rel}","templated":true}]}}