{"id":76220,"date":"2025-07-14T14:47:55","date_gmt":"2025-07-14T11:47:55","guid":{"rendered":"https:\/\/demo8.ecube.lv\/sezona.lv\/products\/warmpeace-bernu-maska-balaclava\/"},"modified":"2025-07-14T14:47:55","modified_gmt":"2025-07-14T11:47:55","slug":"warmpeace-bernu-maska-balaclava","status":"publish","type":"product","link":"https:\/\/sezona.lv\/en\/products\/warmpeace-bernu-maska-balaclava\/","title":{"rendered":"Warmpeace B\u0113rnu Maska Balaclava"},"content":{"rendered":"<p>B\u0113rnu maska no silta auduma&nbsp;<strong>Polartec&reg; Power Strech &#8211;&nbsp;<\/strong>\u013coti elpojo&scaron;a un pat\u012bkama \u0101dai.<\/p>\n<p>Pasarg\u0101s b\u0113rnu no sniega un sliktiem laika apst\u0101\u0137iem \u0101ra aktivit\u0101&scaron;u laik\u0101.<strong><br \/><\/strong><\/p>\n<p><strong>Materi\u0101ls:<\/strong>&nbsp;Polartec&reg; PowerStrech<br \/><strong>Izm\u0113rs:&nbsp;<\/strong>univers\u0101ls<br \/><strong>Kr\u0101sa:&nbsp;<\/strong>sarkana<a href=\"http:\/\/www.bask.info\/catalog\/\" target=\"_blank\"><strong><br \/><\/strong><\/a><\/p>\n<p><strong>Izm\u0113rs:<\/strong>&nbsp;Univers\u0101ls&nbsp;&nbsp;<\/p>\n<p>&nbsp;<\/p>\n","protected":false},"excerpt":{"rendered":"<p>B\u0113rnu maska no silta auduma&nbsp;Polartec&reg; Power Strech &#8211;&nbsp;\u013coti elpojo&scaron;a un pat\u012bkama \u0101dai. Pasarg\u0101s b\u0113rnu no sniega un sliktiem laika apst\u0101\u0137iem \u0101ra aktivit\u0101&scaron;u laik\u0101. Materi\u0101ls:&nbsp;Polartec&reg; PowerStrechIzm\u0113rs:&nbsp;univers\u0101lsKr\u0101sa:&nbsp;sarkana Izm\u0113rs:&nbsp;Univers\u0101ls&nbsp;&nbsp; &nbsp;<\/p>\n","protected":false},"featured_media":0,"template":"","meta":[],"product_brand":[],"product_cat":[4619,4638,4640],"product_tag":[],"class_list":{"0":"post-76220","1":"product","2":"type-product","3":"status-publish","5":"product_cat-winter-clothes-recreation","6":"product_cat-hats-masks-winter-clothes-recreation","7":"product_cat-recreation","9":"first","10":"instock","11":"shipping-taxable","12":"purchasable","13":"product-type-simple"},"_links":{"self":[{"href":"https:\/\/sezona.lv\/en\/wp-json\/wp\/v2\/product\/76220","targetHints":{"allow":["GET"]}}],"collection":[{"href":"https:\/\/sezona.lv\/en\/wp-json\/wp\/v2\/product"}],"about":[{"href":"https:\/\/sezona.lv\/en\/wp-json\/wp\/v2\/types\/product"}],"wp:attachment":[{"href":"https:\/\/sezona.lv\/en\/wp-json\/wp\/v2\/media?parent=76220"}],"wp:term":[{"taxonomy":"product_brand","embeddable":true,"href":"https:\/\/sezona.lv\/en\/wp-json\/wp\/v2\/product_brand?post=76220"},{"taxonomy":"product_cat","embeddable":true,"href":"https:\/\/sezona.lv\/en\/wp-json\/wp\/v2\/product_cat?post=76220"},{"taxonomy":"product_tag","embeddable":true,"href":"https:\/\/sezona.lv\/en\/wp-json\/wp\/v2\/product_tag?post=76220"}],"curies":[{"name":"wp","href":"https:\/\/api.w.org\/{rel}","templated":true}]}}