{"id":76221,"date":"2025-07-14T14:47:56","date_gmt":"2025-07-14T11:47:56","guid":{"rendered":"https:\/\/demo8.ecube.lv\/sezona.lv\/products\/marmot-ridgetop-component-jaka\/"},"modified":"2025-07-14T14:47:56","modified_gmt":"2025-07-14T11:47:56","slug":"marmot-ridgetop-component-jaka","status":"publish","type":"product","link":"https:\/\/sezona.lv\/en\/products\/marmot-ridgetop-component-jaka\/","title":{"rendered":"Marmot Ridgetop Component jaka"},"content":{"rendered":"<p>Iztur\u012bga v\u012brie&scaron;u membr\u0101njaka, izgatavota no augstas tehnolo\u0123ijas membr\u0101nas auduma<strong>&nbsp;<\/strong><strong>MemBrain&reg;<\/strong><strong>&nbsp;<\/strong><strong>2L<\/strong>kombin\u0113jot to ar&nbsp;<strong>MemBrain&reg;10<\/strong><strong>&nbsp;<\/strong>papildus nodilumiztur\u012bbai. Jaka paredz\u0113ta sl\u0113po&scaron;anai, t\u016brismam, atp\u016btai dab\u0101 un pils\u0113tas apst\u0101k\u013ciem. Augsta \u016bdensiztur\u012bba un elpojo&scaron;\u0101s \u012bpa&scaron;\u012bbas.<\/p>\n<p><strong>Specifik\u0101cija:<\/strong><\/p>\n<p><strong>Membr\u0101na:<\/strong><strong>&nbsp;<\/strong>MemBrain&reg;10 100% Nylon 160g\/m2, MemBrain&reg;2L 100% Nylon 135g\/m2<br \/> <strong>Odere:<\/strong>&nbsp;100% Polyester Embossed WR 1.3 oz\/yd<br \/> <strong>Iz\u0146emam\u0101 jaka:<\/strong>&nbsp;100% Polyester Double Velour Fleece 8.25 oz\/yd<br \/> <strong>Muguras garums:<\/strong><strong>&nbsp;<\/strong>73,5cm (M izm\u0113ram)<br \/> <strong>Svars:<\/strong>&nbsp;1364g&nbsp;<br \/> <strong>Kr\u0101sas:<\/strong>&nbsp;za\u013ca, melna<\/p>\n<p><strong>Raksturojums:<\/strong><\/p>\n<p>&nbsp;Visas &scaron;uves p\u0101rl\u012bm\u0113tas, \u016bdensdro&scaron;i r\u0101v\u0113jsl\u0113dz\u0113ji<\/p>\n<p>&nbsp;Padus\u0113s ir r\u0101v\u0113jsl\u0113dz\u0113js papildus ventil\u0101cijai<\/p>\n<p>&nbsp;No\u0146emama kapuce<\/p>\n<p>&nbsp;Iz\u0146emama odere, kas ir n\u0113s\u0101jama ar\u012b atsevi&scaron;\u0137i<\/p>\n<p><strong>Izm\u0113rs: <\/strong>&nbsp;M, L, XL, XXL<\/p>\n<p>Veicot pas\u016bt\u012bjumu, l\u016bdzu nor\u0101diet nepiecie&scaron;amo izm\u0113ru.<\/p>\n<p>&nbsp;<\/p>\n<p>&nbsp;<\/p>\n","protected":false},"excerpt":{"rendered":"<p>Iztur\u012bga v\u012brie&scaron;u membr\u0101njaka, izgatavota no augstas tehnolo\u0123ijas membr\u0101nas auduma&nbsp;MemBrain&reg;&nbsp;2Lkombin\u0113jot to ar&nbsp;MemBrain&reg;10&nbsp;papildus nodilumiztur\u012bbai. Jaka paredz\u0113ta sl\u0113po&scaron;anai, t\u016brismam, atp\u016btai dab\u0101 un pils\u0113tas apst\u0101k\u013ciem. Augsta \u016bdensiztur\u012bba un elpojo&scaron;\u0101s \u012bpa&scaron;\u012bbas. Specifik\u0101cija: Membr\u0101na:&nbsp;MemBrain&reg;10 100% Nylon 160g\/m2, MemBrain&reg;2L 100% Nylon 135g\/m2 Odere:&nbsp;100% Polyester Embossed WR 1.3 oz\/yd Iz\u0146emam\u0101 jaka:&nbsp;100% Polyester Double Velour Fleece 8.25 oz\/yd Muguras garums:&nbsp;73,5cm (M izm\u0113ram) Svars:&nbsp;1364g&nbsp; Kr\u0101sas:&nbsp;za\u013ca, [&hellip;]<\/p>\n","protected":false},"featured_media":0,"template":"","meta":[],"product_brand":[908],"product_cat":[4619,4640,4711],"product_tag":[],"class_list":{"0":"post-76221","1":"product","2":"type-product","3":"status-publish","5":"product_brand-marmot","6":"product_cat-winter-clothes-recreation","7":"product_cat-recreation","8":"product_cat-membrane-jacket-with-lining-winter-clothes-recreation","10":"first","11":"instock","12":"shipping-taxable","13":"purchasable","14":"product-type-simple"},"_links":{"self":[{"href":"https:\/\/sezona.lv\/en\/wp-json\/wp\/v2\/product\/76221","targetHints":{"allow":["GET"]}}],"collection":[{"href":"https:\/\/sezona.lv\/en\/wp-json\/wp\/v2\/product"}],"about":[{"href":"https:\/\/sezona.lv\/en\/wp-json\/wp\/v2\/types\/product"}],"wp:attachment":[{"href":"https:\/\/sezona.lv\/en\/wp-json\/wp\/v2\/media?parent=76221"}],"wp:term":[{"taxonomy":"product_brand","embeddable":true,"href":"https:\/\/sezona.lv\/en\/wp-json\/wp\/v2\/product_brand?post=76221"},{"taxonomy":"product_cat","embeddable":true,"href":"https:\/\/sezona.lv\/en\/wp-json\/wp\/v2\/product_cat?post=76221"},{"taxonomy":"product_tag","embeddable":true,"href":"https:\/\/sezona.lv\/en\/wp-json\/wp\/v2\/product_tag?post=76221"}],"curies":[{"name":"wp","href":"https:\/\/api.w.org\/{rel}","templated":true}]}}