{"id":76222,"date":"2025-07-14T14:47:57","date_gmt":"2025-07-14T11:47:57","guid":{"rendered":"https:\/\/demo8.ecube.lv\/sezona.lv\/products\/marmot-bastione-component-jaka\/"},"modified":"2025-07-14T14:47:57","modified_gmt":"2025-07-14T11:47:57","slug":"marmot-bastione-component-jaka","status":"publish","type":"product","link":"https:\/\/sezona.lv\/en\/products\/marmot-bastione-component-jaka\/","title":{"rendered":"Marmot Bastione Component jaka"},"content":{"rendered":"<p>\u016adensdro&scaron;a un elpojo&scaron;a \u0101r\u0113j\u0101 jaka no&nbsp;<strong>MemBrain&reg;<\/strong><strong>&nbsp;<\/strong>membr\u0101nas, plus iz\u0146emama \u016bdensatgr\u016bdo&scaron;a, silta&nbsp;iek&scaron;\u0113j\u0101 jaka un liela kapuce sliktiem laikapst\u0101k\u013ciem. &Scaron;\u012b komponentu sist\u0113ma ir patiess vissezonas ap\u0123\u0113rbs. Silta iek&scaron;\u0113j\u0101 jaka lietojama atsevi&scaron;\u0137i, t\u0101 siltin\u0101t\u0101 ar&nbsp;<strong>Therml R<\/strong>. Lietojama gan pavasara pastaig\u0101s, gan aukst\u0101s ziem\u0101s, gan slapjos rude\u0146os. Ide\u0101li piem\u0113rota p\u0101rg\u0101jieniem, ce\u013cojumiem, pils\u0113tas apst\u0101k\u013ciem.<\/p>\n<p><strong>Specifik\u0101cija:<\/strong><\/p>\n<p><strong>Pamatmateri\u0101ls:<\/strong>&nbsp;MemBrain&reg;10 2L 100% Nylon 4.7 oz\/yd<br \/> <strong>Oder\u0113jums:<\/strong>&nbsp;100% Polyester Embossed WR 1.3 oz\/yd<br \/> <strong>Muguras garums:<\/strong>&nbsp;74cm (M izm\u0113ram)<br \/> <strong>Iek&scaron;ej\u0101s jakas materi\u0101ls:<\/strong>&nbsp;100% Nylon Mini Ripstop DWR 1.6 oz\/yd<br \/> <strong>Iek&scaron;ej\u0101s jakas<\/strong><strong>&nbsp;<\/strong><strong>siltin\u0101t\u0101js:<\/strong>&nbsp;Thermal R<br \/> <strong>Svars:<\/strong>&nbsp;1406 grami<br \/> <strong>Kr\u0101sa:<\/strong>&nbsp;melna, tum&scaron;i za\u013ca<\/p>\n<p><strong>Raksturojums:<\/strong><\/p>\n<p>&nbsp;\u016adensiztur\u012bga un elpojo&scaron;a<\/p>\n<p>&nbsp;Iz\u0146emama silt\u0101 odere ar&nbsp;<strong>Thermal R<\/strong>&nbsp;pild\u012bjumu un n\u0113sajama atsevi&scaron;\u0137i<\/p>\n<p>&nbsp;Visas &scaron;uves ir p\u0101rl\u012bm\u0113tas<\/p>\n<p>&nbsp;No\u0146emama kapuce<\/p>\n<p>&nbsp;<strong>PitZips<sup>TM<\/sup><\/strong>&nbsp;r\u0101v\u0113jsl\u0113dz\u0113ji padus\u0113s nodro&scaron;in\u0101s papildus ventil\u0101ciju<\/p>\n<p>&nbsp;<strong>Angel-Wing Movement<sup>TM<\/sup><\/strong>&nbsp;piegriezums neierobe\u017eos kust\u012bbas<\/p>\n<p><strong>Izm\u0113rs: <\/strong>&nbsp;M, L, XL, XXL<\/p>\n<p>Veicot pas\u016bt\u012bjumu, l\u016bdzu nor\u0101diet nepiecie&scaron;amo izm\u0113ru.<\/p>\n<p>&nbsp;<\/p>\n<p>&nbsp;<\/p>\n","protected":false},"excerpt":{"rendered":"<p>\u016adensdro&scaron;a un elpojo&scaron;a \u0101r\u0113j\u0101 jaka no&nbsp;MemBrain&reg;&nbsp;membr\u0101nas, plus iz\u0146emama \u016bdensatgr\u016bdo&scaron;a, silta&nbsp;iek&scaron;\u0113j\u0101 jaka un liela kapuce sliktiem laikapst\u0101k\u013ciem. &Scaron;\u012b komponentu sist\u0113ma ir patiess vissezonas ap\u0123\u0113rbs. Silta iek&scaron;\u0113j\u0101 jaka lietojama atsevi&scaron;\u0137i, t\u0101 siltin\u0101t\u0101 ar&nbsp;Therml R. Lietojama gan pavasara pastaig\u0101s, gan aukst\u0101s ziem\u0101s, gan slapjos rude\u0146os. Ide\u0101li piem\u0113rota p\u0101rg\u0101jieniem, ce\u013cojumiem, pils\u0113tas apst\u0101k\u013ciem. Specifik\u0101cija: Pamatmateri\u0101ls:&nbsp;MemBrain&reg;10 2L 100% Nylon 4.7 oz\/yd [&hellip;]<\/p>\n","protected":false},"featured_media":0,"template":"","meta":[],"product_brand":[908],"product_cat":[4619,4640,4711],"product_tag":[],"class_list":{"0":"post-76222","1":"product","2":"type-product","3":"status-publish","5":"product_brand-marmot","6":"product_cat-winter-clothes-recreation","7":"product_cat-recreation","8":"product_cat-membrane-jacket-with-lining-winter-clothes-recreation","10":"first","11":"instock","12":"shipping-taxable","13":"purchasable","14":"product-type-simple"},"_links":{"self":[{"href":"https:\/\/sezona.lv\/en\/wp-json\/wp\/v2\/product\/76222","targetHints":{"allow":["GET"]}}],"collection":[{"href":"https:\/\/sezona.lv\/en\/wp-json\/wp\/v2\/product"}],"about":[{"href":"https:\/\/sezona.lv\/en\/wp-json\/wp\/v2\/types\/product"}],"wp:attachment":[{"href":"https:\/\/sezona.lv\/en\/wp-json\/wp\/v2\/media?parent=76222"}],"wp:term":[{"taxonomy":"product_brand","embeddable":true,"href":"https:\/\/sezona.lv\/en\/wp-json\/wp\/v2\/product_brand?post=76222"},{"taxonomy":"product_cat","embeddable":true,"href":"https:\/\/sezona.lv\/en\/wp-json\/wp\/v2\/product_cat?post=76222"},{"taxonomy":"product_tag","embeddable":true,"href":"https:\/\/sezona.lv\/en\/wp-json\/wp\/v2\/product_tag?post=76222"}],"curies":[{"name":"wp","href":"https:\/\/api.w.org\/{rel}","templated":true}]}}