{"id":76226,"date":"2025-07-14T14:48:00","date_gmt":"2025-07-14T11:48:00","guid":{"rendered":"https:\/\/demo8.ecube.lv\/sezona.lv\/products\/marmot-conness-bikses\/"},"modified":"2025-07-14T14:48:00","modified_gmt":"2025-07-14T11:48:00","slug":"marmot-conness-bikses","status":"publish","type":"product","link":"https:\/\/sezona.lv\/en\/products\/marmot-conness-bikses\/","title":{"rendered":"Marmot Conness bikses"},"content":{"rendered":"<p><span style=\"font-weight: bold\">Specifik\u0101cija:<\/span><\/p>\n<p><strong>Pamatmateri\u0101ls:&nbsp;<\/strong>MemBrain&reg;10 2L 100% Nylon 4.7 oz\/yd<br \/> <strong>Oder\u0113jums:&nbsp;<\/strong>100% Polyester Embossed WR 1.8 oz\/yd<br \/> <strong>Svars:<\/strong>&nbsp;&nbsp;623grami<br \/> <strong>Kr\u0101sa:&nbsp;<\/strong>melna<\/p>\n<p><strong>Raksturojums:<\/strong><\/p>\n<p>&nbsp;Piln\u012bb\u0101 \u016bdensdro&scaron;as un elpojo&scaron;as<\/p>\n<p>&nbsp;Visas v\u012bles ir p\u0101rl\u012bm\u0113tas<\/p>\n<p>&nbsp;Ie&scaron;\u016bta bahila &#8211; piem\u0113rota sl\u0113pjzabakiem<\/p>\n<p>&nbsp;Pilna garuma r\u0101v\u0113jsl\u0113dz\u0113js<\/p>\n<p><strong>Izm\u0113rs: <\/strong>&nbsp;S, M, L, XL<\/p>\n<p>Veicot pas\u016bt\u012bjumu, l\u016bdzu nor\u0101diet nepiecie&scaron;amo izm\u0113ru.<\/p>\n<p>&nbsp;<\/p>\n<p>&nbsp;<\/p>\n","protected":false},"excerpt":{"rendered":"<p>Specifik\u0101cija: Pamatmateri\u0101ls:&nbsp;MemBrain&reg;10 2L 100% Nylon 4.7 oz\/yd Oder\u0113jums:&nbsp;100% Polyester Embossed WR 1.8 oz\/yd Svars:&nbsp;&nbsp;623grami Kr\u0101sa:&nbsp;melna Raksturojums: &nbsp;Piln\u012bb\u0101 \u016bdensdro&scaron;as un elpojo&scaron;as &nbsp;Visas v\u012bles ir p\u0101rl\u012bm\u0113tas &nbsp;Ie&scaron;\u016bta bahila &#8211; piem\u0113rota sl\u0113pjzabakiem &nbsp;Pilna garuma r\u0101v\u0113jsl\u0113dz\u0113js Izm\u0113rs: &nbsp;S, M, L, XL Veicot pas\u016bt\u012bjumu, l\u016bdzu nor\u0101diet nepiecie&scaron;amo izm\u0113ru. &nbsp; &nbsp;<\/p>\n","protected":false},"featured_media":0,"template":"","meta":[],"product_brand":[908],"product_cat":[4619,4640,4712],"product_tag":[],"class_list":{"0":"post-76226","1":"product","2":"type-product","3":"status-publish","5":"product_brand-marmot","6":"product_cat-winter-clothes-recreation","7":"product_cat-recreation","8":"product_cat-membrane-pants-winter-clothes-recreation","10":"first","11":"instock","12":"shipping-taxable","13":"purchasable","14":"product-type-simple"},"_links":{"self":[{"href":"https:\/\/sezona.lv\/en\/wp-json\/wp\/v2\/product\/76226","targetHints":{"allow":["GET"]}}],"collection":[{"href":"https:\/\/sezona.lv\/en\/wp-json\/wp\/v2\/product"}],"about":[{"href":"https:\/\/sezona.lv\/en\/wp-json\/wp\/v2\/types\/product"}],"wp:attachment":[{"href":"https:\/\/sezona.lv\/en\/wp-json\/wp\/v2\/media?parent=76226"}],"wp:term":[{"taxonomy":"product_brand","embeddable":true,"href":"https:\/\/sezona.lv\/en\/wp-json\/wp\/v2\/product_brand?post=76226"},{"taxonomy":"product_cat","embeddable":true,"href":"https:\/\/sezona.lv\/en\/wp-json\/wp\/v2\/product_cat?post=76226"},{"taxonomy":"product_tag","embeddable":true,"href":"https:\/\/sezona.lv\/en\/wp-json\/wp\/v2\/product_tag?post=76226"}],"curies":[{"name":"wp","href":"https:\/\/api.w.org\/{rel}","templated":true}]}}