{"id":76227,"date":"2025-07-14T14:48:01","date_gmt":"2025-07-14T11:48:01","guid":{"rendered":"https:\/\/demo8.ecube.lv\/sezona.lv\/products\/marmot-motion-insulated-bikses\/"},"modified":"2025-07-14T14:48:01","modified_gmt":"2025-07-14T11:48:01","slug":"marmot-motion-insulated-bikses","status":"publish","type":"product","link":"https:\/\/sezona.lv\/en\/products\/marmot-motion-insulated-bikses\/","title":{"rendered":"Marmot Motion Insulated bikses"},"content":{"rendered":"<p>V\u012brie&scaron;u sl\u0113po&scaron;ans bikses ar siltin\u0101t\u0101ju.<\/p>\n<p><strong>Specifik\u0101cija:<\/strong><\/p>\n<p><strong>Pamatmateri\u0101ls:<\/strong>PreCip&reg; 100% Nylon 6.8 oz\/yd&nbsp;<br \/> <strong>Oder\u0113jums:&nbsp;<\/strong>100% Polyester Embossed WR 1.8 oz\/yd<br \/> <strong>Siltin\u0101t\u0101js:<\/strong>&nbsp;MarmaLoft<br \/> <strong>Svars:<\/strong>&nbsp;&nbsp; grami<br \/> <strong>Kr\u0101sa:<\/strong>&nbsp;melna<\/p>\n<p><strong>Raksturojums:<\/strong><\/p>\n<p>&nbsp;Piln\u012bb\u0101 \u016bdensdro&scaron;as un elpojo&scaron;as<\/p>\n<p>&nbsp;Visas v\u012bles ir p\u0101rl\u012bm\u0113tas<\/p>\n<p>&nbsp;Ie&scaron;\u016bta bahila &#8211; piem\u0113rota sl\u0113pjzabakiem<\/p>\n<p><strong>Izm\u0113rs: <\/strong>&nbsp;S, M, L, XL<\/p>\n<p>Veicot pas\u016bt\u012bjumu, l\u016bdzu nor\u0101diet nepiecie&scaron;amo izm\u0113ru.<\/p>\n<p>&nbsp;<\/p>\n<p>&nbsp;<\/p>\n","protected":false},"excerpt":{"rendered":"<p>V\u012brie&scaron;u sl\u0113po&scaron;ans bikses ar siltin\u0101t\u0101ju. Specifik\u0101cija: Pamatmateri\u0101ls:PreCip&reg; 100% Nylon 6.8 oz\/yd&nbsp; Oder\u0113jums:&nbsp;100% Polyester Embossed WR 1.8 oz\/yd Siltin\u0101t\u0101js:&nbsp;MarmaLoft Svars:&nbsp;&nbsp; grami Kr\u0101sa:&nbsp;melna Raksturojums: &nbsp;Piln\u012bb\u0101 \u016bdensdro&scaron;as un elpojo&scaron;as &nbsp;Visas v\u012bles ir p\u0101rl\u012bm\u0113tas &nbsp;Ie&scaron;\u016bta bahila &#8211; piem\u0113rota sl\u0113pjzabakiem Izm\u0113rs: &nbsp;S, M, L, XL Veicot pas\u016bt\u012bjumu, l\u016bdzu nor\u0101diet nepiecie&scaron;amo izm\u0113ru. &nbsp; &nbsp;<\/p>\n","protected":false},"featured_media":0,"template":"","meta":[],"product_brand":[908],"product_cat":[4619,4640,4712],"product_tag":[],"class_list":{"0":"post-76227","1":"product","2":"type-product","3":"status-publish","5":"product_brand-marmot","6":"product_cat-winter-clothes-recreation","7":"product_cat-recreation","8":"product_cat-membrane-pants-winter-clothes-recreation","10":"first","11":"instock","12":"shipping-taxable","13":"purchasable","14":"product-type-simple"},"_links":{"self":[{"href":"https:\/\/sezona.lv\/en\/wp-json\/wp\/v2\/product\/76227","targetHints":{"allow":["GET"]}}],"collection":[{"href":"https:\/\/sezona.lv\/en\/wp-json\/wp\/v2\/product"}],"about":[{"href":"https:\/\/sezona.lv\/en\/wp-json\/wp\/v2\/types\/product"}],"wp:attachment":[{"href":"https:\/\/sezona.lv\/en\/wp-json\/wp\/v2\/media?parent=76227"}],"wp:term":[{"taxonomy":"product_brand","embeddable":true,"href":"https:\/\/sezona.lv\/en\/wp-json\/wp\/v2\/product_brand?post=76227"},{"taxonomy":"product_cat","embeddable":true,"href":"https:\/\/sezona.lv\/en\/wp-json\/wp\/v2\/product_cat?post=76227"},{"taxonomy":"product_tag","embeddable":true,"href":"https:\/\/sezona.lv\/en\/wp-json\/wp\/v2\/product_tag?post=76227"}],"curies":[{"name":"wp","href":"https:\/\/api.w.org\/{rel}","templated":true}]}}