{"id":76228,"date":"2025-07-14T14:48:01","date_gmt":"2025-07-14T11:48:01","guid":{"rendered":"https:\/\/demo8.ecube.lv\/sezona.lv\/products\/marmot-chamonix-insulated-sieviesu-bikses\/"},"modified":"2025-07-14T14:48:01","modified_gmt":"2025-07-14T11:48:01","slug":"marmot-chamonix-insulated-sieviesu-bikses","status":"publish","type":"product","link":"https:\/\/sezona.lv\/en\/products\/marmot-chamonix-insulated-sieviesu-bikses\/","title":{"rendered":"Marmot Chamonix Insulated sievie\u0161u bikses"},"content":{"rendered":"<p><span style=\"font-weight: bold\">Specifik\u0101cija:<\/span><\/p>\n<p><strong>Pamatmateri\u0101ls:<\/strong>&nbsp;MemBrain&reg; 2L 100% Nylon Twill 4.9 oz\/yd<br \/> <strong>Oder\u0113jums:&nbsp;<\/strong>Brushed Tricot TRC 100% Polyester<br \/> <strong>Pastiprn\u0101jumi:<\/strong>&nbsp;Cordura&reg; 100% Nylon 500D 6.5 oz\/yd<br \/> <strong>Siltin\u0101t\u0101js:<\/strong>&nbsp;Thermal R<br \/> <strong>Svars:<\/strong>&nbsp;629 grami<br \/> <strong>Kr\u0101sa:<\/strong>&nbsp;tum&scaron;i pel\u0113ka<\/p>\n<p><strong>Raksturojums:<\/strong><\/p>\n<p>&nbsp;Piln\u012bb\u0101 \u016bdensdro&scaron;as un elpojo&scaron;as<\/p>\n<p>&nbsp;Visas v\u012bles ir p\u0101rl\u012bm\u0113tas<\/p>\n<p>&nbsp;<strong>Cordura&reg;<\/strong>&nbsp;Pastiprin\u0101jumi pie pot\u012bt\u0113m<\/p>\n<p>&nbsp;Ie&scaron;\u016bta bahila &#8211; piem\u0113rota sl\u0113pjzabakiem<\/p>\n<p>&nbsp;Anatomisks sievie&scaron;u piegriezums<\/p>\n<p><strong>Izm\u0113rs: <\/strong>&nbsp;S, M, L<\/p>\n<p>Veicot pas\u016bt\u012bjumu, l\u016bdzu nor\u0101diet nepiecie&scaron;amo izm\u0113ru.<\/p>\n<p>&nbsp;<\/p>\n<p>&nbsp;<\/p>\n","protected":false},"excerpt":{"rendered":"<p>Specifik\u0101cija: Pamatmateri\u0101ls:&nbsp;MemBrain&reg; 2L 100% Nylon Twill 4.9 oz\/yd Oder\u0113jums:&nbsp;Brushed Tricot TRC 100% Polyester Pastiprn\u0101jumi:&nbsp;Cordura&reg; 100% Nylon 500D 6.5 oz\/yd Siltin\u0101t\u0101js:&nbsp;Thermal R Svars:&nbsp;629 grami Kr\u0101sa:&nbsp;tum&scaron;i pel\u0113ka Raksturojums: &nbsp;Piln\u012bb\u0101 \u016bdensdro&scaron;as un elpojo&scaron;as &nbsp;Visas v\u012bles ir p\u0101rl\u012bm\u0113tas &nbsp;Cordura&reg;&nbsp;Pastiprin\u0101jumi pie pot\u012bt\u0113m &nbsp;Ie&scaron;\u016bta bahila &#8211; piem\u0113rota sl\u0113pjzabakiem &nbsp;Anatomisks sievie&scaron;u piegriezums Izm\u0113rs: &nbsp;S, M, L Veicot pas\u016bt\u012bjumu, l\u016bdzu nor\u0101diet nepiecie&scaron;amo izm\u0113ru. [&hellip;]<\/p>\n","protected":false},"featured_media":0,"template":"","meta":[],"product_brand":[908],"product_cat":[4619,4640,4712],"product_tag":[],"class_list":{"0":"post-76228","1":"product","2":"type-product","3":"status-publish","5":"product_brand-marmot","6":"product_cat-winter-clothes-recreation","7":"product_cat-recreation","8":"product_cat-membrane-pants-winter-clothes-recreation","10":"first","11":"instock","12":"shipping-taxable","13":"purchasable","14":"product-type-simple"},"_links":{"self":[{"href":"https:\/\/sezona.lv\/en\/wp-json\/wp\/v2\/product\/76228","targetHints":{"allow":["GET"]}}],"collection":[{"href":"https:\/\/sezona.lv\/en\/wp-json\/wp\/v2\/product"}],"about":[{"href":"https:\/\/sezona.lv\/en\/wp-json\/wp\/v2\/types\/product"}],"wp:attachment":[{"href":"https:\/\/sezona.lv\/en\/wp-json\/wp\/v2\/media?parent=76228"}],"wp:term":[{"taxonomy":"product_brand","embeddable":true,"href":"https:\/\/sezona.lv\/en\/wp-json\/wp\/v2\/product_brand?post=76228"},{"taxonomy":"product_cat","embeddable":true,"href":"https:\/\/sezona.lv\/en\/wp-json\/wp\/v2\/product_cat?post=76228"},{"taxonomy":"product_tag","embeddable":true,"href":"https:\/\/sezona.lv\/en\/wp-json\/wp\/v2\/product_tag?post=76228"}],"curies":[{"name":"wp","href":"https:\/\/api.w.org\/{rel}","templated":true}]}}