{"id":76229,"date":"2025-07-14T14:48:03","date_gmt":"2025-07-14T11:48:03","guid":{"rendered":"https:\/\/demo8.ecube.lv\/sezona.lv\/products\/marmot-palisades-sieviesu-bikses\/"},"modified":"2025-07-14T14:48:03","modified_gmt":"2025-07-14T11:48:03","slug":"marmot-palisades-sieviesu-bikses","status":"publish","type":"product","link":"https:\/\/sezona.lv\/en\/products\/marmot-palisades-sieviesu-bikses\/","title":{"rendered":"Marmot Palisades sievie\u0161u bikses"},"content":{"rendered":"<p><span style=\"font-weight: bold\">Specifik\u0101cija:<\/span><\/p>\n<p><strong>Pamatmateri\u0101ls:&nbsp;<\/strong>GORE-TEX&reg; Performance 2L&nbsp;<br \/> <strong>Oder\u0113jums:&nbsp;<\/strong>100% Polyester Embossed WR 1.3 oz\/yd&nbsp;<br \/> <strong>Pastiprin\u0101jumi:&nbsp;<\/strong>Cordura&reg;&nbsp;<br \/> <strong>\u016adens iztur\u012bba:&nbsp;<\/strong>40+ PSI (~20 000 mm)<br \/> <strong>Elpojo&scaron;\u0101s \u012bpa&scaron;ibas:<\/strong>&nbsp;~25 000 g\/ m2\/ 24h<br \/> <strong>Svars:&nbsp;<\/strong>530 grami<br \/> <strong>Kr\u0101sa:&nbsp;<\/strong>melna<\/p>\n<p><strong>Raksturojums:<\/strong><\/p>\n<p>&nbsp;Piln\u012bb\u0101 \u016bdensdro&scaron;as un elpojo&scaron;as<\/p>\n<p>&nbsp;Visas v\u012bles ir p\u0101rl\u012bm\u0113tas<\/p>\n<p>&nbsp;<strong>Cordura&reg;<\/strong>&nbsp;Pastiprin\u0101jumi pie pot\u012bt\u0113m<\/p>\n<p>&nbsp;Ie&scaron;\u016bta bahila &#8211; piem\u0113rota sl\u0113pjzabakiem<\/p>\n<p>&nbsp;Anatomisks piegriezums<\/p>\n<p><strong>Izm\u0113rs: <\/strong>&nbsp;S<\/p>\n<p>Veicot pas\u016bt\u012bjumu, l\u016bdzu nor\u0101diet nepiecie&scaron;amo izm\u0113ru.<\/p>\n<p>&nbsp;<\/p>\n<p>&nbsp;<\/p>\n","protected":false},"excerpt":{"rendered":"<p>Specifik\u0101cija: Pamatmateri\u0101ls:&nbsp;GORE-TEX&reg; Performance 2L&nbsp; Oder\u0113jums:&nbsp;100% Polyester Embossed WR 1.3 oz\/yd&nbsp; Pastiprin\u0101jumi:&nbsp;Cordura&reg;&nbsp; \u016adens iztur\u012bba:&nbsp;40+ PSI (~20 000 mm) Elpojo&scaron;\u0101s \u012bpa&scaron;ibas:&nbsp;~25 000 g\/ m2\/ 24h Svars:&nbsp;530 grami Kr\u0101sa:&nbsp;melna Raksturojums: &nbsp;Piln\u012bb\u0101 \u016bdensdro&scaron;as un elpojo&scaron;as &nbsp;Visas v\u012bles ir p\u0101rl\u012bm\u0113tas &nbsp;Cordura&reg;&nbsp;Pastiprin\u0101jumi pie pot\u012bt\u0113m &nbsp;Ie&scaron;\u016bta bahila &#8211; piem\u0113rota sl\u0113pjzabakiem &nbsp;Anatomisks piegriezums Izm\u0113rs: &nbsp;S Veicot pas\u016bt\u012bjumu, l\u016bdzu nor\u0101diet nepiecie&scaron;amo izm\u0113ru. &nbsp; &nbsp;<\/p>\n","protected":false},"featured_media":0,"template":"","meta":[],"product_brand":[908],"product_cat":[4619,4640,4712],"product_tag":[],"class_list":{"0":"post-76229","1":"product","2":"type-product","3":"status-publish","5":"product_brand-marmot","6":"product_cat-winter-clothes-recreation","7":"product_cat-recreation","8":"product_cat-membrane-pants-winter-clothes-recreation","10":"first","11":"instock","12":"shipping-taxable","13":"purchasable","14":"product-type-simple"},"_links":{"self":[{"href":"https:\/\/sezona.lv\/en\/wp-json\/wp\/v2\/product\/76229","targetHints":{"allow":["GET"]}}],"collection":[{"href":"https:\/\/sezona.lv\/en\/wp-json\/wp\/v2\/product"}],"about":[{"href":"https:\/\/sezona.lv\/en\/wp-json\/wp\/v2\/types\/product"}],"wp:attachment":[{"href":"https:\/\/sezona.lv\/en\/wp-json\/wp\/v2\/media?parent=76229"}],"wp:term":[{"taxonomy":"product_brand","embeddable":true,"href":"https:\/\/sezona.lv\/en\/wp-json\/wp\/v2\/product_brand?post=76229"},{"taxonomy":"product_cat","embeddable":true,"href":"https:\/\/sezona.lv\/en\/wp-json\/wp\/v2\/product_cat?post=76229"},{"taxonomy":"product_tag","embeddable":true,"href":"https:\/\/sezona.lv\/en\/wp-json\/wp\/v2\/product_tag?post=76229"}],"curies":[{"name":"wp","href":"https:\/\/api.w.org\/{rel}","templated":true}]}}