{"id":76230,"date":"2025-07-14T14:48:05","date_gmt":"2025-07-14T11:48:05","guid":{"rendered":"https:\/\/demo8.ecube.lv\/sezona.lv\/products\/marmot-hangtime-dunu-jaka\/"},"modified":"2025-07-14T14:48:05","modified_gmt":"2025-07-14T11:48:05","slug":"marmot-hangtime-dunu-jaka","status":"publish","type":"product","link":"https:\/\/sezona.lv\/en\/products\/marmot-hangtime-dunu-jaka\/","title":{"rendered":"Marmot hangtime d\u016bnu jaka"},"content":{"rendered":"<p>Lielisks dizains un augst\u0101k\u0101s tehnolo\u0123ijas. Siltin\u0101juma materi\u0101ls &#8211; zosu d\u016bnas ar r\u0101d\u012bjlielumu Fill Power 650. Stil\u012bga ziema liel\u0101 pils\u0113t\u0101. Paredz\u0113ta ar\u012b sportisk\u0101m aktivit\u0101t\u0113m dab\u0101 un kalnu p\u0101rg\u0101jieniem.<\/p>\n<p><strong>Specifik\u0101cija:<\/strong><\/p>\n<p><strong>Pamatmateri\u0101ls:<\/strong>&nbsp;100% Nylon DWR Shiny Plain Weave<br \/> <strong>Oder\u0113jums:<\/strong><strong>&nbsp;<\/strong>100% Polyester Embossed WR<br \/> <strong>Siltin\u0101jums:<\/strong><strong>&nbsp;<\/strong>650FP zosu d\u016bnas<br \/> <strong>Svars:<\/strong>&nbsp;709 grami<br \/> <strong>Muguras garums:<\/strong>&nbsp;71 cm (M izm\u0113ram)<br \/> <strong>Kr\u0101sa:<\/strong>&nbsp;melna<\/p>\n<p><strong>Galven\u0101s \u012bpa&scaron;\u012bbas:<\/strong><\/p>\n<p><em>&nbsp;<\/em>Viegls, augsts d\u016bnu notur\u012bbas, sp\u012bd\u012bgs \u0101r\u0113jais materi\u0101ls&nbsp;<\/p>\n<p>&nbsp;Elast\u012bga savilc\u0113jaukla jakas apak&scaron;da\u013c\u0101 &#8211; nopietniem laika apst\u0101k\u013ciem<\/p>\n<p>&nbsp;Iek&scaron;kabata ar r\u0101v\u0113jsl\u0113dz\u0113ju &#8211; s\u012bku priek&scaron;metu uzglab\u0101&scaron;anai<\/p>\n<p>&nbsp;Man\u017eetu oder\u0113jums no Micro Fleece<\/p>\n<p><strong>Izm\u0113rs: <\/strong>&nbsp;S, M, L, XL<\/p>\n<p>Veicot pas\u016bt\u012bjumu, l\u016bdzu nor\u0101diet nepiecie&scaron;amo izm\u0113ru.<\/p>\n<p>&nbsp;<\/p>\n<p>&nbsp;<\/p>\n","protected":false},"excerpt":{"rendered":"<p>Lielisks dizains un augst\u0101k\u0101s tehnolo\u0123ijas. Siltin\u0101juma materi\u0101ls &#8211; zosu d\u016bnas ar r\u0101d\u012bjlielumu Fill Power 650. Stil\u012bga ziema liel\u0101 pils\u0113t\u0101. Paredz\u0113ta ar\u012b sportisk\u0101m aktivit\u0101t\u0113m dab\u0101 un kalnu p\u0101rg\u0101jieniem. Specifik\u0101cija: Pamatmateri\u0101ls:&nbsp;100% Nylon DWR Shiny Plain Weave Oder\u0113jums:&nbsp;100% Polyester Embossed WR Siltin\u0101jums:&nbsp;650FP zosu d\u016bnas Svars:&nbsp;709 grami Muguras garums:&nbsp;71 cm (M izm\u0113ram) Kr\u0101sa:&nbsp;melna Galven\u0101s \u012bpa&scaron;\u012bbas: &nbsp;Viegls, augsts d\u016bnu notur\u012bbas, [&hellip;]<\/p>\n","protected":false},"featured_media":0,"template":"","meta":[],"product_brand":[908],"product_cat":[4619,4640,4713],"product_tag":[],"class_list":{"0":"post-76230","1":"product","2":"type-product","3":"status-publish","5":"product_brand-marmot","6":"product_cat-winter-clothes-recreation","7":"product_cat-recreation","8":"product_cat-down-jackets-winter-clothes-recreation","10":"first","11":"instock","12":"shipping-taxable","13":"purchasable","14":"product-type-simple"},"_links":{"self":[{"href":"https:\/\/sezona.lv\/en\/wp-json\/wp\/v2\/product\/76230","targetHints":{"allow":["GET"]}}],"collection":[{"href":"https:\/\/sezona.lv\/en\/wp-json\/wp\/v2\/product"}],"about":[{"href":"https:\/\/sezona.lv\/en\/wp-json\/wp\/v2\/types\/product"}],"wp:attachment":[{"href":"https:\/\/sezona.lv\/en\/wp-json\/wp\/v2\/media?parent=76230"}],"wp:term":[{"taxonomy":"product_brand","embeddable":true,"href":"https:\/\/sezona.lv\/en\/wp-json\/wp\/v2\/product_brand?post=76230"},{"taxonomy":"product_cat","embeddable":true,"href":"https:\/\/sezona.lv\/en\/wp-json\/wp\/v2\/product_cat?post=76230"},{"taxonomy":"product_tag","embeddable":true,"href":"https:\/\/sezona.lv\/en\/wp-json\/wp\/v2\/product_tag?post=76230"}],"curies":[{"name":"wp","href":"https:\/\/api.w.org\/{rel}","templated":true}]}}