{"id":76231,"date":"2025-07-14T14:48:08","date_gmt":"2025-07-14T11:48:08","guid":{"rendered":"https:\/\/demo8.ecube.lv\/sezona.lv\/products\/marmot-shadow-dunu-jaka\/"},"modified":"2025-07-14T14:48:08","modified_gmt":"2025-07-14T11:48:08","slug":"marmot-shadow-dunu-jaka","status":"publish","type":"product","link":"https:\/\/sezona.lv\/en\/products\/marmot-shadow-dunu-jaka\/","title":{"rendered":"Marmot Shadow d\u016bnu jaka"},"content":{"rendered":"<p>Marmot d\u016bnu jaka Shadow b\u016bs ide\u0101ls sabiedrotais kalnos! &Scaron;\u012b jaka ir ide\u0101li piem\u0113rota gan kalnu sl\u0113po&scaron;anai, gan p\u0101rg\u0101jieniem. Jaka ir nosiltin\u0101ta ar 700 s\u0113rijas d\u016bn\u0101m, kas papildus ir apstr\u0101d\u0101tas ar Marmot Down Defender tehnolo\u0123iju un papildin\u0101ta ar Marmot MemBrain membr\u0101nu. &Scaron;\u012bs tehnolo\u0123ijas nodro&scaron;ina to, ka d\u016bnas nesamirkst, k\u0101 ar\u012b paildzina to ilgm\u016b\u017e\u012bbu.<\/p>\n<h4>SPECIFIK\u0100CIJA:<\/h4>\n<table border=\"0\" width=\"564\">\n<tbody>\n<tr>\n<td><strong>Materi\u0101ls:<\/strong><\/td>\n<td>MemBrain&reg; 2L 100% Nylon Dobby 3.0 oz\/yd | MemBrain&reg; 2L 100% Nylon Oxford Plain 5.5 oz\/yd<\/td>\n<\/tr>\n<tr>\n<td><strong>Pild\u012bjums:<\/strong><\/td>\n<td>700 fill power down<\/td>\n<\/tr>\n<tr>\n<td><strong>Svars:<\/strong><\/td>\n<td>1151g<\/td>\n<\/tr>\n<tr>\n<td><strong>Piegriezums:<\/strong><\/td>\n<td>Regular fit<\/td>\n<\/tr>\n<\/tbody>\n<\/table>\n<h4>RAKSTUROJUMS:<\/h4>\n<ul>\n<li><span class=\"tlid-translation translation\" lang=\"lv\" xml:lang=\"lv\">10k \/ 10k Marmot&reg; Membrain&reg; divsl\u0101\u0146u \u016bdensiztur\u012bgs \/ elpojo&scaron;s materi\u0101ls atgr\u016b\u017e \u016bdeni un samazina iek&scaron;\u0113jo kondens\u0101ciju<\/span><\/li>\n<li><span class=\"tlid-translation translation\" lang=\"lv\" xml:lang=\"lv\">700 fill power d\u016bnu pild\u012bjums<br \/><\/span><\/li>\n<li><span class=\"tlid-translation translation\" lang=\"lv\" xml:lang=\"lv\"><span class=\"tlid-translation translation\" lang=\"lv\" xml:lang=\"lv\"><span>PitZips<\/span><\/span>&nbsp;r\u0101v\u0113jsl\u0113dz\u0113ji padus\u0113s, papildus ventil\u0101cijai<br \/><\/span><\/li>\n<li><span class=\"tlid-translation translation\" lang=\"lv\" xml:lang=\"lv\">No\u0146emama, regul\u0113jama kapuce<\/span><\/li>\n<li><span class=\"tlid-translation translation\" lang=\"lv\" xml:lang=\"lv\">Pastiprin\u0101jumi plecos un piedurkn\u0113s<\/span><\/li>\n<li><span class=\"tlid-translation translation\" lang=\"lv\" xml:lang=\"lv\">Kabatas ar r\u0101v\u0113jsl\u0113dz\u0113ju<\/span><\/li>\n<li><span class=\"tlid-translation translation\" lang=\"lv\" xml:lang=\"lv\">\u016adens iztur\u012bgs r\u0101v\u0113jsl\u0113dz\u0113js uz kr\u016b&scaron;u kabatas<\/span><\/li>\n<li><span class=\"tlid-translation translation\" lang=\"lv\" xml:lang=\"lv\">10 000 mm (water column) \u016bdensiztur\u012bb un 10 000 g (MVTR) &#8211; elpojo&scaron;ana<\/span><\/li>\n<\/ul>\n<p>&nbsp;<\/p>\n","protected":false},"excerpt":{"rendered":"<p>Marmot d\u016bnu jaka Shadow b\u016bs ide\u0101ls sabiedrotais kalnos! &Scaron;\u012b jaka ir ide\u0101li piem\u0113rota gan kalnu sl\u0113po&scaron;anai, gan p\u0101rg\u0101jieniem. Jaka ir nosiltin\u0101ta ar 700 s\u0113rijas d\u016bn\u0101m, kas papildus ir apstr\u0101d\u0101tas ar Marmot Down Defender tehnolo\u0123iju un papildin\u0101ta ar Marmot MemBrain membr\u0101nu. &Scaron;\u012bs tehnolo\u0123ijas nodro&scaron;ina to, ka d\u016bnas nesamirkst, k\u0101 ar\u012b paildzina to ilgm\u016b\u017e\u012bbu. SPECIFIK\u0100CIJA: Materi\u0101ls: MemBrain&reg; [&hellip;]<\/p>\n","protected":false},"featured_media":0,"template":"","meta":[],"product_brand":[908],"product_cat":[4640,4713],"product_tag":[],"class_list":{"0":"post-76231","1":"product","2":"type-product","3":"status-publish","5":"product_brand-marmot","6":"product_cat-recreation","7":"product_cat-down-jackets-winter-clothes-recreation","9":"first","10":"instock","11":"shipping-taxable","12":"purchasable","13":"product-type-simple"},"_links":{"self":[{"href":"https:\/\/sezona.lv\/en\/wp-json\/wp\/v2\/product\/76231","targetHints":{"allow":["GET"]}}],"collection":[{"href":"https:\/\/sezona.lv\/en\/wp-json\/wp\/v2\/product"}],"about":[{"href":"https:\/\/sezona.lv\/en\/wp-json\/wp\/v2\/types\/product"}],"wp:attachment":[{"href":"https:\/\/sezona.lv\/en\/wp-json\/wp\/v2\/media?parent=76231"}],"wp:term":[{"taxonomy":"product_brand","embeddable":true,"href":"https:\/\/sezona.lv\/en\/wp-json\/wp\/v2\/product_brand?post=76231"},{"taxonomy":"product_cat","embeddable":true,"href":"https:\/\/sezona.lv\/en\/wp-json\/wp\/v2\/product_cat?post=76231"},{"taxonomy":"product_tag","embeddable":true,"href":"https:\/\/sezona.lv\/en\/wp-json\/wp\/v2\/product_tag?post=76231"}],"curies":[{"name":"wp","href":"https:\/\/api.w.org\/{rel}","templated":true}]}}