{"id":76234,"date":"2025-07-14T14:48:10","date_gmt":"2025-07-14T11:48:10","guid":{"rendered":"https:\/\/demo8.ecube.lv\/sezona.lv\/products\/marmot-variant-sieviesu-jaka\/"},"modified":"2025-07-14T14:48:10","modified_gmt":"2025-07-14T11:48:10","slug":"marmot-variant-sieviesu-jaka","status":"publish","type":"product","link":"https:\/\/sezona.lv\/en\/products\/marmot-variant-sieviesu-jaka\/","title":{"rendered":"Marmot Variant sievie\u0161u jaka"},"content":{"rendered":"<p>Viegla un silta sievie&scaron;u jaci\u0146a no&nbsp;<strong>Polartec&reg; Power Stretch&reg;<\/strong>&nbsp;auduma ar&nbsp;<strong>Marmot Thermal R Eco<\/strong>&nbsp;siltin\u0101t\u0101ju kr\u016b&scaron;u da\u013c\u0101. Jakai ir atl\u0113tisks piegriezums. T\u0101 ir ide\u0101li piem\u0113rot sl\u0113po&scaron;anai, p\u0101rg\u0101jieniem, trekingam. Bet to tikpat labi var valk\u0101t ar\u012b v\u0113s\u0101k\u0101s dien\u0101s ikdien\u0101.<\/p>\n<p><strong>Specifik\u0101cija:<\/strong><\/p>\n<p><strong>Kr\u016b&scaron;u da\u013cas materi\u0101ls:<\/strong>&nbsp;100% Nylon Ripstop DWR 0.8 oz\/yd<br \/> <strong>Materi\u0101ls:<\/strong>&nbsp;Polartec&reg;Power Stretch&reg; 88% Polyester, 12% Elastane 6.8 oz\/yd<br \/> <strong>Siltin\u0101t\u0101js:<\/strong>&nbsp;Thermal R Eco<br \/> <strong>Muguras garums:<\/strong>&nbsp;65cm (M izm\u0113ram)<br \/> <strong>Svars:<\/strong>&nbsp;295 grami<br \/> <strong>Kr\u0101sa:<\/strong><strong>&nbsp;<\/strong>lill\u0101, gai&scaron;i zila<\/p>\n<p><strong>Raksturojums:<\/strong><\/p>\n<p>&nbsp;Viegla un silta<\/p>\n<p>&nbsp;Siltin\u0101ta kr\u016b&scaron;u da\u013ca un apkakle&nbsp;<\/p>\n<p>&nbsp;\u012ak&scaron;\u0137u caurumi<\/p>\n<p>&nbsp;Sievie&scaron;u piegriezums<\/p>\n<p>&nbsp;Atsarojo&scaron;i logotipi<\/p>\n<p><strong>Izm\u0113rs: <\/strong>&nbsp;S, M, L, XL<\/p>\n<p>Veicot pas\u016bt\u012bjumu, l\u016bdzu nor\u0101diet nepiecie&scaron;amo izm\u0113ru.<\/p>\n<p>&nbsp;<\/p>\n<p>&nbsp;<\/p>\n","protected":false},"excerpt":{"rendered":"<p>Viegla un silta sievie&scaron;u jaci\u0146a no&nbsp;Polartec&reg; Power Stretch&reg;&nbsp;auduma ar&nbsp;Marmot Thermal R Eco&nbsp;siltin\u0101t\u0101ju kr\u016b&scaron;u da\u013c\u0101. Jakai ir atl\u0113tisks piegriezums. T\u0101 ir ide\u0101li piem\u0113rot sl\u0113po&scaron;anai, p\u0101rg\u0101jieniem, trekingam. Bet to tikpat labi var valk\u0101t ar\u012b v\u0113s\u0101k\u0101s dien\u0101s ikdien\u0101. Specifik\u0101cija: Kr\u016b&scaron;u da\u013cas materi\u0101ls:&nbsp;100% Nylon Ripstop DWR 0.8 oz\/yd Materi\u0101ls:&nbsp;Polartec&reg;Power Stretch&reg; 88% Polyester, 12% Elastane 6.8 oz\/yd Siltin\u0101t\u0101js:&nbsp;Thermal R Eco [&hellip;]<\/p>\n","protected":false},"featured_media":0,"template":"","meta":[],"product_brand":[908],"product_cat":[4619,4640,4715],"product_tag":[],"class_list":{"0":"post-76234","1":"product","2":"type-product","3":"status-publish","5":"product_brand-marmot","6":"product_cat-winter-clothes-recreation","7":"product_cat-recreation","8":"product_cat-synthetic-jackets-winter-clothes-recreation","10":"first","11":"instock","12":"shipping-taxable","13":"purchasable","14":"product-type-simple"},"_links":{"self":[{"href":"https:\/\/sezona.lv\/en\/wp-json\/wp\/v2\/product\/76234","targetHints":{"allow":["GET"]}}],"collection":[{"href":"https:\/\/sezona.lv\/en\/wp-json\/wp\/v2\/product"}],"about":[{"href":"https:\/\/sezona.lv\/en\/wp-json\/wp\/v2\/types\/product"}],"wp:attachment":[{"href":"https:\/\/sezona.lv\/en\/wp-json\/wp\/v2\/media?parent=76234"}],"wp:term":[{"taxonomy":"product_brand","embeddable":true,"href":"https:\/\/sezona.lv\/en\/wp-json\/wp\/v2\/product_brand?post=76234"},{"taxonomy":"product_cat","embeddable":true,"href":"https:\/\/sezona.lv\/en\/wp-json\/wp\/v2\/product_cat?post=76234"},{"taxonomy":"product_tag","embeddable":true,"href":"https:\/\/sezona.lv\/en\/wp-json\/wp\/v2\/product_tag?post=76234"}],"curies":[{"name":"wp","href":"https:\/\/api.w.org\/{rel}","templated":true}]}}