{"id":76235,"date":"2025-07-14T14:48:11","date_gmt":"2025-07-14T11:48:11","guid":{"rendered":"https:\/\/demo8.ecube.lv\/sezona.lv\/products\/marmot-baffin-jaka\/"},"modified":"2025-07-14T14:48:11","modified_gmt":"2025-07-14T11:48:11","slug":"marmot-baffin-jaka","status":"publish","type":"product","link":"https:\/\/sezona.lv\/en\/products\/marmot-baffin-jaka\/","title":{"rendered":"Marmot Baffin jaka"},"content":{"rendered":"<p>Ultra viegla un silta jaci\u0146a ar<strong>&nbsp;<\/strong><strong>Marmot Thermal R Eco<\/strong>&nbsp;siltin\u0101t\u0101ju. Jakai ir atl\u0113tisks piegriezums. T\u0101 ir ide\u0101li piem\u0113rot alp\u012bnismam sl\u0113po&scaron;anai, p\u0101rg\u0101jieniem, trekingam. Bet to tikpat labi var valk\u0101t ar\u012b v\u0113s\u0101k\u0101s dien\u0101s ikdien\u0101.<\/p>\n<p><strong>Specifik\u0101cija:<\/strong><\/p>\n<p><strong>Materi\u0101ls:<\/strong>&nbsp;100% Nylon Ripstop DWR 0.8 oz\/yd<br \/> <strong>Pastiprin\u0101jumi:<\/strong>&nbsp;100% Nylon Ripstop 1.3 oz\/yd<br \/> <strong>Siltin\u0101t\u0101js:<\/strong>&nbsp;Thermal R Eco<br \/> <strong>Muguras garums:<\/strong>&nbsp;73,5cm (M izm\u0113ram)<br \/> <strong>Svars:<\/strong>&nbsp;439 grami<br \/> <strong>Kr\u0101sa:&nbsp;<\/strong>zila<\/p>\n<p><strong>Raksturojums:<\/strong><\/p>\n<p>&nbsp;Ultra viegla un silta<\/p>\n<p>&nbsp;Sapakojam sav\u0101 kabat\u0101<\/p>\n<p>&nbsp;<strong>Angel-Wing Movement<sup>TM<\/sup><\/strong>&nbsp;erganomisks piegriezums<\/p>\n<p><strong>Izm\u0113rs: <\/strong>&nbsp;XL<\/p>\n<p>Veicot pas\u016bt\u012bjumu, l\u016bdzu nor\u0101diet nepiecie&scaron;amo izm\u0113ru.<\/p>\n<p>&nbsp;<\/p>\n<p>&nbsp;<\/p>\n","protected":false},"excerpt":{"rendered":"<p>Ultra viegla un silta jaci\u0146a ar&nbsp;Marmot Thermal R Eco&nbsp;siltin\u0101t\u0101ju. Jakai ir atl\u0113tisks piegriezums. T\u0101 ir ide\u0101li piem\u0113rot alp\u012bnismam sl\u0113po&scaron;anai, p\u0101rg\u0101jieniem, trekingam. Bet to tikpat labi var valk\u0101t ar\u012b v\u0113s\u0101k\u0101s dien\u0101s ikdien\u0101. Specifik\u0101cija: Materi\u0101ls:&nbsp;100% Nylon Ripstop DWR 0.8 oz\/yd Pastiprin\u0101jumi:&nbsp;100% Nylon Ripstop 1.3 oz\/yd Siltin\u0101t\u0101js:&nbsp;Thermal R Eco Muguras garums:&nbsp;73,5cm (M izm\u0113ram) Svars:&nbsp;439 grami Kr\u0101sa:&nbsp;zila Raksturojums: &nbsp;Ultra [&hellip;]<\/p>\n","protected":false},"featured_media":0,"template":"","meta":[],"product_brand":[908],"product_cat":[4619,4640,4715],"product_tag":[],"class_list":{"0":"post-76235","1":"product","2":"type-product","3":"status-publish","5":"product_brand-marmot","6":"product_cat-winter-clothes-recreation","7":"product_cat-recreation","8":"product_cat-synthetic-jackets-winter-clothes-recreation","10":"first","11":"instock","12":"shipping-taxable","13":"purchasable","14":"product-type-simple"},"_links":{"self":[{"href":"https:\/\/sezona.lv\/en\/wp-json\/wp\/v2\/product\/76235","targetHints":{"allow":["GET"]}}],"collection":[{"href":"https:\/\/sezona.lv\/en\/wp-json\/wp\/v2\/product"}],"about":[{"href":"https:\/\/sezona.lv\/en\/wp-json\/wp\/v2\/types\/product"}],"wp:attachment":[{"href":"https:\/\/sezona.lv\/en\/wp-json\/wp\/v2\/media?parent=76235"}],"wp:term":[{"taxonomy":"product_brand","embeddable":true,"href":"https:\/\/sezona.lv\/en\/wp-json\/wp\/v2\/product_brand?post=76235"},{"taxonomy":"product_cat","embeddable":true,"href":"https:\/\/sezona.lv\/en\/wp-json\/wp\/v2\/product_cat?post=76235"},{"taxonomy":"product_tag","embeddable":true,"href":"https:\/\/sezona.lv\/en\/wp-json\/wp\/v2\/product_tag?post=76235"}],"curies":[{"name":"wp","href":"https:\/\/api.w.org\/{rel}","templated":true}]}}