{"id":76240,"date":"2025-07-14T14:48:15","date_gmt":"2025-07-14T11:48:15","guid":{"rendered":"https:\/\/demo8.ecube.lv\/sezona.lv\/products\/marmot-tempo-jaka\/"},"modified":"2025-07-14T14:48:15","modified_gmt":"2025-07-14T11:48:15","slug":"marmot-tempo-jaka","status":"publish","type":"product","link":"https:\/\/sezona.lv\/en\/products\/marmot-tempo-jaka\/","title":{"rendered":"Marmot Tempo jaka"},"content":{"rendered":"<p>V\u012brie&scaron;u softshell jaka. Perfekts sl\u0101nis ruden\u012b un pavasar\u012b, kad komforts ir priorit\u0101te. Viegla un elast\u012bga jaci\u0146a ir tie&scaron;i tas ko vajag. \u016adens atgr\u016bdo&scaron;s un elpojo&scaron;s materi\u0101ls tikai papildina jakas komfortu. Jaka ir ide\u0101li piem\u0113rota klin&scaron;u k\u0101p&scaron;anai, velobrauk&scaron;anai k\u0101 ar\u012b p\u0101rg\u0101jieniem un ikdienai.<\/p>\n<p><strong>Specifik\u0101cija:<\/strong><\/p>\n<p><strong>Materi\u0101ls:<\/strong><strong>&nbsp;<\/strong>Softshell Double Weave 90% Polyester 10% Elastane Stretch 7.3 oz\/yd<br \/> <strong>Muguras garums:<\/strong>&nbsp;71cm (M izm\u0113ram)<br \/> <strong>Svars:<\/strong>&nbsp;456 grami<br \/> <strong>Kr\u0101sa:<\/strong>&nbsp;melna, pel\u0113ka, za\u013ca, sarkana<\/p>\n<p><strong>Galven\u0101s \u012bpa&scaron;\u012bbas:<\/strong><\/p>\n<p>&nbsp;\u016adens atgr\u016bdo&scaron;s un elpojo&scaron;s materi\u0101ls<\/p>\n<p>&nbsp;Atstarojo&scaron;i logotipi<\/p>\n<p>&nbsp;<strong>Angel-Wing Movement<sup>TM<\/sup><\/strong><strong>&nbsp;<\/strong>piegriezums \u013caus br\u012bvi kust\u0113ties<\/p>\n<p><strong>Izm\u0113rs: <\/strong>&nbsp;S, M, L, XL, XXL<\/p>\n<p>Veicot pas\u016bt\u012bjumu, l\u016bdzu nor\u0101diet nepiecie&scaron;amo izm\u0113ru.<\/p>\n<p>&nbsp;<\/p>\n<p>&nbsp;<\/p>\n","protected":false},"excerpt":{"rendered":"<p>V\u012brie&scaron;u softshell jaka. Perfekts sl\u0101nis ruden\u012b un pavasar\u012b, kad komforts ir priorit\u0101te. Viegla un elast\u012bga jaci\u0146a ir tie&scaron;i tas ko vajag. \u016adens atgr\u016bdo&scaron;s un elpojo&scaron;s materi\u0101ls tikai papildina jakas komfortu. Jaka ir ide\u0101li piem\u0113rota klin&scaron;u k\u0101p&scaron;anai, velobrauk&scaron;anai k\u0101 ar\u012b p\u0101rg\u0101jieniem un ikdienai. Specifik\u0101cija: Materi\u0101ls:&nbsp;Softshell Double Weave 90% Polyester 10% Elastane Stretch 7.3 oz\/yd Muguras garums:&nbsp;71cm [&hellip;]<\/p>\n","protected":false},"featured_media":0,"template":"","meta":[],"product_brand":[908],"product_cat":[4619,4640,4716],"product_tag":[],"class_list":{"0":"post-76240","1":"product","2":"type-product","3":"status-publish","5":"product_brand-marmot","6":"product_cat-winter-clothes-recreation","7":"product_cat-recreation","8":"product_cat-softshell-jackets-winter-clothes-recreation","10":"first","11":"instock","12":"shipping-taxable","13":"purchasable","14":"product-type-simple"},"_links":{"self":[{"href":"https:\/\/sezona.lv\/en\/wp-json\/wp\/v2\/product\/76240","targetHints":{"allow":["GET"]}}],"collection":[{"href":"https:\/\/sezona.lv\/en\/wp-json\/wp\/v2\/product"}],"about":[{"href":"https:\/\/sezona.lv\/en\/wp-json\/wp\/v2\/types\/product"}],"wp:attachment":[{"href":"https:\/\/sezona.lv\/en\/wp-json\/wp\/v2\/media?parent=76240"}],"wp:term":[{"taxonomy":"product_brand","embeddable":true,"href":"https:\/\/sezona.lv\/en\/wp-json\/wp\/v2\/product_brand?post=76240"},{"taxonomy":"product_cat","embeddable":true,"href":"https:\/\/sezona.lv\/en\/wp-json\/wp\/v2\/product_cat?post=76240"},{"taxonomy":"product_tag","embeddable":true,"href":"https:\/\/sezona.lv\/en\/wp-json\/wp\/v2\/product_tag?post=76240"}],"curies":[{"name":"wp","href":"https:\/\/api.w.org\/{rel}","templated":true}]}}