{"id":76241,"date":"2025-07-14T14:48:16","date_gmt":"2025-07-14T11:48:16","guid":{"rendered":"https:\/\/demo8.ecube.lv\/sezona.lv\/products\/marmot-levity-sieviesu-jaka\/"},"modified":"2025-07-14T14:48:16","modified_gmt":"2025-07-14T11:48:16","slug":"marmot-levity-sieviesu-jaka","status":"publish","type":"product","link":"https:\/\/sezona.lv\/en\/products\/marmot-levity-sieviesu-jaka\/","title":{"rendered":"Marmot Levity sievie\u0161u jaka"},"content":{"rendered":"<p>Iztur\u012bga,&nbsp;multifunkcion\u0101la&nbsp;<strong>MARMOT M3 s\u0113rijas<\/strong>, sievie&scaron;u piegriezuma jaka no Softshell auduma. M3 s\u0113rijas audumi ir \u016bdens atgr\u016b\u017eo&scaron;i, elast\u012bgi visos 4 virzienos,&nbsp;elpojo&scaron;i un&nbsp;v\u0113jnotur\u012bgi,&nbsp;ar augstu nodilumiztur\u012bbas pak\u0101pi. Izmantojama k\u0101 virsjaka. Ide\u0101la lieto&scaron;anai pastaig\u0101m, p\u0101rg\u0101jieniem, alp\u012bnismam, ziemas sporta veidiem, pils\u0113tas apst\u0101k\u013ciem.&nbsp;Sniedz maksim\u0101lu komfortu jebkura veida aktivit\u0101t\u0113s, sare\u017e\u0123\u012btos laika apst\u0101k\u013cos.<\/p>\n<p><strong>Specifik\u0101cija:<\/strong><\/p>\n<p><strong>Materi\u0101ls:<\/strong><strong>&nbsp;<\/strong>Softshell Double Weave 88% Polyester<strong>,<\/strong><strong>&nbsp;<\/strong>12% Elastane Stretch 6.6 oz\/yd<br \/> <strong>Muguras garums:<\/strong>&nbsp;63 cm (M izm\u0113ram)<br \/> <strong>Svars:<\/strong><strong>&nbsp;<\/strong>442 garami<br \/> <strong>Kr\u0101sa:<\/strong>&nbsp;Za\u013ca, sarkana, melna<\/p>\n<p><strong>Raksturojums:<\/strong><\/p>\n<p>&nbsp;Jakas elast\u012bgais un staip\u012bgais materi\u0101ls nodro&scaron;ina kust\u012bbu br\u012bv\u012bbu un komfortu<\/p>\n<p>&nbsp;Piedurk\u0146u man\u017eetes regul\u0113jamas ar&nbsp;<strong>Velcro&reg;<\/strong><\/p>\n<p>&nbsp;Elast\u012bga, regul\u0113jo&scaron;a aukla jakas apak&scaron;da\u013c\u0101, skarbiem laika apst\u0101k\u013ciem&nbsp;<\/p>\n<p>&nbsp;\u012apa&scaron;s sievie&scaron;u piegriezums<\/p>\n<p>&nbsp;S\u0101nu kabatas ar r\u0101v\u0113jsl\u0113dz\u0113jiem un no m\u012bksta auduma, roku sild\u012b&scaron;anai<\/p>\n<p>&nbsp;<strong>Marmot M3 Softshell<\/strong>&nbsp;materi\u0101ls &#8211; \u016bdens adgr\u016b\u017eo&scaron;s,&nbsp;elpojo&scaron;s, v\u0113ja necaurlaid\u012bgs, nodilumiztur\u012bgs un silts<\/p>\n<p><strong>Izm\u0113rs: <\/strong>&nbsp;S, M, L, XL<\/p>\n<p>Veicot pas\u016bt\u012bjumu, l\u016bdzu nor\u0101diet nepiecie&scaron;amo izm\u0113ru.<\/p>\n<p>&nbsp;<\/p>\n<p>&nbsp;<\/p>\n","protected":false},"excerpt":{"rendered":"<p>Iztur\u012bga,&nbsp;multifunkcion\u0101la&nbsp;MARMOT M3 s\u0113rijas, sievie&scaron;u piegriezuma jaka no Softshell auduma. M3 s\u0113rijas audumi ir \u016bdens atgr\u016b\u017eo&scaron;i, elast\u012bgi visos 4 virzienos,&nbsp;elpojo&scaron;i un&nbsp;v\u0113jnotur\u012bgi,&nbsp;ar augstu nodilumiztur\u012bbas pak\u0101pi. Izmantojama k\u0101 virsjaka. Ide\u0101la lieto&scaron;anai pastaig\u0101m, p\u0101rg\u0101jieniem, alp\u012bnismam, ziemas sporta veidiem, pils\u0113tas apst\u0101k\u013ciem.&nbsp;Sniedz maksim\u0101lu komfortu jebkura veida aktivit\u0101t\u0113s, sare\u017e\u0123\u012btos laika apst\u0101k\u013cos. Specifik\u0101cija: Materi\u0101ls:&nbsp;Softshell Double Weave 88% Polyester,&nbsp;12% Elastane Stretch 6.6 oz\/yd Muguras [&hellip;]<\/p>\n","protected":false},"featured_media":0,"template":"","meta":[],"product_brand":[908],"product_cat":[4619,4640,4716],"product_tag":[],"class_list":{"0":"post-76241","1":"product","2":"type-product","3":"status-publish","5":"product_brand-marmot","6":"product_cat-winter-clothes-recreation","7":"product_cat-recreation","8":"product_cat-softshell-jackets-winter-clothes-recreation","10":"first","11":"instock","12":"shipping-taxable","13":"purchasable","14":"product-type-simple"},"_links":{"self":[{"href":"https:\/\/sezona.lv\/en\/wp-json\/wp\/v2\/product\/76241","targetHints":{"allow":["GET"]}}],"collection":[{"href":"https:\/\/sezona.lv\/en\/wp-json\/wp\/v2\/product"}],"about":[{"href":"https:\/\/sezona.lv\/en\/wp-json\/wp\/v2\/types\/product"}],"wp:attachment":[{"href":"https:\/\/sezona.lv\/en\/wp-json\/wp\/v2\/media?parent=76241"}],"wp:term":[{"taxonomy":"product_brand","embeddable":true,"href":"https:\/\/sezona.lv\/en\/wp-json\/wp\/v2\/product_brand?post=76241"},{"taxonomy":"product_cat","embeddable":true,"href":"https:\/\/sezona.lv\/en\/wp-json\/wp\/v2\/product_cat?post=76241"},{"taxonomy":"product_tag","embeddable":true,"href":"https:\/\/sezona.lv\/en\/wp-json\/wp\/v2\/product_tag?post=76241"}],"curies":[{"name":"wp","href":"https:\/\/api.w.org\/{rel}","templated":true}]}}