{"id":76242,"date":"2025-07-14T14:48:17","date_gmt":"2025-07-14T11:48:17","guid":{"rendered":"https:\/\/demo8.ecube.lv\/sezona.lv\/products\/marmot-leadville-jaka\/"},"modified":"2025-07-14T14:48:17","modified_gmt":"2025-07-14T11:48:17","slug":"marmot-leadville-jaka","status":"publish","type":"product","link":"https:\/\/sezona.lv\/en\/products\/marmot-leadville-jaka\/","title":{"rendered":"Marmot Leadville jaka"},"content":{"rendered":"<p>Izcila v\u012brie&scaron;u&nbsp;<strong>Windstopper&reg;<\/strong>&nbsp;jaka. Neaizst\u0101jams ap\u0123\u0113rba gabals ikviena dabas m\u012b\u013cot\u0101ja garderob\u0113. Izcila aizsardz\u012bba no v\u0113ja ar perfektu ventil\u0101ciju un \u016bdens atgr\u016bdo&scaron;\u0101m \u012bpa&scaron;\u012bb\u0101m. Jaka ir ide\u0101li piem\u0113rota p\u0101rg\u0101jieniem, sl\u0113po&scaron;anai, alpin\u012bsmam.<\/p>\n<p><strong>Specifik\u0101cija:<\/strong><\/p>\n<p><strong>Materi\u0101ls:<\/strong><strong>&nbsp;<\/strong>WINDSTOPPER&reg;Softshell 100% Polyester Stretch 5.4 oz\/yd<br \/> <strong>S\u0101nu materi\u0101ls:<\/strong><strong>&nbsp;<\/strong>Softshell Double Weave 90% Polyester 10% Elastane Stretch 7.3 oz\/yd<br \/> <strong>Muguras garums:<\/strong><strong>&nbsp;<\/strong>70,5cm (M izm\u0113ram)<br \/> <strong>Svars:<\/strong><strong>&nbsp;<\/strong>459 grami<br \/> <strong>Kr\u0101sa:<\/strong>&nbsp;sarkana, melna, tum&scaron;i za\u013ca<\/p>\n<p><strong>Galven\u0101s \u012bpa&scaron;\u012bbas:<\/strong><\/p>\n<p>&nbsp;<strong>WINDSTOPPER&reg;<\/strong>&nbsp;membr\u0101naudums pasarg\u0101s no v\u0113ja un neliela lietus<\/p>\n<p>&nbsp;Pateicoties&nbsp;<strong>Marmot M2 Softshell<\/strong><strong>&nbsp;<\/strong>auduma s\u0101nu da\u013c\u0101m jakai ir izcila ventil\u0101cija<\/p>\n<p>&nbsp;Augsta kr\u0101ga un \u0113rta kapuce<\/p>\n<p>&nbsp;Kr\u016b&scaron;u kabati\u0146a ar sl\u0113pto r\u0101v\u0113jsl\u0113dz\u0113ju<\/p>\n<p>&nbsp;Asimetriskas piedurknes ar&nbsp;<strong>Velcro&reg;<\/strong>&nbsp;savilc\u0113jiem<\/p>\n<p>&nbsp;Atstarojo&scaron;i logotipi<\/p>\n<p>&nbsp;<strong>Angel-Wing Movement<sup>TM<\/sup><\/strong>&nbsp;piegriezums nodro&scaron;in\u0101s maksim\u0101lu kust\u012bbas br\u012bv\u012bbu<\/p>\n<p><strong>Izm\u0113rs: <\/strong>&nbsp;M, L, XL, XXL<\/p>\n<p>Veicot pas\u016bt\u012bjumu, l\u016bdzu nor\u0101diet nepiecie&scaron;amo izm\u0113ru.<\/p>\n<p>&nbsp;<\/p>\n<p>&nbsp;<\/p>\n","protected":false},"excerpt":{"rendered":"<p>Izcila v\u012brie&scaron;u&nbsp;Windstopper&reg;&nbsp;jaka. Neaizst\u0101jams ap\u0123\u0113rba gabals ikviena dabas m\u012b\u013cot\u0101ja garderob\u0113. Izcila aizsardz\u012bba no v\u0113ja ar perfektu ventil\u0101ciju un \u016bdens atgr\u016bdo&scaron;\u0101m \u012bpa&scaron;\u012bb\u0101m. Jaka ir ide\u0101li piem\u0113rota p\u0101rg\u0101jieniem, sl\u0113po&scaron;anai, alpin\u012bsmam. Specifik\u0101cija: Materi\u0101ls:&nbsp;WINDSTOPPER&reg;Softshell 100% Polyester Stretch 5.4 oz\/yd S\u0101nu materi\u0101ls:&nbsp;Softshell Double Weave 90% Polyester 10% Elastane Stretch 7.3 oz\/yd Muguras garums:&nbsp;70,5cm (M izm\u0113ram) Svars:&nbsp;459 grami Kr\u0101sa:&nbsp;sarkana, melna, tum&scaron;i za\u013ca [&hellip;]<\/p>\n","protected":false},"featured_media":0,"template":"","meta":[],"product_brand":[908],"product_cat":[4619,4640,4716],"product_tag":[],"class_list":{"0":"post-76242","1":"product","2":"type-product","3":"status-publish","5":"product_brand-marmot","6":"product_cat-winter-clothes-recreation","7":"product_cat-recreation","8":"product_cat-softshell-jackets-winter-clothes-recreation","10":"first","11":"instock","12":"shipping-taxable","13":"purchasable","14":"product-type-simple"},"_links":{"self":[{"href":"https:\/\/sezona.lv\/en\/wp-json\/wp\/v2\/product\/76242","targetHints":{"allow":["GET"]}}],"collection":[{"href":"https:\/\/sezona.lv\/en\/wp-json\/wp\/v2\/product"}],"about":[{"href":"https:\/\/sezona.lv\/en\/wp-json\/wp\/v2\/types\/product"}],"wp:attachment":[{"href":"https:\/\/sezona.lv\/en\/wp-json\/wp\/v2\/media?parent=76242"}],"wp:term":[{"taxonomy":"product_brand","embeddable":true,"href":"https:\/\/sezona.lv\/en\/wp-json\/wp\/v2\/product_brand?post=76242"},{"taxonomy":"product_cat","embeddable":true,"href":"https:\/\/sezona.lv\/en\/wp-json\/wp\/v2\/product_cat?post=76242"},{"taxonomy":"product_tag","embeddable":true,"href":"https:\/\/sezona.lv\/en\/wp-json\/wp\/v2\/product_tag?post=76242"}],"curies":[{"name":"wp","href":"https:\/\/api.w.org\/{rel}","templated":true}]}}