{"id":76243,"date":"2025-07-14T14:48:18","date_gmt":"2025-07-14T11:48:18","guid":{"rendered":"https:\/\/demo8.ecube.lv\/sezona.lv\/products\/marmot-vapor-trail-jaka\/"},"modified":"2025-07-14T14:48:18","modified_gmt":"2025-07-14T11:48:18","slug":"marmot-vapor-trail-jaka","status":"publish","type":"product","link":"https:\/\/sezona.lv\/en\/products\/marmot-vapor-trail-jaka\/","title":{"rendered":"Marmot Vapor trail jaka"},"content":{"rendered":"<p>V\u0113ja notur\u012bga jaka ar kapuci. Pateicoties&nbsp;<strong>Marmot M2 Sofshell<\/strong>&nbsp;materi\u0101lam &scaron;is krekls pasarg\u0101s no aukst\u0101 un v\u0113jain\u0101 laika. Jakas kr\u016b&scaron;u da\u013ca, piedurknes un mugurpuses auk&scaron;da\u013ca ir no v\u0113ja necaurlaid\u012bga, bet elpojo&scaron;a materi\u0101la. Savuk\u0101rt, lab\u0101kai ventil\u0101cijai, muguras apak&scaron;da\u013ca un s\u0101ni ir izveidoti no piln\u012bb\u0101 gaisa caurlaid\u012bga materi\u0101la. Krekls ir piem\u0113rots velobrauk&scaron;anai, skrie&scaron;anai, dista\u0146\u010du sl\u0113po&scaron;anai un cit\u0101m aktivit\u0101t\u0113m.<\/p>\n<p><strong>Specifik\u0101cija:<\/strong><\/p>\n<p><strong>Pamatmateri\u0101ls:<\/strong>&nbsp;Softshell WPB 100% Polyester Stretch 4.4oz\/yd<br \/> <strong>Muguras materi\u0101ls:<\/strong>&nbsp;Softshell Bonded 100% Polyester Stretch 3.8 oz\/yd<br \/> <strong>Muguras garums:<\/strong>&nbsp;69,2cm (M izm\u0113ram)<br \/> <strong>Svars:<\/strong>&nbsp;411 grams<br \/> <strong>Kr\u0101sa:<\/strong><strong>&nbsp;<\/strong>zils, melns<\/p>\n<p><strong>Galven\u0101s \u012bpa&scaron;\u012bbas:<\/strong><\/p>\n<p>&nbsp;V\u0113ja notur\u012bgs, \u016bdeni atgr\u016bdo&scaron;s un elpojo&scaron;s materi\u0101ls<\/p>\n<p>&nbsp;Atstarojo&scaron;i logotipi<\/p>\n<p>&nbsp;Ergonomisks piegriezums<\/p>\n<p><strong>Izm\u0113rs: <\/strong>&nbsp;M, XL<\/p>\n<p>Veicot pas\u016bt\u012bjumu, l\u016bdzu nor\u0101diet nepiecie&scaron;amo izm\u0113ru.<\/p>\n<p>&nbsp;<\/p>\n<p>&nbsp;<\/p>\n","protected":false},"excerpt":{"rendered":"<p>V\u0113ja notur\u012bga jaka ar kapuci. Pateicoties&nbsp;Marmot M2 Sofshell&nbsp;materi\u0101lam &scaron;is krekls pasarg\u0101s no aukst\u0101 un v\u0113jain\u0101 laika. Jakas kr\u016b&scaron;u da\u013ca, piedurknes un mugurpuses auk&scaron;da\u013ca ir no v\u0113ja necaurlaid\u012bga, bet elpojo&scaron;a materi\u0101la. Savuk\u0101rt, lab\u0101kai ventil\u0101cijai, muguras apak&scaron;da\u013ca un s\u0101ni ir izveidoti no piln\u012bb\u0101 gaisa caurlaid\u012bga materi\u0101la. Krekls ir piem\u0113rots velobrauk&scaron;anai, skrie&scaron;anai, dista\u0146\u010du sl\u0113po&scaron;anai un cit\u0101m aktivit\u0101t\u0113m. Specifik\u0101cija: [&hellip;]<\/p>\n","protected":false},"featured_media":0,"template":"","meta":[],"product_brand":[908],"product_cat":[4619,4640,4716],"product_tag":[],"class_list":{"0":"post-76243","1":"product","2":"type-product","3":"status-publish","5":"product_brand-marmot","6":"product_cat-winter-clothes-recreation","7":"product_cat-recreation","8":"product_cat-softshell-jackets-winter-clothes-recreation","10":"first","11":"instock","12":"shipping-taxable","13":"purchasable","14":"product-type-simple"},"_links":{"self":[{"href":"https:\/\/sezona.lv\/en\/wp-json\/wp\/v2\/product\/76243","targetHints":{"allow":["GET"]}}],"collection":[{"href":"https:\/\/sezona.lv\/en\/wp-json\/wp\/v2\/product"}],"about":[{"href":"https:\/\/sezona.lv\/en\/wp-json\/wp\/v2\/types\/product"}],"wp:attachment":[{"href":"https:\/\/sezona.lv\/en\/wp-json\/wp\/v2\/media?parent=76243"}],"wp:term":[{"taxonomy":"product_brand","embeddable":true,"href":"https:\/\/sezona.lv\/en\/wp-json\/wp\/v2\/product_brand?post=76243"},{"taxonomy":"product_cat","embeddable":true,"href":"https:\/\/sezona.lv\/en\/wp-json\/wp\/v2\/product_cat?post=76243"},{"taxonomy":"product_tag","embeddable":true,"href":"https:\/\/sezona.lv\/en\/wp-json\/wp\/v2\/product_tag?post=76243"}],"curies":[{"name":"wp","href":"https:\/\/api.w.org\/{rel}","templated":true}]}}