{"id":76245,"date":"2025-07-14T14:48:20","date_gmt":"2025-07-14T11:48:20","guid":{"rendered":"https:\/\/demo8.ecube.lv\/sezona.lv\/products\/marmot-gravity-sieviesu-jaka\/"},"modified":"2025-07-14T14:48:20","modified_gmt":"2025-07-14T11:48:20","slug":"marmot-gravity-sieviesu-jaka","status":"publish","type":"product","link":"https:\/\/sezona.lv\/en\/products\/marmot-gravity-sieviesu-jaka\/","title":{"rendered":"Marmot Gravity sievie\u0161u jaka"},"content":{"rendered":"<p>\u013boti iztur\u012bga, multifunkcion\u0101la sievie&scaron;u jaka no&nbsp;<strong>Marmot M2 Softshell<\/strong>&nbsp;auduma. M2 s\u0113rijas audumi ir \u016bdens atgr\u016b\u017eo&scaron;i, elast\u012bgi visos 4 virzienos, \u013coti elpojo&scaron;i un maksimali v\u0113jnotur\u012bgi,&nbsp;silti un ar augstu nodilumiztur\u012bbas pak\u0101pi. Izmantojama&nbsp;k\u0101 virsjaka. Ide\u0101la lieto&scaron;anai&nbsp;pastaig\u0101m, p\u0101rg\u0101jieniem,&nbsp;alp\u012bnismam, ziemas sporta veidiem, pils\u0113tas apst\u0101k\u013ciem. Jaka ieguvusi&nbsp;<strong>National Geographic Adventure Magazine&nbsp;balvu<\/strong>, k\u0101 2007 gada lab\u0101k\u0101 softshell jaka piedz\u012bvojumiem sav\u0101 cenu kategorij\u0101.&nbsp;Laba cenas un kvalit\u0101tes attiec\u012bba.<\/p>\n<p><strong>Specifik\u0101cija:<\/strong><\/p>\n<p><strong>Materi\u0101ls:<\/strong>&nbsp;Softshell WPB 88% Nylon, 12% Elastane 9.1 oz\/yd<br \/> <strong>Muguras garums:<\/strong>&nbsp;65cm (M izm\u0113ram)<br \/> <strong>Svars:&nbsp;<\/strong>618 grami<br \/> <strong>Kr\u0101sa:&nbsp;<\/strong>sarkanbr\u016bna<\/p>\n<p><strong>Galven\u0101s \u012bpa&scaron;\u012bbas:<\/strong><\/p>\n<p>&nbsp;Jakas elast\u012bgais un staip\u012bgais materi\u0101ls nodro&scaron;ina kust\u012bbu br\u012bv\u012bbu un komfortu<br \/> &nbsp;Piedurk\u0146u man\u017eetes regul\u0113jamas ar&nbsp;<strong>Velcro&reg;<\/strong><br \/> &nbsp;<strong>DriClime&reg;<\/strong>&nbsp;pl\u016bksnaina, \u0101tri \u017e\u016bsto&scaron;a&nbsp;materi\u0101la odere apkakales da\u013c\u0101&nbsp;nodro&scaron;ina komfortu kaklam un&nbsp;sejai&nbsp;<br \/> &nbsp;Elast\u012bga, regul\u0113jo&scaron;a aukla jakas apak&scaron;da\u013c\u0101, skarbiem laika apst\u0101k\u013ciem&nbsp;<br \/> &nbsp;Iek&scaron;kabata ar r\u0101v\u0113jsl\u0113dz\u0113ju, s\u012bkiem priek&scaron;metiem un aksesu\u0101riem<br \/> &nbsp;L\u0101zerapstr\u0101d\u0101ta, \u016bdensdro&scaron;a kabata uz kreis\u0101s rokas&nbsp;<br \/> &nbsp;S\u0101nu kabatas ar r\u0101v\u0113jsl\u0113dz\u0113jiem un no m\u012bksta auduma, roku sild\u012b&scaron;anai<br \/> &nbsp;<strong>Marmot M2 Softshell<\/strong>&nbsp;materi\u0101ls &#8211; \u016bdens adgr\u016b\u017eo&scaron;s, \u013coti elpojo&scaron;s, v\u0113ja necaurlaid\u012bgs, nodilumiztur\u012bgs un silts<br \/> &nbsp;Sievie&scaron;u piegriezums<\/p>\n<p><strong>Izm\u0113rs: <\/strong>&nbsp;L<\/p>\n<p>Veicot pas\u016bt\u012bjumu, l\u016bdzu nor\u0101diet nepiecie&scaron;amo izm\u0113ru.<\/p>\n<p>&nbsp;<\/p>\n<p>&nbsp;<\/p>\n","protected":false},"excerpt":{"rendered":"<p>\u013boti iztur\u012bga, multifunkcion\u0101la sievie&scaron;u jaka no&nbsp;Marmot M2 Softshell&nbsp;auduma. M2 s\u0113rijas audumi ir \u016bdens atgr\u016b\u017eo&scaron;i, elast\u012bgi visos 4 virzienos, \u013coti elpojo&scaron;i un maksimali v\u0113jnotur\u012bgi,&nbsp;silti un ar augstu nodilumiztur\u012bbas pak\u0101pi. Izmantojama&nbsp;k\u0101 virsjaka. Ide\u0101la lieto&scaron;anai&nbsp;pastaig\u0101m, p\u0101rg\u0101jieniem,&nbsp;alp\u012bnismam, ziemas sporta veidiem, pils\u0113tas apst\u0101k\u013ciem. Jaka ieguvusi&nbsp;National Geographic Adventure Magazine&nbsp;balvu, k\u0101 2007 gada lab\u0101k\u0101 softshell jaka piedz\u012bvojumiem sav\u0101 cenu kategorij\u0101.&nbsp;Laba cenas un [&hellip;]<\/p>\n","protected":false},"featured_media":0,"template":"","meta":[],"product_brand":[908],"product_cat":[4619,4640,4716],"product_tag":[],"class_list":{"0":"post-76245","1":"product","2":"type-product","3":"status-publish","5":"product_brand-marmot","6":"product_cat-winter-clothes-recreation","7":"product_cat-recreation","8":"product_cat-softshell-jackets-winter-clothes-recreation","10":"first","11":"instock","12":"shipping-taxable","13":"purchasable","14":"product-type-simple"},"_links":{"self":[{"href":"https:\/\/sezona.lv\/en\/wp-json\/wp\/v2\/product\/76245","targetHints":{"allow":["GET"]}}],"collection":[{"href":"https:\/\/sezona.lv\/en\/wp-json\/wp\/v2\/product"}],"about":[{"href":"https:\/\/sezona.lv\/en\/wp-json\/wp\/v2\/types\/product"}],"wp:attachment":[{"href":"https:\/\/sezona.lv\/en\/wp-json\/wp\/v2\/media?parent=76245"}],"wp:term":[{"taxonomy":"product_brand","embeddable":true,"href":"https:\/\/sezona.lv\/en\/wp-json\/wp\/v2\/product_brand?post=76245"},{"taxonomy":"product_cat","embeddable":true,"href":"https:\/\/sezona.lv\/en\/wp-json\/wp\/v2\/product_cat?post=76245"},{"taxonomy":"product_tag","embeddable":true,"href":"https:\/\/sezona.lv\/en\/wp-json\/wp\/v2\/product_tag?post=76245"}],"curies":[{"name":"wp","href":"https:\/\/api.w.org\/{rel}","templated":true}]}}