{"id":76246,"date":"2025-07-14T14:48:20","date_gmt":"2025-07-14T11:48:20","guid":{"rendered":"https:\/\/demo8.ecube.lv\/sezona.lv\/products\/marmot-super-gravity-jaka\/"},"modified":"2025-07-14T14:48:20","modified_gmt":"2025-07-14T11:48:20","slug":"marmot-super-gravity-jaka","status":"publish","type":"product","link":"https:\/\/sezona.lv\/en\/products\/marmot-super-gravity-jaka\/","title":{"rendered":"Marmot Super Gravity jaka"},"content":{"rendered":"<p>\u013boti iztur\u012bga, multifunkcion\u0101la p\u0101rg\u0101jienu jaka no&nbsp;<strong>Marmot M1 Softshell<\/strong>&nbsp;auduma. Izmantojama k\u0101 virsjaka. Ide\u0101la lieto&scaron;anai pastaig\u0101m, p\u0101rg\u0101jieniem, alp\u012bnismam, ziemas sporta veidiem, pils\u0113tas apst\u0101k\u013ciem.<\/p>\n<p><strong>Specifik\u0101cija:<\/strong><\/p>\n<p><strong>Materi\u0101ls:<\/strong>&nbsp;Softshell WPB 88% Nylon, 12% Elastane 9.1 oz\/yd<br \/> <strong>Muguras garums:<\/strong>&nbsp;70,5cm (M izm\u0113ram)<br \/> <strong>Svars:<\/strong><strong>&nbsp;<\/strong>816 grami<br \/> <strong>Kr\u0101sa:<\/strong><strong>&nbsp;<\/strong>s\u016bnu za\u013ca, melna<\/p>\n<p><strong>Galven\u0101s \u012bpa&scaron;\u012bbas:<\/strong><\/p>\n<p>&nbsp;V\u0113ja iztur\u012bga, \u016bdensdro&scaron;a, elpojo&scaron;a un nodilumiztur\u012bga<br \/> &nbsp;Piedurk\u0146u man\u017eetes regul\u0113jamas ar&nbsp;<strong>Velcro&reg;<\/strong><br \/> &nbsp;Elast\u012bga, regul\u0113jo&scaron;a aukla jakas apak&scaron;da\u013c\u0101, skarbiem laika apst\u0101k\u013ciem&nbsp;<br \/> &nbsp;Iek&scaron;kabata ar r\u0101v\u0113jsl\u0113dz\u0113ju, s\u012bkiem priek&scaron;metiem un aksesu\u0101riem<br \/> &nbsp;S\u0101nu kabatas ar r\u0101v\u0113jsl\u0113dz\u0113jiem un no m\u012bksta auduma, roku sild\u012b&scaron;anai<br \/> &nbsp;Angel-Wing Movement<sup>TM<\/sup> piegriezums nodro&scaron;in\u0101s kust\u012bbas br\u012bv\u012bbu<\/p>\n<p><strong>Izm\u0113rs: <\/strong>&nbsp;M, L, XL, XXL<\/p>\n<p>Veicot pas\u016bt\u012bjumu, l\u016bdzu nor\u0101diet nepiecie&scaron;amo izm\u0113ru.<\/p>\n<p>&nbsp;<\/p>\n<p>&nbsp;<\/p>\n","protected":false},"excerpt":{"rendered":"<p>\u013boti iztur\u012bga, multifunkcion\u0101la p\u0101rg\u0101jienu jaka no&nbsp;Marmot M1 Softshell&nbsp;auduma. Izmantojama k\u0101 virsjaka. Ide\u0101la lieto&scaron;anai pastaig\u0101m, p\u0101rg\u0101jieniem, alp\u012bnismam, ziemas sporta veidiem, pils\u0113tas apst\u0101k\u013ciem. Specifik\u0101cija: Materi\u0101ls:&nbsp;Softshell WPB 88% Nylon, 12% Elastane 9.1 oz\/yd Muguras garums:&nbsp;70,5cm (M izm\u0113ram) Svars:&nbsp;816 grami Kr\u0101sa:&nbsp;s\u016bnu za\u013ca, melna Galven\u0101s \u012bpa&scaron;\u012bbas: &nbsp;V\u0113ja iztur\u012bga, \u016bdensdro&scaron;a, elpojo&scaron;a un nodilumiztur\u012bga &nbsp;Piedurk\u0146u man\u017eetes regul\u0113jamas ar&nbsp;Velcro&reg; &nbsp;Elast\u012bga, regul\u0113jo&scaron;a aukla jakas [&hellip;]<\/p>\n","protected":false},"featured_media":0,"template":"","meta":[],"product_brand":[908],"product_cat":[4619,4640,4716],"product_tag":[],"class_list":{"0":"post-76246","1":"product","2":"type-product","3":"status-publish","5":"product_brand-marmot","6":"product_cat-winter-clothes-recreation","7":"product_cat-recreation","8":"product_cat-softshell-jackets-winter-clothes-recreation","10":"first","11":"instock","12":"shipping-taxable","13":"purchasable","14":"product-type-simple"},"_links":{"self":[{"href":"https:\/\/sezona.lv\/en\/wp-json\/wp\/v2\/product\/76246","targetHints":{"allow":["GET"]}}],"collection":[{"href":"https:\/\/sezona.lv\/en\/wp-json\/wp\/v2\/product"}],"about":[{"href":"https:\/\/sezona.lv\/en\/wp-json\/wp\/v2\/types\/product"}],"wp:attachment":[{"href":"https:\/\/sezona.lv\/en\/wp-json\/wp\/v2\/media?parent=76246"}],"wp:term":[{"taxonomy":"product_brand","embeddable":true,"href":"https:\/\/sezona.lv\/en\/wp-json\/wp\/v2\/product_brand?post=76246"},{"taxonomy":"product_cat","embeddable":true,"href":"https:\/\/sezona.lv\/en\/wp-json\/wp\/v2\/product_cat?post=76246"},{"taxonomy":"product_tag","embeddable":true,"href":"https:\/\/sezona.lv\/en\/wp-json\/wp\/v2\/product_tag?post=76246"}],"curies":[{"name":"wp","href":"https:\/\/api.w.org\/{rel}","templated":true}]}}